{"id":43780,"date":"2025-12-02T13:19:18","date_gmt":"2025-12-02T11:19:18","guid":{"rendered":"https:\/\/hookahshop.lt\/?post_type=product&#038;p=43780"},"modified":"2026-04-05T23:29:44","modified_gmt":"2026-04-05T20:29:44","slug":"elektronine-karscio-kamera-xkah-pro-graphite","status":"publish","type":"product","link":"https:\/\/hookahshop.lt\/et\/toode\/elektrooniline-termokaamera-xkah-pro-grafiit\/","title":{"rendered":"Elektrooniline termokaamera XKAH Pro Graphite"},"content":{"rendered":"<h2>Elektrooniline termokaamera XKAH Pro Graphite<\/h2>\n<p>See kasutab elektrilist k\u00fctteelementi (integreeritud spiraal), seega pole s\u00fctt ega tulemasinat enam vaja. Temperatuuri reguleeritakse ja juhitakse elektrooniliselt: seade v\u00f5imaldab teil soovitud kuumust seadistada ja hoida, tagades seel\u00e4bi \u00fchtlase kuumenemise ja parema maitse stabiilsuse.<\/p>\n<p><strong>Spetsifikatsioon:<\/strong><br \/>\nAku: 13 600 mAh<br \/>\nT\u00f6\u00f6aeg: kuni 2 tundi<br \/>\nM\u00f5\u00f5tmed: 24 \u00d7 24 \u00d7 14 cm<br \/>\nKaal: 2,5 kg<\/p>\n<p><strong>Varustus:<\/strong><br \/>\n1x XKAH Pro Graphite elektrooniline termokaamera<br \/>\n1x silikoonadapter<br \/>\n1x aku<br \/>\n2 tassi<br \/>\n1x reisikott<br \/>\n1x tangid<br \/>\n1x pintsetid<br \/>\n1x USB-C laadimiskaabel<br \/>\n1x puhastushari<\/p>\n<p><strong>Garantiiperiood:<\/strong><br \/>\n12 kuud.<\/p>\n<h3><b>XKAH Pro elektrooniline soojuskaamera \u2013 revolutsiooniline lahendus teie vesipiibusessioonideks<\/b><\/h3>\n<p class=\"p3\">Avasta oma vesipiibu uus tase elektroonilise soojenduskambriga <span class=\"s2\">XKAH Pro<\/span>\u00a0\u2013 kaasaegne elektriline k\u00fctteseade, mis on loodud iga hetke mugavaks, turvaliseks ja muretuks muutmiseks. See seade asendab traditsioonilist s\u00f6ek\u00fcttemeetodit ja v\u00f5imaldab teil nautida puhast ja intensiivset maitset ilma kuuma s\u00f6e l\u00f5hna, suitsu v\u00f5i tuhata.<\/p>\n<p><strong>Miks valida XKAH Pro:<\/strong><\/p>\n<ul>\n<li class=\"p1\"><span class=\"s1\"><b>Puhas ja ehe maitse:<\/b><\/span> T\u00e4pne temperatuuri reguleerimine aitab eraldada autentset tubaka aroomi ja v\u00e4ltida k\u00f5rvetust v\u00f5i ebameeldivat kibedat j\u00e4relmaitset.<\/li>\n<li class=\"p1\"><span class=\"s1\"><b>Palju suurem turvalisus:<\/b><\/span> T\u00e4nu elektrik\u00fcttele pole lahtist leeki, pole vaja muretseda s\u00f6e v\u00f5i kuumuse p\u00e4rast. Suurep\u00e4rane kasutamiseks kodus, korteris v\u00f5i isegi reisile kaasa v\u00f5tmiseks.<\/li>\n<li class=\"p1\"><span class=\"s1\"><b>Mugav ja kiire valmistamine:<\/b><\/span> Modulaarne disain v\u00f5imaldab teil vesipiibu valmistada vaid m\u00f5ne minutiga \u2013 pole vaja pikka ootamist, balloonide puhastamist ega keerulisi tarvikuid.<\/li>\n<li class=\"p1\"><span class=\"s1\"><b>Kompaktne ja mobiilne:<\/b><\/span> Kerge, juhtmevaba ja ideaalne siseruumidesse, \u00f5ues pidudele ja reisimiseks.<\/li>\n<\/ul>\n<p>XKAH Pro elektrooniline vesipiibusoojendaja \u00fchendab endas kvaliteedi ja praktilise disaini. See pole lihtsalt alternatiiv klassikalisele vesipiibule \u2013 see on uue p\u00f5lvkonna oma, kus suitsetamisest saab nauding, mitte t\u00fc\u00fctus.<\/p>\n<p><b>Ideaalne valik neile, kes:<\/b><\/p>\n<ul>\n<li class=\"p1\">Hindab puhast maitset ja soovib v\u00e4ltida s\u00f6e l\u00f5hna v\u00f5i suitsu;<\/li>\n<li class=\"p1\">Inimestele, kes elavad korteris, kus traditsiooniline vesipiip pole alati mugav;<\/li>\n<li class=\"p1\">Otsid mugavust, kiiret ettevalmistust ja lihtsat puhastamist;<\/li>\n<li class=\"p1\">Sa tahad trendikat, minimalistlikku disaini ja v\u00f5imalust oma vesipiipu endaga kaasas kanda.<\/li>\n<\/ul>\n<p><span class=\"s2\"><b>XKAH Pro elektrooniline soojenduskamber \u2013 teie vesipiibu evolutsioon.<\/b><\/span> Nautige maitset, mugavust ja meelerahu \u2013 ilma tuha, leegi v\u00f5i tolmuta. Tundke erinevust esimesest mahvist viimase suitsuni.<\/p>\n<p>Kas teil on k\u00fcsimusi? v\u00f5ta meiega \u00fchendust\u00a0<a href=\"https:\/\/hookahshop.lt\/et\/kontaktid\/\">kontaktide leht<\/a>\u00a0v\u00f5i saatke meile e-kiri aadressil\u00a0<a href=\"https:\/\/facebook.com\/HookahShop.lt\/\" target=\"_blank\" rel=\"noopener\">Facebooki konto<\/a>\u00a0ja vastame teie taotlusele samal p\u00e4eval.<\/p>","protected":false},"excerpt":{"rendered":"<p>Elektrooniline kuumutuskamber XKAH Pro Graphite Kasutab elektrilist k\u00fctteelementi (integreeritud spiraal), seega pole s\u00fctt ega tulemasinat enam vaja. Temperatuuri reguleeritakse ja juhitakse elektrooniliselt: seade v\u00f5imaldab teil soovitud kuumust seadistada ja hoida, tagades seel\u00e4bi \u00fchtlase kuumuse ja parema maitse stabiilsuse. Spetsifikatsioon: Aku: 13 600 mAh T\u00f6\u00f6aeg: kuni 2 tundi M\u00f5\u00f5tmed: 24 \u00d7 24 \u00d7 14 cm Kaal: 2,5 kg [\u2026]<\/p>","protected":false},"featured_media":43795,"comment_status":"open","ping_status":"closed","template":"","meta":[],"_links":{"self":[{"href":"https:\/\/hookahshop.lt\/et\/wp-json\/wp\/v2\/product\/43780"}],"collection":[{"href":"https:\/\/hookahshop.lt\/et\/wp-json\/wp\/v2\/product"}],"about":[{"href":"https:\/\/hookahshop.lt\/et\/wp-json\/wp\/v2\/types\/product"}],"replies":[{"embeddable":true,"href":"https:\/\/hookahshop.lt\/et\/wp-json\/wp\/v2\/comments?post=43780"}],"version-history":[{"count":16,"href":"https:\/\/hookahshop.lt\/et\/wp-json\/wp\/v2\/product\/43780\/revisions"}],"predecessor-version":[{"id":45286,"href":"https:\/\/hookahshop.lt\/et\/wp-json\/wp\/v2\/product\/43780\/revisions\/45286"}],"wp:featuredmedia":[{"embeddable":true,"href":"https:\/\/hookahshop.lt\/et\/wp-json\/wp\/v2\/media\/43795"}],"wp:attachment":[{"href":"https:\/\/hookahshop.lt\/et\/wp-json\/wp\/v2\/media?parent=43780"}],"curies":[{"name":"wp","href":"https:\/\/api.w.org\/{rel}","templated":true}]}}