{"id":43793,"date":"2025-12-02T13:28:51","date_gmt":"2025-12-02T11:28:51","guid":{"rendered":"https:\/\/hookahshop.lt\/?post_type=product&#038;p=43793"},"modified":"2026-04-05T23:29:44","modified_gmt":"2026-04-05T20:29:44","slug":"baterija-elektroninei-karscio-kamerai-xkah-pro","status":"publish","type":"product","link":"https:\/\/hookahshop.lt\/et\/toode\/aku-elektroonilise-termokaamera-xkah-pro-jaoks\/","title":{"rendered":"Aku elektroonilisele termokaamerale XKAH Pro"},"content":{"rendered":"<h2>Aku elektroonilisele termokaamerale XKAH Pro<\/h2>\n<p>See on lisaaku XKAH Pro elektroonilise termokaamera jaoks. S\u00f5ltuvalt kasutusintensiivsusest saab \u00fche laadimisega teha kaks t\u00e4islaadimissessiooni. Aku saab lihtsa kl\u00f5psmehhanismi abil h\u00f5lpsalt vahetada. Laadimine on kiire ja t\u00f5hus USB-C pistiku kaudu.<\/p>\n<p data-start=\"355\" data-end=\"380\"><strong>Spetsifikatsioon:<\/strong><\/p>\n<p>Mahutavus: 13600mAh<br \/>\nT\u00f6\u00f6aeg: umbes 2 tundi<br \/>\nLaadimisaeg: umbes 2 tundi<br \/>\nAku t\u00fc\u00fcp: liitiumioon<br \/>\nKaal: 0,3 kg<\/p>\n<p><strong>Garantiiperiood:<\/strong><br \/>\n12 kuud.<\/p>\n<p><strong>Kasutamiseks koos XKAH Pro elektroonilise termokaameraga vahetatava akumoodulina<\/strong><\/p>\n<p>Kas teil on k\u00fcsimusi? v\u00f5ta meiega \u00fchendust\u00a0<a href=\"https:\/\/hookahshop.lt\/et\/kontaktid\/\">kontaktide leht<\/a>\u00a0v\u00f5i saatke meile e-kiri aadressil\u00a0<a href=\"https:\/\/facebook.com\/HookahShop.lt\/\" target=\"_blank\" rel=\"noopener noreferrer\">Facebooki konto<\/a>\u00a0ja vastame teie taotlusele samal p\u00e4eval.<\/p>","protected":false},"excerpt":{"rendered":"<p>Aku XKAH Pro elektroonilisele termokaamerale See on lisaaku XKAH Pro elektroonilisele termokaamerale. S\u00f5ltuvalt kasutuse intensiivsusest saab \u00fche laadimisega teha kaks t\u00e4islaadimist. Aku saab lihtsa kl\u00f5psmehhanismi abil h\u00f5lpsalt vahetada. Laadimine on kiire ja t\u00f5hus USB-C pistiku kaudu. Spetsifikatsioon: Mahtuvus: 13600mAh T\u00f6\u00f6aeg: umbes 2 tundi Laadimisaeg: umbes 2 tundi [\u2026]<\/p>","protected":false},"featured_media":43809,"comment_status":"open","ping_status":"closed","template":"","meta":[],"_links":{"self":[{"href":"https:\/\/hookahshop.lt\/et\/wp-json\/wp\/v2\/product\/43793"}],"collection":[{"href":"https:\/\/hookahshop.lt\/et\/wp-json\/wp\/v2\/product"}],"about":[{"href":"https:\/\/hookahshop.lt\/et\/wp-json\/wp\/v2\/types\/product"}],"replies":[{"embeddable":true,"href":"https:\/\/hookahshop.lt\/et\/wp-json\/wp\/v2\/comments?post=43793"}],"version-history":[{"count":8,"href":"https:\/\/hookahshop.lt\/et\/wp-json\/wp\/v2\/product\/43793\/revisions"}],"predecessor-version":[{"id":43943,"href":"https:\/\/hookahshop.lt\/et\/wp-json\/wp\/v2\/product\/43793\/revisions\/43943"}],"wp:featuredmedia":[{"embeddable":true,"href":"https:\/\/hookahshop.lt\/et\/wp-json\/wp\/v2\/media\/43809"}],"wp:attachment":[{"href":"https:\/\/hookahshop.lt\/et\/wp-json\/wp\/v2\/media?parent=43793"}],"curies":[{"name":"wp","href":"https:\/\/api.w.org\/{rel}","templated":true}]}}