{"id":43861,"date":"2025-12-11T12:16:27","date_gmt":"2025-12-11T10:16:27","guid":{"rendered":"https:\/\/hookahshop.lt\/?post_type=product&#038;p=43861"},"modified":"2026-04-18T23:29:34","modified_gmt":"2026-04-18T20:29:34","slug":"individualus-kaljano-kandiklis-moze-gold","status":"publish","type":"product","link":"https:\/\/hookahshop.lt\/et\/toode\/individuaalne-vesipiibu-suuosa-moze-gold\/","title":{"rendered":"Individuaalne vesipiibu suuotsik MOZE kuldne must"},"content":{"rendered":"<h2 data-start=\"42\" data-end=\"567\">Individuaalne vesipiibu suuotsik MOZE kuldne must<\/h2>\n<p data-start=\"42\" data-end=\"567\">Iga Moze suuotsik on ainulaadne \u2013 epoks\u00fcvaigu ja v\u00e4rvigradiendi t\u00f5ttu ei n\u00e4e kaks \u00fchesugust v\u00e4lja. Huulikud on pestavad ja korduvkasutatavad. Moze suuotsiku kasutamisega teed head mitte ainult endale ja oma h\u00fcgieenile, vaid ka keskkonnale, kuna huulikuid ei pea p\u00e4rast iga kasutuskorda \u00e4ra viskama.<\/p>\n<p><strong>Spetsifikatsioonid:<\/strong><br \/>\nMaterjal: epoks\u00fcvaik<br \/>\nL\u00e4bim\u00f5\u00f5t: 20 mm<br \/>\nK\u00f5rgus: 70 mm<br \/>\nV\u00e4rvus must<\/p>\n<p><strong>Varustus:<\/strong><br \/>\nIndividuaalne suukaitse<br \/>\nEemaldatav rihm<br \/>\nMoosese kast<\/p>\n<p>Kas teil on k\u00fcsimusi? v\u00f5ta meiega \u00fchendust\u00a0<a href=\"https:\/\/hookahshop.lt\/et\/kontaktid\/\">kontaktide leht<\/a>\u00a0v\u00f5i saatke meile e-kiri aadressil\u00a0<a href=\"https:\/\/facebook.com\/HookahShop.lt\/\" target=\"_blank\" rel=\"noopener\">Facebooki konto<\/a>\u00a0ja vastame teie taotlusele samal p\u00e4eval.<\/p>","protected":false},"excerpt":{"rendered":"<p>Individualus kaljano kandiklis MOZE Gold Black Kiekvienas Moze kandiklis yra unikalus \u2013 n\u0117 vienas neatrodo taip pat kaip kitas d\u0117l epoksidin\u0117s dervos ir spalv\u0173 pereinam\u0173j\u0173 atspalvi\u0173. Kandikliai yra plaunami ir daugkartinio naudojimo. Naudodami Moze kandikl\u012f, darote gera ne tik sau ir savo higienai, bet ir aplinkai, nes kandikli\u0173 nereikia i\u0161mesti po kiekvieno naudojimo. Specifikacijos: Med\u017eiaga: [&hellip;]<\/p>","protected":false},"featured_media":44119,"comment_status":"open","ping_status":"closed","template":"","meta":[],"_links":{"self":[{"href":"https:\/\/hookahshop.lt\/et\/wp-json\/wp\/v2\/product\/43861"}],"collection":[{"href":"https:\/\/hookahshop.lt\/et\/wp-json\/wp\/v2\/product"}],"about":[{"href":"https:\/\/hookahshop.lt\/et\/wp-json\/wp\/v2\/types\/product"}],"replies":[{"embeddable":true,"href":"https:\/\/hookahshop.lt\/et\/wp-json\/wp\/v2\/comments?post=43861"}],"version-history":[{"count":11,"href":"https:\/\/hookahshop.lt\/et\/wp-json\/wp\/v2\/product\/43861\/revisions"}],"predecessor-version":[{"id":44559,"href":"https:\/\/hookahshop.lt\/et\/wp-json\/wp\/v2\/product\/43861\/revisions\/44559"}],"wp:featuredmedia":[{"embeddable":true,"href":"https:\/\/hookahshop.lt\/et\/wp-json\/wp\/v2\/media\/44119"}],"wp:attachment":[{"href":"https:\/\/hookahshop.lt\/et\/wp-json\/wp\/v2\/media?parent=43861"}],"curies":[{"name":"wp","href":"https:\/\/api.w.org\/{rel}","templated":true}]}}