{"id":43885,"date":"2025-12-11T12:19:11","date_gmt":"2025-12-11T10:19:11","guid":{"rendered":"https:\/\/hookahshop.lt\/?post_type=product&#038;p=43885"},"modified":"2026-04-15T23:29:40","modified_gmt":"2026-04-15T20:29:40","slug":"karscio-kamera-onmo-black","status":"publish","type":"product","link":"https:\/\/hookahshop.lt\/et\/toode\/kuumuskaamera-onmo-must\/","title":{"rendered":"Termokaamera ONMO must"},"content":{"rendered":"<h2>Termokaamera ONMO must<\/h2>\n<p>Optimaalne kaal ja tasakaalustatud soojusjaotus tagavad sujuva, pikaajalise ja mugava suitsetamiskogemuse. Alumises osas olevad vardad v\u00f5imaldavad valida suitsetamismeetodi: distantsilt, t\u00e4iskontaktist v\u00f5i kontaktist l\u00e4bi varraste. Sisemine p\u00f5hjaprofiil tagab \u00f5huvoolu h\u00f5\u00f5guvate s\u00f6e all, hoides \u00e4ra hapnikupuuduse ja s\u00f6e kustumise.<\/p>\n<p><strong>Spetsifikatsioonid:<\/strong><br \/>\nMaterjal: v\u00e4rvitud alumiinium<br \/>\nV\u00e4lisl\u00e4bim\u00f5\u00f5t: 75 mm<br \/>\nSisemine l\u00e4bim\u00f5\u00f5t: 55 mm<br \/>\nS\u00fcgavus: 30 mm<br \/>\nKaal: 69g<br \/>\nMahutavus: kuni 2 s\u00fctt l\u00e4bim\u00f5\u00f5duga kuni 27 mm<\/p>\n<p>Kas teil on k\u00fcsimusi? v\u00f5ta meiega \u00fchendust\u00a0<a href=\"https:\/\/hookahshop.lt\/et\/kontaktid\/\">kontaktide leht<\/a>\u00a0v\u00f5i saatke meile e-kiri aadressil\u00a0<a href=\"https:\/\/facebook.com\/HookahShop.lt\/\" target=\"_blank\" rel=\"noopener\">Facebooki konto<\/a>\u00a0ja vastame teie taotlusele samal p\u00e4eval.<\/p>","protected":false},"excerpt":{"rendered":"<p>ONMO must kuumutuskamber Optimaalne kaal ja tasakaalustatud soojuse jaotus tagavad sujuva, pikaajalise ja mugava suitsetamiskogemuse. Alumises osas olevad vardad v\u00f5imaldavad valida suitsetamismeetodi: distantsilt, t\u00e4iskontaktist v\u00f5i kontaktist l\u00e4bi varraste. Sisemine alumine profiil tagab \u00f5huvoolu h\u00f5\u00f5guvate s\u00f6e all, kaitstes hapnikupuuduse ja s\u00f6e kustumise eest. Spetsifikatsioonid: Materjal: v\u00e4rvitud alumiinium V\u00e4lisl\u00e4bim\u00f5\u00f5t: [\u2026]<\/p>","protected":false},"featured_media":43890,"comment_status":"closed","ping_status":"closed","template":"","meta":[],"_links":{"self":[{"href":"https:\/\/hookahshop.lt\/et\/wp-json\/wp\/v2\/product\/43885"}],"collection":[{"href":"https:\/\/hookahshop.lt\/et\/wp-json\/wp\/v2\/product"}],"about":[{"href":"https:\/\/hookahshop.lt\/et\/wp-json\/wp\/v2\/types\/product"}],"replies":[{"embeddable":true,"href":"https:\/\/hookahshop.lt\/et\/wp-json\/wp\/v2\/comments?post=43885"}],"version-history":[{"count":6,"href":"https:\/\/hookahshop.lt\/et\/wp-json\/wp\/v2\/product\/43885\/revisions"}],"predecessor-version":[{"id":44971,"href":"https:\/\/hookahshop.lt\/et\/wp-json\/wp\/v2\/product\/43885\/revisions\/44971"}],"wp:featuredmedia":[{"embeddable":true,"href":"https:\/\/hookahshop.lt\/et\/wp-json\/wp\/v2\/media\/43890"}],"wp:attachment":[{"href":"https:\/\/hookahshop.lt\/et\/wp-json\/wp\/v2\/media?parent=43885"}],"curies":[{"name":"wp","href":"https:\/\/api.w.org\/{rel}","templated":true}]}}