{"id":43891,"date":"2025-12-11T12:23:09","date_gmt":"2025-12-11T10:23:09","guid":{"rendered":"https:\/\/hookahshop.lt\/?post_type=product&#038;p=43891"},"modified":"2026-04-18T23:29:34","modified_gmt":"2026-04-18T20:29:34","slug":"taurele-kaljanui-darkside-killer","status":"publish","type":"product","link":"https:\/\/hookahshop.lt\/et\/toode\/vesipiibu-tass-pimeda-kulje-tapja\/","title":{"rendered":"Vesipiibu tass DARKSIDE Killer"},"content":{"rendered":"<h2>Vesipiibu tass DARKSIDE Killer<\/h2>\n<p>See mahutab v\u00e4ikest kogust tubakat ning on suurep\u00e4rase j\u00f5udluse ja intensiivse maitsega. Darkside on kvaliteetsete vesipiibutoodete br\u00e4nd, mida paljud vesipiibu kasutajad hindavad.<br \/>\nTass tubakat mahutab 18\u201320 g.<\/p>\n<p><strong>Spetsifikatsioonid:<\/strong><br \/>\nV\u00e4line l\u00e4bim\u00f5\u00f5t: 7,6 cm<br \/>\nSisemine l\u00e4bim\u00f5\u00f5t: 5,9 cm<br \/>\nK\u00f5rgus: 7,8 cm<br \/>\nMaterjal: savi<br \/>\nV\u00e4rvus must<\/p>\n<p>Kas teil on k\u00fcsimusi? v\u00f5ta meiega \u00fchendust\u00a0<a href=\"https:\/\/hookahshop.lt\/et\/kontaktid\/\">kontaktide leht<\/a>\u00a0v\u00f5i saatke meile e-kiri aadressil\u00a0<a href=\"https:\/\/facebook.com\/HookahShop.lt\/\" target=\"_blank\" rel=\"noopener\">Facebooki konto<\/a>\u00a0ja vastame teie taotlusele samal p\u00e4eval.<\/p>","protected":false},"excerpt":{"rendered":"<p>Taurel\u0117 kaljanui DARKSIDE Killer Talpinama ma\u017eai tabako ir pasi\u017eymi puikiu na\u0161umu, bei suteikia intensyv\u0173 skon\u012f. Darkside yra auk\u0161tos kokyb\u0117s kaljano gamini\u0173 prek\u0117s \u017eenklas, kur\u012f vertina daugelis naudojan\u010dius kaljan\u0105. Taurel\u0117 tabako talpina 18-20 g. Specifikacijos: I\u0161orinis skersmuo: 7,6cm Vidinis skersmuo: 5,9cm Auk\u0161tis: 7,8cm Med\u017eiaga: molis Spalva: juoda Turite klausim\u0173? Susisiekite su mumis\u00a0kontakt\u0173 puslapyje\u00a0arba para\u0161ykite mums \u012f\u00a0Facebook [&hellip;]<\/p>","protected":false},"featured_media":43892,"comment_status":"open","ping_status":"closed","template":"","meta":[],"_links":{"self":[{"href":"https:\/\/hookahshop.lt\/et\/wp-json\/wp\/v2\/product\/43891"}],"collection":[{"href":"https:\/\/hookahshop.lt\/et\/wp-json\/wp\/v2\/product"}],"about":[{"href":"https:\/\/hookahshop.lt\/et\/wp-json\/wp\/v2\/types\/product"}],"replies":[{"embeddable":true,"href":"https:\/\/hookahshop.lt\/et\/wp-json\/wp\/v2\/comments?post=43891"}],"version-history":[{"count":5,"href":"https:\/\/hookahshop.lt\/et\/wp-json\/wp\/v2\/product\/43891\/revisions"}],"predecessor-version":[{"id":45508,"href":"https:\/\/hookahshop.lt\/et\/wp-json\/wp\/v2\/product\/43891\/revisions\/45508"}],"wp:featuredmedia":[{"embeddable":true,"href":"https:\/\/hookahshop.lt\/et\/wp-json\/wp\/v2\/media\/43892"}],"wp:attachment":[{"href":"https:\/\/hookahshop.lt\/et\/wp-json\/wp\/v2\/media?parent=43891"}],"curies":[{"name":"wp","href":"https:\/\/api.w.org\/{rel}","templated":true}]}}