{"id":43900,"date":"2025-12-11T12:28:12","date_gmt":"2025-12-11T10:28:12","guid":{"rendered":"https:\/\/hookahshop.lt\/?post_type=product&#038;p=43900"},"modified":"2026-04-10T12:52:04","modified_gmt":"2026-04-10T09:52:04","slug":"apsauginis-sietelis-kaljanui-alite-black","status":"publish","type":"product","link":"https:\/\/hookahshop.lt\/et\/toode\/vesipiibu-kaitseekraan-alite-must\/","title":{"rendered":"Kaitseekraan vesipiibule ALITE Black"},"content":{"rendered":"<h2 data-start=\"67\" data-end=\"301\">Kaitseekraan vesipiibule ALITE Black<\/h2>\n<p>Kaitseb p\u00f5randaid, vaipu, m\u00f6\u00f6blit jne. kuumad s\u00f6ed ei p\u00f5letaks teie vara kodus, terrassil suitsetades.<\/p>\n<p data-start=\"481\" data-end=\"497\"><strong data-start=\"481\" data-end=\"497\">Spetsifikatsioonid:<\/strong><\/p>\n<p>K\u00f5rgus: umbes 20 cm<br \/>\nL\u00e4bim\u00f5\u00f5t: umbes 8,8 cm<br \/>\nKaal: umbes 110 g<br \/>\nV\u00e4rvus must<\/p>\n<p data-start=\"550\" data-end=\"570\">Kas teil on k\u00fcsimusi? v\u00f5ta meiega \u00fchendust\u00a0<a href=\"https:\/\/hookahshop.lt\/et\/kontaktid\/\">kontaktide leht<\/a>\u00a0v\u00f5i saatke meile e-kiri aadressil\u00a0<a href=\"https:\/\/facebook.com\/HookahShop.lt\/\" target=\"_blank\" rel=\"noopener\">Facebooki konto<\/a>\u00a0ja vastame teie taotlusele samal p\u00e4eval.<\/p>","protected":false},"excerpt":{"rendered":"<p>Apsauginis sietelis kaljanui ALITE Black Apsaugo grindis, kilimus, baldus ir pan. nuo to, kad \u012fkaitintos anglys nesudegint\u0173 j\u016bs\u0173 turto r\u016bkant namuose, terasoje. Specifikacijos: Auk\u0161tis: apie 20cm Skersmuo: apie 8,8cm Svoris: apie 110g Spalva: juoda Turite klausim\u0173? Susisiekite su mumis\u00a0kontakt\u0173 puslapyje\u00a0arba para\u0161ykite mums \u012f\u00a0Facebook paskyr\u0105\u00a0ir atsakysime \u012f j\u016bs\u0173 u\u017eklaus\u0105 dar t\u0105 pa\u010di\u0105 dien\u0105.<\/p>","protected":false},"featured_media":43903,"comment_status":"open","ping_status":"closed","template":"","meta":[],"_links":{"self":[{"href":"https:\/\/hookahshop.lt\/et\/wp-json\/wp\/v2\/product\/43900"}],"collection":[{"href":"https:\/\/hookahshop.lt\/et\/wp-json\/wp\/v2\/product"}],"about":[{"href":"https:\/\/hookahshop.lt\/et\/wp-json\/wp\/v2\/types\/product"}],"replies":[{"embeddable":true,"href":"https:\/\/hookahshop.lt\/et\/wp-json\/wp\/v2\/comments?post=43900"}],"version-history":[{"count":6,"href":"https:\/\/hookahshop.lt\/et\/wp-json\/wp\/v2\/product\/43900\/revisions"}],"predecessor-version":[{"id":44101,"href":"https:\/\/hookahshop.lt\/et\/wp-json\/wp\/v2\/product\/43900\/revisions\/44101"}],"wp:featuredmedia":[{"embeddable":true,"href":"https:\/\/hookahshop.lt\/et\/wp-json\/wp\/v2\/media\/43903"}],"wp:attachment":[{"href":"https:\/\/hookahshop.lt\/et\/wp-json\/wp\/v2\/media?parent=43900"}],"curies":[{"name":"wp","href":"https:\/\/api.w.org\/{rel}","templated":true}]}}