{"id":43958,"date":"2025-12-12T09:31:01","date_gmt":"2025-12-12T07:31:01","guid":{"rendered":"https:\/\/hookahshop.lt\/?post_type=product&#038;p=43958"},"modified":"2026-04-06T23:29:41","modified_gmt":"2026-04-06T20:29:41","slug":"kaljanas-aroma-hookah-lima-red","status":"publish","type":"product","link":"https:\/\/hookahshop.lt\/et\/toode\/vesipiibu-aroom-vesipiibu-lima-ed\/","title":{"rendered":"Vesipiip AROMA HOOKAH Lima Ed"},"content":{"rendered":"<h2>Vesipiip AROMA HOOKAH Lima Ed<\/h2>\n<p>Selle vesipiibu iga detail on loodud parima kogemuse pakkumiseks. Vesipiibu vars on valmistatud roostevabast terasest naturaalsest puidust siset\u00fckiga, mis annab sellele ainulaadse v\u00e4limuse. Puit on spetsiaalselt t\u00f6\u00f6deldud, et s\u00e4ilitada selle loomulikku ilu. Igal varrel on ainulaadne muster, mis teeb iga Aroma vesipiibu eriliseks. Vesipiibu sisemised osad on valmistatud roostevabast terasest, mis mitte ainult ei anna sellele suurt tugevust, vaid kaitseb seda ka korrosiooni eest. See tagab vesipiibu pikaajalise ja usaldusv\u00e4\u00e4rse t\u00f6\u00f6tamise pikka aega.<\/p>\n<p><strong>Spetsifikatsioonid:<\/strong><sub><br \/>\n<\/sub>V\u00f5lli l\u00e4bim\u00f5\u00f5t: 1,6 cm<sub><br \/>\n<\/sub>K\u00f5rgus: 55 cm<br \/>\nHajuti: jah (kerge tuulet\u00f5mbus)<br \/>\nHajuti: eemaldatav (saab teha raske klassikalise t\u00f5mbe)<sub><br \/>\n<\/sub>Materjal: roostevaba teras<br \/>\nP\u00e4ritoluriik: Ukraina<\/p>\n<p><strong>Pakett sisaldab: vesipiipu, huulikut, voolikut.<\/strong><\/p>\n<p><img decoding=\"async\" loading=\"lazy\" class=\"alignnone size-medium wp-image-38521\" src=\"https:\/\/hookahshop.lt\/wp-content\/uploads\/2020\/09\/stiebas-zarna-kandiklis-1-300x273.jpg\" alt=\"- hookahshop.lt\" width=\"300\" height=\"273\" srcset=\"https:\/\/hookahshop.lt\/wp-content\/uploads\/2020\/09\/stiebas-zarna-kandiklis-1-300x273.jpg 300w, https:\/\/hookahshop.lt\/wp-content\/uploads\/2020\/09\/stiebas-zarna-kandiklis-1-13x12.jpg 13w, https:\/\/hookahshop.lt\/wp-content\/uploads\/2020\/09\/stiebas-zarna-kandiklis-1-64x58.jpg 64w, https:\/\/hookahshop.lt\/wp-content\/uploads\/2020\/09\/stiebas-zarna-kandiklis-1.jpg 420w\" sizes=\"(max-width: 300px) 100vw, 300px\" title=\"\"><\/p>\n<p>Kas teil on k\u00fcsimusi? v\u00f5ta meiega \u00fchendust\u00a0<a href=\"https:\/\/hookahshop.lt\/et\/kontaktid\/\">kontaktide leht<\/a>\u00a0v\u00f5i saatke meile e-kiri aadressil\u00a0<a href=\"https:\/\/facebook.com\/HookahShop.lt\/\" target=\"_blank\" rel=\"noopener\">Facebooki konto<\/a>\u00a0ja vastame teie taotlusele samal p\u00e4eval.<\/p>","protected":false},"excerpt":{"rendered":"<p>Kaljanas AROMA HOOKAH Lima Red Kiekviena \u0161io kaljano detal\u0117 buvo sukurta siekiant suteikti geriausi\u0105 patirt\u012f. Kaljano stiebas pagamintas i\u0161 ner\u016bdijan\u010dio plieno su nat\u016bralaus med\u017eio intarpu, kuris suteikia jam nepakartojam\u0105 i\u0161vaizd\u0105. Mediena yra specialiai apdorojama, siekiant i\u0161saugoti nat\u016bral\u0173 gro\u017e\u012f. Kiekvienas stiebas turi unikal\u0173 ra\u0161t\u0105, tod\u0117l kiekvienas Aroma kaljanas yra ypatingas. Vidin\u0117s kaljano dalys pagamintos i\u0161 ner\u016bdijan\u010dio [&hellip;]<\/p>","protected":false},"featured_media":44031,"comment_status":"open","ping_status":"closed","template":"","meta":[],"_links":{"self":[{"href":"https:\/\/hookahshop.lt\/et\/wp-json\/wp\/v2\/product\/43958"}],"collection":[{"href":"https:\/\/hookahshop.lt\/et\/wp-json\/wp\/v2\/product"}],"about":[{"href":"https:\/\/hookahshop.lt\/et\/wp-json\/wp\/v2\/types\/product"}],"replies":[{"embeddable":true,"href":"https:\/\/hookahshop.lt\/et\/wp-json\/wp\/v2\/comments?post=43958"}],"version-history":[{"count":3,"href":"https:\/\/hookahshop.lt\/et\/wp-json\/wp\/v2\/product\/43958\/revisions"}],"predecessor-version":[{"id":44131,"href":"https:\/\/hookahshop.lt\/et\/wp-json\/wp\/v2\/product\/43958\/revisions\/44131"}],"wp:featuredmedia":[{"embeddable":true,"href":"https:\/\/hookahshop.lt\/et\/wp-json\/wp\/v2\/media\/44031"}],"wp:attachment":[{"href":"https:\/\/hookahshop.lt\/et\/wp-json\/wp\/v2\/media?parent=43958"}],"curies":[{"name":"wp","href":"https:\/\/api.w.org\/{rel}","templated":true}]}}