{"id":43968,"date":"2025-12-11T11:33:06","date_gmt":"2025-12-11T09:33:06","guid":{"rendered":"https:\/\/hookahshop.lt\/?post_type=product&#038;p=43968"},"modified":"2026-04-17T23:30:03","modified_gmt":"2026-04-17T20:30:03","slug":"individualus-kaljano-kandiklis-darkside-d-click","status":"publish","type":"product","link":"https:\/\/hookahshop.lt\/et\/toode\/individuaalne-vesipiibu-suuosa-darkside-d-click\/","title":{"rendered":"Individuaalne vesipiibu suuotsik DARKSIDE D Click"},"content":{"rendered":"<h2>Individuaalne vesipiibu suuotsik DARKSIDE D Click<\/h2>\n<p>Kompaktne ja h\u00fcgieeniline individuaalne suuotsik puhaste ja mugavate sessioonide jaoks. Valmistatud vastupidavatest materjalidest, elegantse disainiga, sobib igale silikoonvooliku otsale. Integreeritud kaelarihm muudab selle kasutamise ja kaasaskandmise mugavaks.<\/p>\n<p><strong>Spetsifikatsioonid:<\/strong><br \/>\nPikkus: 50 mm<br \/>\nMaterjal: pol\u00fcatsetaal, silikoon.<br \/>\nV\u00e4rvus must<\/p>\n<p><strong>Varustus:<\/strong><br \/>\nIndividuaalne n\u00f6\u00f6riga huulik<br \/>\nBranded Darside kast<\/p>\n<p>Kas teil on k\u00fcsimusi? v\u00f5ta meiega \u00fchendust\u00a0<a href=\"https:\/\/hookahshop.lt\/et\/kontaktid\/\">kontaktide leht<\/a>\u00a0v\u00f5i saatke meile e-kiri aadressil\u00a0<a href=\"https:\/\/facebook.com\/HookahShop.lt\/\" target=\"_blank\" rel=\"noopener\">Facebooki konto<\/a>\u00a0ja vastame teie taotlusele samal p\u00e4eval.<\/p>","protected":false},"excerpt":{"rendered":"<p>Individualus kaljano kandiklis DARKSIDE D Click Kompakti\u0161kas, higieni\u0161kas individualus kandiklis \u0161varioms ir patogioms sesijoms. Pagamintas i\u0161 patvari\u0173 med\u017eiag\u0173, pasi\u017eymi eleganti\u0161ku dizainu, tinka bet kokiam silikoniniam \u017earnos antgaliui. Integruotas kaklo dir\u017eelis leid\u017eia j\u012f patogiai naudoti ir ne\u0161iotis su savimi. Specifikacijos: Ilgis: 50mm Med\u017eiaga: poliacetalis, silikonas. Spalva: juoda Komplektacija: Individualus kandiklis su virvute Firmin\u0117 Darkside d\u0117\u017eut\u0117 Turite [&hellip;]<\/p>","protected":false},"featured_media":44213,"comment_status":"open","ping_status":"closed","template":"","meta":[],"_links":{"self":[{"href":"https:\/\/hookahshop.lt\/et\/wp-json\/wp\/v2\/product\/43968"}],"collection":[{"href":"https:\/\/hookahshop.lt\/et\/wp-json\/wp\/v2\/product"}],"about":[{"href":"https:\/\/hookahshop.lt\/et\/wp-json\/wp\/v2\/types\/product"}],"replies":[{"embeddable":true,"href":"https:\/\/hookahshop.lt\/et\/wp-json\/wp\/v2\/comments?post=43968"}],"version-history":[{"count":4,"href":"https:\/\/hookahshop.lt\/et\/wp-json\/wp\/v2\/product\/43968\/revisions"}],"predecessor-version":[{"id":44212,"href":"https:\/\/hookahshop.lt\/et\/wp-json\/wp\/v2\/product\/43968\/revisions\/44212"}],"wp:featuredmedia":[{"embeddable":true,"href":"https:\/\/hookahshop.lt\/et\/wp-json\/wp\/v2\/media\/44213"}],"wp:attachment":[{"href":"https:\/\/hookahshop.lt\/et\/wp-json\/wp\/v2\/media?parent=43968"}],"curies":[{"name":"wp","href":"https:\/\/api.w.org\/{rel}","templated":true}]}}