{"id":44008,"date":"2025-12-11T13:31:11","date_gmt":"2025-12-11T11:31:11","guid":{"rendered":"https:\/\/hookahshop.lt\/?post_type=product&#038;p=44008"},"modified":"2026-04-14T23:29:48","modified_gmt":"2026-04-14T20:29:48","slug":"karscio-kamera-ykap","status":"publish","type":"product","link":"https:\/\/hookahshop.lt\/et\/toode\/termokaamera-ykap\/","title":{"rendered":"Kuumutuskamber YKAP"},"content":{"rendered":"<h2>Kuumutuskamber YKAP<\/h2>\n<p>Optimaalse seinapaksuse ja kujuga disainitud. P\u00f5hi juhib h\u00e4sti soojust, kuid samal ajal hoiab \u00e4ra vesipiibusegu \u00fclekuumenemise. Kogu soojusregulaator on valmistatud roostevabast terasest.<\/p>\n<p><strong>Spetsifikatsioon<\/strong><br \/>\nMaterjal: roostevaba teras<br \/>\nV\u00e4rvus: h\u00f5bedane<br \/>\nL\u00e4bim\u00f5\u00f5t: 7 mm<br \/>\nK\u00f5rgus: 12,5 mm<br \/>\nKaal: umbes 149 g.<\/p>\n<p>Kas teil on k\u00fcsimusi? v\u00f5ta meiega \u00fchendust\u00a0<a href=\"https:\/\/hookahshop.lt\/et\/kontaktid\/\">kontaktide leht<\/a>\u00a0v\u00f5i saatke meile e-kiri aadressil\u00a0<a href=\"https:\/\/facebook.com\/HookahShop.lt\/\" target=\"_blank\" rel=\"noopener noreferrer\">Facebooki konto<\/a>\u00a0ja vastame teie taotlusele samal p\u00e4eval.<\/p>","protected":false},"excerpt":{"rendered":"<p>Kar\u0161\u010dio kamera YKAP Sukurta su optimaliu sieneli\u0173 storiu ir forma. Apa\u010dia gerai praleid\u017eia \u0161ilum\u0105, ta\u010diau tuo pa\u010diu metu neleid\u017eia kaljano mi\u0161iniui perkaisti. Visas \u0161ilumos reguliatorius pagamintas i\u0161 ner\u016bdijan\u010dio plieno. Specifikacija Med\u017eiaga: ner\u016bdijantis plienas Spalva: sidabrin\u0117 Skersmuo: 7mm Auk\u0161tis: 12,5mm Svoris: apie 149g. Turite klausim\u0173? Susisiekite su mumis\u00a0kontakt\u0173 puslapyje\u00a0arba para\u0161ykite mums \u012f\u00a0Facebook paskyr\u0105\u00a0ir atsakysime \u012f j\u016bs\u0173 [&hellip;]<\/p>","protected":false},"featured_media":44023,"comment_status":"open","ping_status":"closed","template":"","meta":[],"_links":{"self":[{"href":"https:\/\/hookahshop.lt\/et\/wp-json\/wp\/v2\/product\/44008"}],"collection":[{"href":"https:\/\/hookahshop.lt\/et\/wp-json\/wp\/v2\/product"}],"about":[{"href":"https:\/\/hookahshop.lt\/et\/wp-json\/wp\/v2\/types\/product"}],"replies":[{"embeddable":true,"href":"https:\/\/hookahshop.lt\/et\/wp-json\/wp\/v2\/comments?post=44008"}],"version-history":[{"count":7,"href":"https:\/\/hookahshop.lt\/et\/wp-json\/wp\/v2\/product\/44008\/revisions"}],"predecessor-version":[{"id":45353,"href":"https:\/\/hookahshop.lt\/et\/wp-json\/wp\/v2\/product\/44008\/revisions\/45353"}],"wp:featuredmedia":[{"embeddable":true,"href":"https:\/\/hookahshop.lt\/et\/wp-json\/wp\/v2\/media\/44023"}],"wp:attachment":[{"href":"https:\/\/hookahshop.lt\/et\/wp-json\/wp\/v2\/media?parent=44008"}],"curies":[{"name":"wp","href":"https:\/\/api.w.org\/{rel}","templated":true}]}}