{"id":44014,"date":"2025-12-11T14:12:40","date_gmt":"2025-12-11T12:12:40","guid":{"rendered":"https:\/\/hookahshop.lt\/?post_type=product&#038;p=44014"},"modified":"2026-04-15T12:29:46","modified_gmt":"2026-04-15T09:29:46","slug":"naturaliu-angliuku-uzkuriklis-ao-blazer-u","status":"publish","type":"product","link":"https:\/\/hookahshop.lt\/et\/toode\/loodusliku-susinikuga-kaminaga-ao-blazer-u\/","title":{"rendered":"AO Blazer U s\u00fcsi tulemasin"},"content":{"rendered":"<h2>AO Blazer U s\u00fcsi tulemasin<\/h2>\n<p>See aitab teil mugavalt vesipiibu s\u00fcsi soojendada, mis on ohutum kui teised k\u00fctteseadmed. Sellel pliidiplaadil on s\u00f6ealus, mis kaitseb k\u00fctteelementi otsese kokkupuute eest s\u00f6ega, pikendades seel\u00e4bi selle eluiga. Lisaks t\u00f5stetakse s\u00f6ealust spetsiaalsete tangidega, mis on selle pliidiplaadiga juba kaasas. AO Blazer U p\u00f5hjal on libisemise v\u00e4ltimiseks kummist jalad. AO Blazer U kaabel on 150 cm pikk. Mahutab kuni 20 s\u00fctt l\u00e4bim\u00f5\u00f5duga kuni 26 mm. S\u00f6ed kuumenevad keskmiselt 10\u201312 minutiga.<\/p>\n<p><strong>Tehnilised andmed:<\/strong><br \/>\nV\u00f5imsus: 1000W<br \/>\nK\u00f5rgus: 15,5 cm<br \/>\nL\u00e4bim\u00f5\u00f5t: 13,5 cm<br \/>\nPikkus: 16,5 cm<br \/>\nTaldriku suurus: ~ 15 x 14 cm<br \/>\nV\u00e4rvus must<\/p>\n<p>Kas teil on k\u00fcsimusi? v\u00f5ta meiega \u00fchendust <a href=\"https:\/\/hookahshop.lt\/et\/kontaktid\/\">kontaktide leht<\/a>\u00a0v\u00f5i saatke meile e-kiri aadressil\u00a0<a href=\"https:\/\/facebook.com\/HookahShop.lt\/\" target=\"_blank\" rel=\"noopener noreferrer\">Facebooki konto<\/a>\u00a0ja vastame teie taotlusele samal p\u00e4eval.<\/p>","protected":false},"excerpt":{"rendered":"<p>Nat\u016brali\u0173 angliuk\u0173 u\u017ek\u016briklis AO Blazer U Jis pad\u0117s Jums patogiai u\u017ekaitinti kaljano anglis, saugesnis u\u017e kitus kaitinimo prietaisus. \u0160i kaitlent\u0117 turi angliuk\u0173 pad\u0117kliuk\u0105 kuris apsaugo kaitinimo element\u0105 nuo tiesioginio kontakto su angliukais taip prailgindamas jos gyvavimo laik\u0105. Taip pat angliuk\u0173 pad\u0117kliukas atsikelia su specialiomis \u017enypl\u0117mis, kurias jau gaunate su \u0161ia kaitlente. AO Blazer U dugne [&hellip;]<\/p>","protected":false},"featured_media":44071,"comment_status":"open","ping_status":"closed","template":"","meta":[],"_links":{"self":[{"href":"https:\/\/hookahshop.lt\/et\/wp-json\/wp\/v2\/product\/44014"}],"collection":[{"href":"https:\/\/hookahshop.lt\/et\/wp-json\/wp\/v2\/product"}],"about":[{"href":"https:\/\/hookahshop.lt\/et\/wp-json\/wp\/v2\/types\/product"}],"replies":[{"embeddable":true,"href":"https:\/\/hookahshop.lt\/et\/wp-json\/wp\/v2\/comments?post=44014"}],"version-history":[{"count":3,"href":"https:\/\/hookahshop.lt\/et\/wp-json\/wp\/v2\/product\/44014\/revisions"}],"predecessor-version":[{"id":44139,"href":"https:\/\/hookahshop.lt\/et\/wp-json\/wp\/v2\/product\/44014\/revisions\/44139"}],"wp:featuredmedia":[{"embeddable":true,"href":"https:\/\/hookahshop.lt\/et\/wp-json\/wp\/v2\/media\/44071"}],"wp:attachment":[{"href":"https:\/\/hookahshop.lt\/et\/wp-json\/wp\/v2\/media?parent=44014"}],"curies":[{"name":"wp","href":"https:\/\/api.w.org\/{rel}","templated":true}]}}