{"id":44064,"date":"2025-12-11T16:53:21","date_gmt":"2025-12-11T14:53:21","guid":{"rendered":"https:\/\/hookahshop.lt\/?post_type=product&#038;p=44064"},"modified":"2026-04-24T23:30:22","modified_gmt":"2026-04-24T20:30:22","slug":"individualus-kaljano-kandiklis-capsule","status":"publish","type":"product","link":"https:\/\/hookahshop.lt\/et\/toode\/individuaalne-vesipiibu-suuosa-kapsel\/","title":{"rendered":"Individuaalne vesipiibu suuosa KAPSEL Erinevad v\u00e4rvid"},"content":{"rendered":"<h2>Individuaalne vesipiibu suuosa KAPSEL Erinevad v\u00e4rvid<\/h2>\n<p>Terasest otsa, graveeritud pinna ja sisemise silikoonvoolikuga tagab see mugava suitsetamise. Kompaktne kapslikujuline disain muudab selle kaasaskandmise lihtsaks.<\/p>\n<p><strong>Spetsifikatsioonid:<\/strong><br \/>\nMaterjal: roostevaba teras s\u00fcsinikuga.<br \/>\nL\u00e4bim\u00f5\u00f5t: 18 mm<br \/>\nK\u00f5rgus: 66 mm<br \/>\nV\u00e4rv: <em>Suuotsikute v\u00e4rvide valimiseks on v\u00f5imalik: <strong>must, oran\u017e, sinine, punane<\/strong>.<\/em><br \/>\n<em>Palun sisestage toote tellimisel soovitud v\u00e4rv lahtrisse &quot;<strong>M\u00e4rkused<\/strong>&quot;.<\/em><\/p>\n<p><strong>Varustus:<\/strong><br \/>\nIndividuaalne suukaitse<br \/>\nKett<br \/>\nKapslikarp<\/p>\n<p>Kas teil on k\u00fcsimusi? v\u00f5ta meiega \u00fchendust\u00a0<a href=\"https:\/\/hookahshop.lt\/et\/kontaktid\/\">kontaktide leht<\/a>\u00a0v\u00f5i saatke meile e-kiri aadressil\u00a0<a href=\"https:\/\/facebook.com\/HookahShop.lt\/\" target=\"_blank\" rel=\"noopener noreferrer\">Facebooki konto<\/a>\u00a0ja vastame teie taotlusele samal p\u00e4eval.<\/p>","protected":false},"excerpt":{"rendered":"<p>Individualus kaljano kandiklis CAPSULE \u012evairi\u0173 spalv\u0173 Su savo plieniniu antgaliu, graviruotu pavir\u0161iumi ir vidiniu silikonine \u017earna, jis u\u017etikrina komforti\u0161k\u0105 r\u016bkym\u0105. Kompakti\u0161kas kapsul\u0117s formos dizainas daro j\u012f lengvai ne\u0161iojam\u0105. Specifikacijos: Med\u017eiaga: ner\u016bdijantis plienas su karbonu. Skersmuo: 18mm Auk\u0161tis: 66mm Spalva: yra galimyb\u0117 pasirinkti kandikli\u0173 spalvas: juodas, oran\u017einis, m\u0117lynas, raudonas. Norim\u0105 spalv\u0105 \u012fra\u0161ykite u\u017esakant prek\u0119 \u012f skilt\u012f [&hellip;]<\/p>","protected":false},"featured_media":44104,"comment_status":"closed","ping_status":"closed","template":"","meta":[],"_links":{"self":[{"href":"https:\/\/hookahshop.lt\/et\/wp-json\/wp\/v2\/product\/44064"}],"collection":[{"href":"https:\/\/hookahshop.lt\/et\/wp-json\/wp\/v2\/product"}],"about":[{"href":"https:\/\/hookahshop.lt\/et\/wp-json\/wp\/v2\/types\/product"}],"replies":[{"embeddable":true,"href":"https:\/\/hookahshop.lt\/et\/wp-json\/wp\/v2\/comments?post=44064"}],"version-history":[{"count":8,"href":"https:\/\/hookahshop.lt\/et\/wp-json\/wp\/v2\/product\/44064\/revisions"}],"predecessor-version":[{"id":44173,"href":"https:\/\/hookahshop.lt\/et\/wp-json\/wp\/v2\/product\/44064\/revisions\/44173"}],"wp:featuredmedia":[{"embeddable":true,"href":"https:\/\/hookahshop.lt\/et\/wp-json\/wp\/v2\/media\/44104"}],"wp:attachment":[{"href":"https:\/\/hookahshop.lt\/et\/wp-json\/wp\/v2\/media?parent=44064"}],"curies":[{"name":"wp","href":"https:\/\/api.w.org\/{rel}","templated":true}]}}