{"id":4412,"date":"2020-04-13T15:20:41","date_gmt":"2020-04-13T12:20:41","guid":{"rendered":"http:\/\/hookahshop.lt\/?post_type=product&#038;p=4412"},"modified":"2026-04-06T23:28:37","modified_gmt":"2026-04-06T20:28:37","slug":"aliuminio-folija-kaljano-taurelems-100vnt","status":"publish","type":"product","link":"https:\/\/hookahshop.lt\/et\/toode\/alumiiniumfoolium-vesipiibutopsid-100tk\/","title":{"rendered":"Alumiiniumfoolium vesipiibutopsidele 100tk"},"content":{"rendered":"<h2>Alumiiniumfoolium vesipiibutopsidele (100tk)<\/h2>\n<p>Kasutusvalmis Shisha kausside tippkvaliteediga alumiiniumfooliumid. Ideaalne suitsetamise r\u00f5\u00f5m vesipiibu kasutajatele. Ja nii lihtne, liiga kasuta.<\/p>\n<p>Pange lihtsalt t\u00e4idetud kauss, isegi servad, l\u00e4bi, torgake l\u00e4bi ja pange s\u00f6e peale.<\/p>\n<p>Kas teil on k\u00fcsimusi? v\u00f5ta meiega \u00fchendust\u00a0<a href=\"https:\/\/hookahshop.lt\/et\/kontaktid\/\">kontaktide leht<\/a>\u00a0v\u00f5i saatke meile e-kiri aadressil\u00a0<a href=\"https:\/\/facebook.com\/HookahShop.lt\/\" target=\"_blank\" rel=\"noopener noreferrer\">Facebooki konto<\/a>\u00a0ja vastame teie taotlusele samal p\u00e4eval.<\/p>","protected":false},"excerpt":{"rendered":"<p>Pakendis on 100 tk<\/p>\n<p>Kasutusvalmis Shisha kausside tippkvaliteediga alumiiniumfooliumid. Ideaalne suitsetamise r\u00f5\u00f5m vesipiibu kasutajatele. Ja nii lihtne, liiga kasuta.<\/p>\n<p>Pange lihtsalt t\u00e4idetud kauss, isegi servad, l\u00e4bi, torgake l\u00e4bi ja pange s\u00f6e peale.<\/p>","protected":false},"featured_media":9197,"comment_status":"open","ping_status":"closed","template":"","meta":[],"_links":{"self":[{"href":"https:\/\/hookahshop.lt\/et\/wp-json\/wp\/v2\/product\/4412"}],"collection":[{"href":"https:\/\/hookahshop.lt\/et\/wp-json\/wp\/v2\/product"}],"about":[{"href":"https:\/\/hookahshop.lt\/et\/wp-json\/wp\/v2\/types\/product"}],"replies":[{"embeddable":true,"href":"https:\/\/hookahshop.lt\/et\/wp-json\/wp\/v2\/comments?post=4412"}],"version-history":[{"count":6,"href":"https:\/\/hookahshop.lt\/et\/wp-json\/wp\/v2\/product\/4412\/revisions"}],"predecessor-version":[{"id":42069,"href":"https:\/\/hookahshop.lt\/et\/wp-json\/wp\/v2\/product\/4412\/revisions\/42069"}],"wp:featuredmedia":[{"embeddable":true,"href":"https:\/\/hookahshop.lt\/et\/wp-json\/wp\/v2\/media\/9197"}],"wp:attachment":[{"href":"https:\/\/hookahshop.lt\/et\/wp-json\/wp\/v2\/media?parent=4412"}],"curies":[{"name":"wp","href":"https:\/\/api.w.org\/{rel}","templated":true}]}}