{"id":44204,"date":"2025-12-15T15:15:18","date_gmt":"2025-12-15T13:15:18","guid":{"rendered":"https:\/\/hookahshop.lt\/?post_type=product&#038;p=44204"},"modified":"2026-04-06T23:29:42","modified_gmt":"2026-04-06T20:29:42","slug":"taurele-elektroninei-karscio-kamerai-xkah-pro","status":"publish","type":"product","link":"https:\/\/hookahshop.lt\/et\/toode\/elektroonilise-termomeetri-tass-xkah-pro-jaoks\/","title":{"rendered":"Elektroonilise termokaamera XKAH Pro tass"},"content":{"rendered":"<h2>Elektroonilise termokaamera XKAH Pro tass<\/h2>\n<p>Originaaltopsid XKAH Pro elektroonilisele kuumutuskambrile. Sobib maitsete vahetamiseks v\u00f5i varutopsi omamiseks mitmeks sessiooniks. Korduvkasutatav. Pakend sisaldab 2 topsi.<\/p>\n<p><strong>Spetsifikatsioon:<\/strong><br \/>\nKogus: 2 tk.<br \/>\nK\u00f5rgus: 23,3 mm<br \/>\nLaius: 42 mm<br \/>\nMaterjal: roostevaba teras<\/p>\n<p>Kas teil on k\u00fcsimusi? v\u00f5ta meiega \u00fchendust\u00a0<a href=\"https:\/\/hookahshop.lt\/et\/kontaktid\/\">kontaktide leht<\/a>\u00a0v\u00f5i saatke meile e-kiri aadressil\u00a0<a href=\"https:\/\/facebook.com\/HookahShop.lt\/\" target=\"_blank\" rel=\"noopener\">Facebooki konto<\/a>\u00a0ja vastame teie taotlusele samal p\u00e4eval.<\/p>","protected":false},"excerpt":{"rendered":"<p>Taurel\u0117 elektroninei kar\u0161\u010dio kamerai XKAH Pro Originalios taurel\u0117s, skirtos XKAH Pro elektroninei kar\u0161\u010dio kamerai. Tinka norint keisti skonius arba tur\u0117ti atsargin\u0119 taurel\u0119 kelioms sesijoms. Yra daugkartinio naudojimo. Pakuot\u0119 sudaro 2 taurel\u0117s. Specifikacija: Kiekis: 2 vnt. Auk\u0161tis: 23,3mm Plotis: 42mm Med\u017eiaga: ner\u016bdijantis plienas Turite klausim\u0173? Susisiekite su mumis\u00a0kontakt\u0173 puslapyje\u00a0arba para\u0161ykite mums \u012f\u00a0Facebook paskyr\u0105\u00a0ir atsakysime \u012f j\u016bs\u0173 [&hellip;]<\/p>","protected":false},"featured_media":44232,"comment_status":"closed","ping_status":"closed","template":"","meta":[],"_links":{"self":[{"href":"https:\/\/hookahshop.lt\/et\/wp-json\/wp\/v2\/product\/44204"}],"collection":[{"href":"https:\/\/hookahshop.lt\/et\/wp-json\/wp\/v2\/product"}],"about":[{"href":"https:\/\/hookahshop.lt\/et\/wp-json\/wp\/v2\/types\/product"}],"replies":[{"embeddable":true,"href":"https:\/\/hookahshop.lt\/et\/wp-json\/wp\/v2\/comments?post=44204"}],"version-history":[{"count":8,"href":"https:\/\/hookahshop.lt\/et\/wp-json\/wp\/v2\/product\/44204\/revisions"}],"predecessor-version":[{"id":45494,"href":"https:\/\/hookahshop.lt\/et\/wp-json\/wp\/v2\/product\/44204\/revisions\/45494"}],"wp:featuredmedia":[{"embeddable":true,"href":"https:\/\/hookahshop.lt\/et\/wp-json\/wp\/v2\/media\/44232"}],"wp:attachment":[{"href":"https:\/\/hookahshop.lt\/et\/wp-json\/wp\/v2\/media?parent=44204"}],"curies":[{"name":"wp","href":"https:\/\/api.w.org\/{rel}","templated":true}]}}