{"id":44206,"date":"2025-12-15T15:44:38","date_gmt":"2025-12-15T13:44:38","guid":{"rendered":"https:\/\/hookahshop.lt\/?post_type=product&#038;p=44206"},"modified":"2026-04-06T23:29:42","modified_gmt":"2026-04-06T20:29:42","slug":"tarpine-karscio-kamerai-xkah-pro","status":"publish","type":"product","link":"https:\/\/hookahshop.lt\/et\/toode\/tihend-kuumadele-kaameratele-xkah-pro\/","title":{"rendered":"Tihend XKAH Pro kuumutuskambrile"},"content":{"rendered":"<h2>Tihend XKAH Pro kuumutuskambrile<\/h2>\n<p>Tihend XKAH Pro kuumutuskambrile. Valmistatud \u00f5hukesest ja v\u00e4ga elastsest silikoonist. Lihtsalt vahetatav ning tagab tiheda ja kindla istuvuse.<\/p>\n<p><strong>Spetsifikatsioon:<\/strong><br \/>\nV\u00e4rvus must<br \/>\nMaterjal: silikoon<\/p>\n<p><strong>Varustus:<\/strong><br \/>\n1 tk. Suurus S<br \/>\n1 tk L-suuruses<\/p>\n<p>Kas teil on k\u00fcsimusi? v\u00f5ta meiega \u00fchendust\u00a0<a href=\"https:\/\/hookahshop.lt\/et\/kontaktid\/\">kontaktide leht<\/a>\u00a0v\u00f5i saatke meile e-kiri aadressil\u00a0<a href=\"https:\/\/facebook.com\/HookahShop.lt\/\" target=\"_blank\" rel=\"noopener\">Facebooki konto<\/a>\u00a0ja vastame teie taotlusele samal p\u00e4eval.<\/p>","protected":false},"excerpt":{"rendered":"<p>Tarpin\u0117 kar\u0161\u010dio kamerai XKAH Pro Tarpin\u0117, skirta XKAH Pro kar\u0161\u010dio kamerai. Pagaminta i\u0161 plono, labai tampraus silikono. Lengvai pakei\u010diamos ir u\u017etikrina tvirt\u0105 bei saug\u0173 prigludim\u0105. Specifikacija: Spalva: juoda Med\u017eiaga: silikonas Komplektacija: 1 vnt. S dydis 1 vnt. L dydis Turite klausim\u0173? Susisiekite su mumis\u00a0kontakt\u0173 puslapyje\u00a0arba para\u0161ykite mums \u012f\u00a0Facebook paskyr\u0105\u00a0ir atsakysime \u012f j\u016bs\u0173 u\u017eklaus\u0105 dar t\u0105 [&hellip;]<\/p>","protected":false},"featured_media":44216,"comment_status":"closed","ping_status":"closed","template":"","meta":[],"_links":{"self":[{"href":"https:\/\/hookahshop.lt\/et\/wp-json\/wp\/v2\/product\/44206"}],"collection":[{"href":"https:\/\/hookahshop.lt\/et\/wp-json\/wp\/v2\/product"}],"about":[{"href":"https:\/\/hookahshop.lt\/et\/wp-json\/wp\/v2\/types\/product"}],"replies":[{"embeddable":true,"href":"https:\/\/hookahshop.lt\/et\/wp-json\/wp\/v2\/comments?post=44206"}],"version-history":[{"count":8,"href":"https:\/\/hookahshop.lt\/et\/wp-json\/wp\/v2\/product\/44206\/revisions"}],"predecessor-version":[{"id":45493,"href":"https:\/\/hookahshop.lt\/et\/wp-json\/wp\/v2\/product\/44206\/revisions\/45493"}],"wp:featuredmedia":[{"embeddable":true,"href":"https:\/\/hookahshop.lt\/et\/wp-json\/wp\/v2\/media\/44216"}],"wp:attachment":[{"href":"https:\/\/hookahshop.lt\/et\/wp-json\/wp\/v2\/media?parent=44206"}],"curies":[{"name":"wp","href":"https:\/\/api.w.org\/{rel}","templated":true}]}}