{"id":4421,"date":"2020-04-13T15:24:24","date_gmt":"2020-04-13T12:24:24","guid":{"rendered":"http:\/\/hookahshop.lt\/?post_type=product&#038;p=4421"},"modified":"2026-04-05T23:29:09","modified_gmt":"2026-04-05T20:29:09","slug":"skyliu-pramustuvas-adatos-irankis-hookah-foil-poker","status":"publish","type":"product","link":"https:\/\/hookahshop.lt\/et\/toode\/skyliu-pramustuvas-adatos-irankis-hookah-foil-poker\/","title":{"rendered":"Yla tubakas Needle Tool Vesipiibufooliumipokker"},"content":{"rendered":"<h2>Hole augustusn\u00f5ela t\u00f6\u00f6riist Hookah Foil Pokeri jaoks<\/h2>\n<p>Kasutamiseks pakendamiseks ja fooliumi aukude tegemiseks.<\/p>\n<p>Kas teil on k\u00fcsimusi? v\u00f5ta meiega \u00fchendust\u00a0<a href=\"https:\/\/hookahshop.lt\/et\/kontaktid\/\">kontaktide leht<\/a>\u00a0v\u00f5i saatke meile e-kiri aadressil\u00a0<a href=\"https:\/\/facebook.com\/HookahShop.lt\/\" target=\"_blank\" rel=\"noopener noreferrer\">Facebooki konto<\/a>\u00a0ja vastame teie taotlusele samal p\u00e4eval.<\/p>","protected":false},"excerpt":{"rendered":"<p>Vesipiibu fooliumiga pokkeri auguaugu n\u00f5ela t\u00f6\u00f6riist<\/p>","protected":false},"featured_media":4422,"comment_status":"open","ping_status":"closed","template":"","meta":[],"_links":{"self":[{"href":"https:\/\/hookahshop.lt\/et\/wp-json\/wp\/v2\/product\/4421"}],"collection":[{"href":"https:\/\/hookahshop.lt\/et\/wp-json\/wp\/v2\/product"}],"about":[{"href":"https:\/\/hookahshop.lt\/et\/wp-json\/wp\/v2\/types\/product"}],"replies":[{"embeddable":true,"href":"https:\/\/hookahshop.lt\/et\/wp-json\/wp\/v2\/comments?post=4421"}],"version-history":[{"count":5,"href":"https:\/\/hookahshop.lt\/et\/wp-json\/wp\/v2\/product\/4421\/revisions"}],"predecessor-version":[{"id":42993,"href":"https:\/\/hookahshop.lt\/et\/wp-json\/wp\/v2\/product\/4421\/revisions\/42993"}],"wp:featuredmedia":[{"embeddable":true,"href":"https:\/\/hookahshop.lt\/et\/wp-json\/wp\/v2\/media\/4422"}],"wp:attachment":[{"href":"https:\/\/hookahshop.lt\/et\/wp-json\/wp\/v2\/media?parent=4421"}],"curies":[{"name":"wp","href":"https:\/\/api.w.org\/{rel}","templated":true}]}}