{"id":44217,"date":"2025-12-18T13:20:50","date_gmt":"2025-12-18T11:20:50","guid":{"rendered":"https:\/\/hookahshop.lt\/?post_type=product&#038;p=44217"},"modified":"2026-04-15T23:29:41","modified_gmt":"2026-04-15T20:29:41","slug":"taurele-kaljanui-gusto-turkish-v2-milk","status":"publish","type":"product","link":"https:\/\/hookahshop.lt\/et\/toode\/vesipiibu-tass-maius-turgi-v2-piim\/","title":{"rendered":"Vesipiibu tops GUSTO T\u00fcrgi V2 Milk"},"content":{"rendered":"<h2>Vesipiibu tops GUSTO T\u00fcrgi V2 Milk<\/h2>\n<p>Kvaliteetsed, k\u00e4sit\u00f6\u00f6na valminud tassid Ukrainast. Paksud seinad tagavad tassis \u00fchtlase soojuse jaotumise ning laiad avad tagavad hea haarduvuse ja t\u00f5husa \u00f5huringluse. T\u00fcrgi tassi kuju sobib igat t\u00fc\u00fcpi tubakale.<br \/>\nTubaka mahutavus: 11\u201315 g (s\u00f5ltuvalt kasutatud pakendamismeetodist ja tubaka t\u00fc\u00fcbist).<\/p>\n<p><strong>Spetsifikatsioon:<\/strong><br \/>\nK\u00f5rgus: ~10,5 cm<br \/>\nL\u00e4bim\u00f5\u00f5t: ~7,8 cm<br \/>\nAukude arv: 4 tk<\/p>\n<p><strong>Omadused:<\/strong><br \/>\nT\u00fc\u00fcp: t\u00fcrgi<br \/>\nMaterjal: savi<\/p>\n<p>Kas teil on k\u00fcsimusi? v\u00f5ta meiega \u00fchendust\u00a0<a href=\"https:\/\/hookahshop.lt\/et\/kontaktid\/\">kontaktide leht<\/a>\u00a0v\u00f5i saatke meile e-kiri aadressil\u00a0<a href=\"https:\/\/facebook.com\/HookahShop.lt\/\" target=\"_blank\" rel=\"noopener\">Facebooki konto<\/a>\u00a0ja vastame teie taotlusele samal p\u00e4eval.<\/p>","protected":false},"excerpt":{"rendered":"<p>Taurel\u0117 kaljanui GUSTO Turkish V2 Milk Auk\u0161tos kokyb\u0117s, rank\u0173 darbo taurel\u0117s i\u0161 Ukrainos. Storos sienel\u0117s suteikia taurelei tolyg\u0173 \u0161ilumos paskirstym\u0105, o pla\u010dios angos u\u017etikrina ger\u0105 trauk\u0105 ir efektyvi\u0105 oro cirkuliacij\u0105. Turkish taurel\u0117s forma tinka vis\u0173 r\u016b\u0161i\u0173 tabakui. Tabako talpa: 11-15g (atsi\u017evelgiant \u012f naudojam\u0105 pakavimo b\u016bd\u0105 ir tabako r\u016b\u0161\u012f). Specifikacija: Auk\u0161tis: ~10,5cm Skersmuo: ~7,8cm Skyli\u0173 skai\u010dius: [&hellip;]<\/p>","protected":false},"featured_media":44234,"comment_status":"closed","ping_status":"closed","template":"","meta":[],"_links":{"self":[{"href":"https:\/\/hookahshop.lt\/et\/wp-json\/wp\/v2\/product\/44217"}],"collection":[{"href":"https:\/\/hookahshop.lt\/et\/wp-json\/wp\/v2\/product"}],"about":[{"href":"https:\/\/hookahshop.lt\/et\/wp-json\/wp\/v2\/types\/product"}],"replies":[{"embeddable":true,"href":"https:\/\/hookahshop.lt\/et\/wp-json\/wp\/v2\/comments?post=44217"}],"version-history":[{"count":4,"href":"https:\/\/hookahshop.lt\/et\/wp-json\/wp\/v2\/product\/44217\/revisions"}],"predecessor-version":[{"id":44349,"href":"https:\/\/hookahshop.lt\/et\/wp-json\/wp\/v2\/product\/44217\/revisions\/44349"}],"wp:featuredmedia":[{"embeddable":true,"href":"https:\/\/hookahshop.lt\/et\/wp-json\/wp\/v2\/media\/44234"}],"wp:attachment":[{"href":"https:\/\/hookahshop.lt\/et\/wp-json\/wp\/v2\/media?parent=44217"}],"curies":[{"name":"wp","href":"https:\/\/api.w.org\/{rel}","templated":true}]}}