{"id":44222,"date":"2025-12-17T16:00:15","date_gmt":"2025-12-17T14:00:15","guid":{"rendered":"https:\/\/hookahshop.lt\/?post_type=product&#038;p=44222"},"modified":"2026-04-19T23:30:25","modified_gmt":"2026-04-19T20:30:25","slug":"kaljanas-sway-base-onyx","status":"publish","type":"product","link":"https:\/\/hookahshop.lt\/et\/toode\/vesipiibu-sway-base-onyx\/","title":{"rendered":"Vesipiibu SWAY alus Onyx"},"content":{"rendered":"<h2>Vesipiibu SWAY alus Onyx<\/h2>\n<p>Kokkupandav vesipiibu mudel muudab selle kasutamise, hooldamise ja transportimise lihtsaks. Vesipiip on valmistatud k\u00f5rgeima kvaliteediga materjalidest. Vars on vastupidavast roostevabast terasest ja alus on valmistatud insenerpol\u00fcatsetaalist. V\u00e4rvitud mati pol\u00fcmeerv\u00e4rviga. Sisseehitatud hajuti (ei ole eemaldatav).<\/p>\n<p><strong>Spetsifikatsioon:<\/strong><br \/>\nK\u00f5rgus: 49,5 cm<br \/>\nMaterjal: roostevaba teras, pol\u00fcatsetaal<br \/>\nMagnet\u00fchendus<br \/>\nEemaldamatu hajuti<\/p>\n<p><strong>Varustus:<\/strong><br \/>\nVesipiip (vars), suut\u00fckk, taldrik, voolik<\/p>\n<picture><source srcset=\"https:\/\/hookahshop.lt\/wp-content\/webp-express\/webp-images\/uploads\/2020\/09\/stiebas-zarna-kandiklis-1-300x273.jpg.webp 300w, https:\/\/hookahshop.lt\/wp-content\/webp-express\/webp-images\/uploads\/2020\/09\/stiebas-zarna-kandiklis-1-13x12.jpg.webp 13w, https:\/\/hookahshop.lt\/wp-content\/webp-express\/webp-images\/uploads\/2020\/09\/stiebas-zarna-kandiklis-1-64x58.jpg.webp 64w, https:\/\/hookahshop.lt\/wp-content\/webp-express\/webp-images\/uploads\/2020\/09\/stiebas-zarna-kandiklis-1.jpg.webp 420w\" type=\"image\/webp\" sizes=\"(max-width: 300px) 100vw, 300px\" \/><img decoding=\"async\" loading=\"lazy\" class=\"alignnone size-medium wp-image-38521 webpexpress-processed\" title=\"Vesipiip YKAP Killer Classic Brown 1\" src=\"https:\/\/hookahshop.lt\/wp-content\/uploads\/2020\/09\/stiebas-zarna-kandiklis-1-300x273.jpg\" sizes=\"(max-width: 300px) 100vw, 300px\" srcset=\"https:\/\/hookahshop.lt\/wp-content\/uploads\/2020\/09\/stiebas-zarna-kandiklis-1-300x273.jpg 300w, https:\/\/hookahshop.lt\/wp-content\/uploads\/2020\/09\/stiebas-zarna-kandiklis-1-13x12.jpg 13w, https:\/\/hookahshop.lt\/wp-content\/uploads\/2020\/09\/stiebas-zarna-kandiklis-1-64x58.jpg 64w, https:\/\/hookahshop.lt\/wp-content\/uploads\/2020\/09\/stiebas-zarna-kandiklis-1.jpg 420w\" alt=\"varre vooliku huulik 1 - hookahshop.lt\" width=\"300\" height=\"273\" \/><\/picture>\n<p>Kas teil on k\u00fcsimusi? v\u00f5ta meiega \u00fchendust\u00a0<a href=\"https:\/\/hookahshop.lt\/et\/kontaktid\/\">kontaktide leht<\/a>\u00a0v\u00f5i saatke meile e-kiri aadressil\u00a0<a href=\"https:\/\/facebook.com\/HookahShop.lt\/\" target=\"_blank\" rel=\"noopener noreferrer\">Facebooki konto<\/a>\u00a0ja vastame teie taotlusele samal p\u00e4eval.<\/p>","protected":false},"excerpt":{"rendered":"<p>Kaljanas SWAY Base Onyx I\u0161ardomas kaljano modelis leid\u017eia lengvai j\u012f naudoti, pri\u017ei\u016br\u0117ti ir transportuoti. Kaljanas pagamintas i\u0161 auk\u0161\u010diausios kokyb\u0117s med\u017eiag\u0173. \u0160achta pagaminta i\u0161 patvaraus ner\u016bdijan\u010dio plieno, o pagrindas \u2013 i\u0161 in\u017einerinio poliacetalio. Nuda\u017eytas matiniais polimeriniais da\u017eais. \u012emontuotas difuzorius (nenuimamas). Specifikacija: Auk\u0161tis: 49,5cm Med\u017eiaga: ner\u016bdijantis plienas, poliacetalis Magnetin\u0117 jungtis Nenuimamas difuzorius Komplektacija: Kaljanas (\u0161achta), kandiklis, l\u0117k\u0161t\u0117, [&hellip;]<\/p>","protected":false},"featured_media":44266,"comment_status":"closed","ping_status":"closed","template":"","meta":[],"_links":{"self":[{"href":"https:\/\/hookahshop.lt\/et\/wp-json\/wp\/v2\/product\/44222"}],"collection":[{"href":"https:\/\/hookahshop.lt\/et\/wp-json\/wp\/v2\/product"}],"about":[{"href":"https:\/\/hookahshop.lt\/et\/wp-json\/wp\/v2\/types\/product"}],"replies":[{"embeddable":true,"href":"https:\/\/hookahshop.lt\/et\/wp-json\/wp\/v2\/comments?post=44222"}],"version-history":[{"count":5,"href":"https:\/\/hookahshop.lt\/et\/wp-json\/wp\/v2\/product\/44222\/revisions"}],"predecessor-version":[{"id":44869,"href":"https:\/\/hookahshop.lt\/et\/wp-json\/wp\/v2\/product\/44222\/revisions\/44869"}],"wp:featuredmedia":[{"embeddable":true,"href":"https:\/\/hookahshop.lt\/et\/wp-json\/wp\/v2\/media\/44266"}],"wp:attachment":[{"href":"https:\/\/hookahshop.lt\/et\/wp-json\/wp\/v2\/media?parent=44222"}],"curies":[{"name":"wp","href":"https:\/\/api.w.org\/{rel}","templated":true}]}}