{"id":44316,"date":"2025-12-18T09:45:21","date_gmt":"2025-12-18T07:45:21","guid":{"rendered":"https:\/\/hookahshop.lt\/?post_type=product&#038;p=44316"},"modified":"2026-04-19T23:30:25","modified_gmt":"2026-04-19T20:30:25","slug":"sakute-yla-blade-bronze","status":"publish","type":"product","link":"https:\/\/hookahshop.lt\/et\/toode\/sakute-yla-tera-pronks\/","title":{"rendered":"Kahvliots BLADE pronks"},"content":{"rendered":"<h2>Kahvliots BLADE pronks<\/h2>\n<p>Pakkige puhaste k\u00e4tega ideaalne tass. Veatult valmistatud aksessuaar.<\/p>\n<p><strong>Spetsifikatsioon:<\/strong><sub><br \/>\n<\/sub>Materjal: roostevaba teras<sub><br \/>\n<\/sub>V\u00e4rvus: pronks<sub><br \/>\n<\/sub>Pikkus: 16 cm<sub><br \/>\n<\/sub>Laius: 1,5 cm<sub><br \/>\n<\/sub>Kaal: 40g.<\/p>\n<p>Kas teil on k\u00fcsimusi? v\u00f5ta meiega \u00fchendust\u00a0<a href=\"https:\/\/hookahshop.lt\/et\/kontaktid\/\">kontaktide leht<\/a>\u00a0v\u00f5i saatke meile e-kiri aadressil\u00a0<a href=\"https:\/\/facebook.com\/HookahShop.lt\/\" target=\"_blank\" rel=\"noopener\">Facebooki konto<\/a>\u00a0ja vastame teie taotlusele samal p\u00e4eval.<\/p>","protected":false},"excerpt":{"rendered":"<p>\u0160akut\u0117 yla BLADE Bronze Supakuokite tobul\u0105 taurel\u0119 \u0161variomis rankomis. Nepriekai\u0161tingai, kokybi\u0161kai apdirbtas aksesuaras. Specifikacija: Med\u017eiaga: ner\u016bdijantis plienas Spalva: bronzin\u0117 Ilgis: 16cm Plotis: 1,5cm Svoris: 40g. Turite klausim\u0173? Susisiekite su mumis\u00a0kontakt\u0173 puslapyje\u00a0arba para\u0161ykite mums \u012f\u00a0Facebook paskyr\u0105\u00a0ir atsakysime \u012f j\u016bs\u0173 u\u017eklaus\u0105 dar t\u0105 pa\u010di\u0105 dien\u0105.<\/p>","protected":false},"featured_media":44318,"comment_status":"closed","ping_status":"closed","template":"","meta":[],"_links":{"self":[{"href":"https:\/\/hookahshop.lt\/et\/wp-json\/wp\/v2\/product\/44316"}],"collection":[{"href":"https:\/\/hookahshop.lt\/et\/wp-json\/wp\/v2\/product"}],"about":[{"href":"https:\/\/hookahshop.lt\/et\/wp-json\/wp\/v2\/types\/product"}],"replies":[{"embeddable":true,"href":"https:\/\/hookahshop.lt\/et\/wp-json\/wp\/v2\/comments?post=44316"}],"version-history":[{"count":4,"href":"https:\/\/hookahshop.lt\/et\/wp-json\/wp\/v2\/product\/44316\/revisions"}],"predecessor-version":[{"id":44343,"href":"https:\/\/hookahshop.lt\/et\/wp-json\/wp\/v2\/product\/44316\/revisions\/44343"}],"wp:featuredmedia":[{"embeddable":true,"href":"https:\/\/hookahshop.lt\/et\/wp-json\/wp\/v2\/media\/44318"}],"wp:attachment":[{"href":"https:\/\/hookahshop.lt\/et\/wp-json\/wp\/v2\/media?parent=44316"}],"curies":[{"name":"wp","href":"https:\/\/api.w.org\/{rel}","templated":true}]}}