{"id":44373,"date":"2025-12-19T13:33:36","date_gmt":"2025-12-19T11:33:36","guid":{"rendered":"https:\/\/hookahshop.lt\/?post_type=product&#038;p=44373"},"modified":"2026-04-06T23:29:42","modified_gmt":"2026-04-06T20:29:42","slug":"kaljanas-alpha-hookah-misha-revolt-extra-virgin","status":"publish","type":"product","link":"https:\/\/hookahshop.lt\/et\/toode\/vesipiip-alpha-vesipiip-misha-revolt-extra-neitsi\/","title":{"rendered":"Vesipiip ALPHA HOOKAH Misha Revolt Extra Virgin"},"content":{"rendered":"<h2>Vesipiip ALPHA HOOKAH Misha Revolt Extra Virgin<\/h2>\n<p>MISHA on v\u00e4lja andnud k\u00f5rge masti uue versiooni MISHA REVOLT. Rohkem stiili, rohkem m\u00e4ssu, rohkem kohandamist: vastupidava pulberv\u00e4rviga kaetud see peab vastu teie elu k\u00f5ige eepilisematele lugudele. Logoga signatuurripats j\u00e4i paigale - MISHA on endiselt valmis protestima halli argip\u00e4eva vastu. Muide, pikk MISHA Revolt ei sobi ainult isiklikuks kasutamiseks \u2013 see v\u00f5ib r\u00f5\u00f5mustada m\u00e4ssajaid asutustes \u00fcle maailma. Elegantne, minimalistlik ja kvaliteetne tugeva t\u00e4navastiiliga vesipiip. \u00d6konoomne valik, mille tegi Alpha Hookah, maailma juhtiv vesipiibu kaubam\u00e4rk.<\/p>\n<p><strong>Spetsifikatsioonid:<\/strong><br \/>\nK\u00f5rgus \u2013 50 cm (ilma pudelita)<br \/>\nL\u00e4bim\u00f5\u00f5t - 13 mm<br \/>\nPlaadi laius on 20 cm<br \/>\nMaterjal: roostevaba teras, alumiinium, pol\u00fcatsetaal.<br \/>\nVooliku pistik: O-r\u00f5ngas<\/p>\n<p><strong>Varustus:<\/strong><br \/>\nV\u00f5lli<br \/>\nPlaat<br \/>\nSilikoonvoolik<br \/>\nHuulik<br \/>\nHajuti (eemaldatav)<br \/>\n<img decoding=\"async\" loading=\"lazy\" class=\"alignnone size-medium wp-image-38521\" src=\"https:\/\/hookahshop.lt\/wp-content\/uploads\/2020\/09\/stiebas-zarna-kandiklis-1-300x273.jpg\" alt=\"- hookahshop.lt\" width=\"300\" height=\"273\" srcset=\"https:\/\/hookahshop.lt\/wp-content\/uploads\/2020\/09\/stiebas-zarna-kandiklis-1-300x273.jpg 300w, https:\/\/hookahshop.lt\/wp-content\/uploads\/2020\/09\/stiebas-zarna-kandiklis-1-13x12.jpg 13w, https:\/\/hookahshop.lt\/wp-content\/uploads\/2020\/09\/stiebas-zarna-kandiklis-1-64x58.jpg 64w, https:\/\/hookahshop.lt\/wp-content\/uploads\/2020\/09\/stiebas-zarna-kandiklis-1.jpg 420w\" sizes=\"(max-width: 300px) 100vw, 300px\" title=\"\"><\/p>\n<p>Kas teil on k\u00fcsimusi? v\u00f5ta meiega \u00fchendust\u00a0<a href=\"https:\/\/hookahshop.lt\/et\/kontaktid\/\">kontaktide leht<\/a>\u00a0v\u00f5i saatke meile e-kiri aadressil\u00a0<a href=\"https:\/\/facebook.com\/HookahShop.lt\/\" target=\"_blank\" rel=\"noopener noreferrer\">Facebooki konto<\/a>\u00a0ja vastame teie taotlusele samal p\u00e4eval.<\/p>","protected":false},"excerpt":{"rendered":"<p>Kaljanas ALPHA HOOKAH Misha Revolt Extra Virgin MISHA i\u0161leido nauj\u0105 auk\u0161to stiebo versij\u0105 \u2013 MISHA REVOLT. Daugiau stiliaus, daugiau mai\u0161tingumo, daugiau pritaikymo: padengta patvariais milteliniais da\u017eais \u2013 ji atlaikys epi\u0161kiausias j\u016bs\u0173 gyvenimo istorijas. Firminis pakabukas su logotipu liko vietoje \u2013 MISHA vis dar pasiruo\u0161usi protestuoti prie\u0161 pilk\u0105 kasdienyb\u0119. Beje, auk\u0161tas MISHA Revolt tinka ne tik [&hellip;]<\/p>","protected":false},"featured_media":44379,"comment_status":"closed","ping_status":"closed","template":"","meta":[],"_links":{"self":[{"href":"https:\/\/hookahshop.lt\/et\/wp-json\/wp\/v2\/product\/44373"}],"collection":[{"href":"https:\/\/hookahshop.lt\/et\/wp-json\/wp\/v2\/product"}],"about":[{"href":"https:\/\/hookahshop.lt\/et\/wp-json\/wp\/v2\/types\/product"}],"replies":[{"embeddable":true,"href":"https:\/\/hookahshop.lt\/et\/wp-json\/wp\/v2\/comments?post=44373"}],"version-history":[{"count":2,"href":"https:\/\/hookahshop.lt\/et\/wp-json\/wp\/v2\/product\/44373\/revisions"}],"predecessor-version":[{"id":44384,"href":"https:\/\/hookahshop.lt\/et\/wp-json\/wp\/v2\/product\/44373\/revisions\/44384"}],"wp:featuredmedia":[{"embeddable":true,"href":"https:\/\/hookahshop.lt\/et\/wp-json\/wp\/v2\/media\/44379"}],"wp:attachment":[{"href":"https:\/\/hookahshop.lt\/et\/wp-json\/wp\/v2\/media?parent=44373"}],"curies":[{"name":"wp","href":"https:\/\/api.w.org\/{rel}","templated":true}]}}