{"id":44661,"date":"2026-01-23T13:06:24","date_gmt":"2026-01-23T11:06:24","guid":{"rendered":"https:\/\/hookahshop.lt\/?post_type=product&#038;p=44661"},"modified":"2026-04-19T23:30:25","modified_gmt":"2026-04-19T20:30:25","slug":"karscio-kamera-aroma-hookah","status":"publish","type":"product","link":"https:\/\/hookahshop.lt\/et\/toode\/kuuma-kambri-aroma-vesipiip\/","title":{"rendered":"AROMA HOOKAH soojenduskamber"},"content":{"rendered":"<h2>AROMA HOOKAH soojenduskamber<\/h2>\n<p>Valmistatud alumiiniumist. Optimaalse seinapaksuse ja kujuga. P\u00f5hi juhib h\u00e4sti soojust, kuid samal ajal hoiab \u00e4ra vesipiibusegu \u00fclekuumenemise. Lisatarvik sobib suurep\u00e4raselt Aroma Hookah vesipiippudega ja sobib k\u00f5igile turul populaarsetele tassidele.<\/p>\n<p><strong>Spetsifikatsioonid:<\/strong><br \/>\nMaterjal: alumiinium<br \/>\nV\u00e4rvus: h\u00f5bedane<br \/>\nL\u00e4bim\u00f5\u00f5t (v\u00e4limine): 7,4 cm<br \/>\nL\u00e4bim\u00f5\u00f5t (sisemine): 6,5 cm<br \/>\nK\u00f5rgus: 2,5 cm<br \/>\nKaal: 55g.<br \/>\nMahutavus: kuni 2 s\u00fctt l\u00e4bim\u00f5\u00f5duga kuni 27 mm<\/p>\n<p>Kas teil on k\u00fcsimusi? v\u00f5ta meiega \u00fchendust\u00a0<a href=\"https:\/\/hookahshop.lt\/et\/kontaktid\/\">kontaktide leht<\/a>\u00a0v\u00f5i saatke meile e-kiri aadressil\u00a0<a href=\"https:\/\/facebook.com\/HookahShop.lt\/\" target=\"_blank\" rel=\"noopener noreferrer\">Facebooki konto<\/a>\u00a0ja vastame teie taotlusele samal p\u00e4eval.<\/p>","protected":false},"excerpt":{"rendered":"<p>Kar\u0161\u010dio kamera AROMA HOOKAH Pagaminta i\u0161 aliuminio. Sukurta su optimaliu sieneli\u0173 storiu ir forma. Apa\u010dia gerai praleid\u017eia \u0161ilum\u0105, ta\u010diau tuo pa\u010diu metu neleid\u017eia kaljano mi\u0161iniui perkaisti. Aksesuaras puikus derinys su Aroma Hookah kaljanais ir tinka visoms popiuliarioms taurel\u0117ms rinkoje. Specifikacijos: Med\u017eiaga: aliuminis Spalva: sidabrin\u0117 Skersmuo (i\u0161or\u0117): 7,4cm Skersmuo (vidus): 6,5cm Auk\u0161tis: 2,5cm Svoris: 55g. Talpa: [&hellip;]<\/p>","protected":false},"featured_media":44737,"comment_status":"closed","ping_status":"closed","template":"","meta":[],"_links":{"self":[{"href":"https:\/\/hookahshop.lt\/et\/wp-json\/wp\/v2\/product\/44661"}],"collection":[{"href":"https:\/\/hookahshop.lt\/et\/wp-json\/wp\/v2\/product"}],"about":[{"href":"https:\/\/hookahshop.lt\/et\/wp-json\/wp\/v2\/types\/product"}],"replies":[{"embeddable":true,"href":"https:\/\/hookahshop.lt\/et\/wp-json\/wp\/v2\/comments?post=44661"}],"version-history":[{"count":5,"href":"https:\/\/hookahshop.lt\/et\/wp-json\/wp\/v2\/product\/44661\/revisions"}],"predecessor-version":[{"id":45183,"href":"https:\/\/hookahshop.lt\/et\/wp-json\/wp\/v2\/product\/44661\/revisions\/45183"}],"wp:featuredmedia":[{"embeddable":true,"href":"https:\/\/hookahshop.lt\/et\/wp-json\/wp\/v2\/media\/44737"}],"wp:attachment":[{"href":"https:\/\/hookahshop.lt\/et\/wp-json\/wp\/v2\/media?parent=44661"}],"curies":[{"name":"wp","href":"https:\/\/api.w.org\/{rel}","templated":true}]}}