{"id":44663,"date":"2026-01-23T15:04:00","date_gmt":"2026-01-23T13:04:00","guid":{"rendered":"https:\/\/hookahshop.lt\/?post_type=product&#038;p=44663"},"modified":"2026-04-19T23:30:25","modified_gmt":"2026-04-19T20:30:25","slug":"taurele-kaljanui-oblako-turk","status":"publish","type":"product","link":"https:\/\/hookahshop.lt\/et\/toode\/vesipiibu-tass-pilve-turk\/","title":{"rendered":"Vesipiibu tass OBLAKO Turk"},"content":{"rendered":"<h2>Vesipiibu tass OBLAKO Turk<\/h2>\n<p>See on klassikaline savist T\u00fcrgi stiilis tass, mis on valmistatud kvaliteetsest savist ja p\u00f5letatud piimaga. Sellel on tihe struktuur ja iseloomulik kaitsekile pinnal. Savi hoiab t\u00f5husalt soojust ja tagab tubaka \u00fchtlase kuumenemise. T\u00fcrgi tassi kuju sobib igat t\u00fc\u00fcpi tubakale.<br \/>\nTubaka mahutavus: 15-20g. (olenevalt kasutatavast pakkimisviisist ja tubaka t\u00fc\u00fcbist).<\/p>\n<p><strong>Spetsifikatsioonid:<\/strong><br \/>\nK\u00f5rgus: 88 mm<br \/>\nL\u00e4bim\u00f5\u00f5t (v\u00e4limine): 75 mm<br \/>\nL\u00e4bim\u00f5\u00f5t (sisemine): 58 mm<br \/>\nS\u00fcgavus: 22 mm<br \/>\nAukude arv: 5<br \/>\nKaal: umbes 260 g.<\/p>\n<p>Kas teil on k\u00fcsimusi? v\u00f5ta meiega \u00fchendust\u00a0<a href=\"https:\/\/hookahshop.lt\/et\/kontaktid\/\">kontaktide leht<\/a>\u00a0v\u00f5i saatke meile e-kiri aadressil\u00a0<a href=\"https:\/\/facebook.com\/HookahShop.lt\/\" target=\"_blank\" rel=\"noopener noreferrer\">Facebooki konto<\/a>\u00a0ja vastame teie taotlusele samal p\u00e4eval.<\/p>","protected":false},"excerpt":{"rendered":"<p>Taurel\u0117 kaljanui OBLAKO Turk Tai klasikin\u0117 molin\u0117 turkish stiliaus taurel\u0117, pagaminta i\u0161 auk\u0161tos kokyb\u0117s molio ir deginta pienu. Turi tanki\u0105 strukt\u016br\u0105 su b\u016bdinga apsaugine pl\u0117vele pavir\u0161iuje. Molis efektyviai i\u0161laiko \u0161ilum\u0105 ir u\u017etikrina tolyg\u0173 tabako kaitim\u0105. Turkish taurel\u0117s forma tinka vis\u0173 r\u016b\u0161i\u0173 tabakui. Tabako talpa: 15-20g. (atsi\u017evelgiant \u012f naudojam\u0105 pakavimo b\u016bd\u0105 ir tabako r\u016b\u0161\u012f). Specifikacijos: Auk\u0161tis: [&hellip;]<\/p>","protected":false},"featured_media":44717,"comment_status":"closed","ping_status":"closed","template":"","meta":[],"_links":{"self":[{"href":"https:\/\/hookahshop.lt\/et\/wp-json\/wp\/v2\/product\/44663"}],"collection":[{"href":"https:\/\/hookahshop.lt\/et\/wp-json\/wp\/v2\/product"}],"about":[{"href":"https:\/\/hookahshop.lt\/et\/wp-json\/wp\/v2\/types\/product"}],"replies":[{"embeddable":true,"href":"https:\/\/hookahshop.lt\/et\/wp-json\/wp\/v2\/comments?post=44663"}],"version-history":[{"count":7,"href":"https:\/\/hookahshop.lt\/et\/wp-json\/wp\/v2\/product\/44663\/revisions"}],"predecessor-version":[{"id":44761,"href":"https:\/\/hookahshop.lt\/et\/wp-json\/wp\/v2\/product\/44663\/revisions\/44761"}],"wp:featuredmedia":[{"embeddable":true,"href":"https:\/\/hookahshop.lt\/et\/wp-json\/wp\/v2\/media\/44717"}],"wp:attachment":[{"href":"https:\/\/hookahshop.lt\/et\/wp-json\/wp\/v2\/media?parent=44663"}],"curies":[{"name":"wp","href":"https:\/\/api.w.org\/{rel}","templated":true}]}}