{"id":44779,"date":"2026-01-29T09:35:41","date_gmt":"2026-01-29T07:35:41","guid":{"rendered":"https:\/\/hookahshop.lt\/?post_type=product&#038;p=44779"},"modified":"2026-04-06T23:29:42","modified_gmt":"2026-04-06T20:29:42","slug":"individualus-kaljano-kandiklis-darkside-d-stick-grey","status":"publish","type":"product","link":"https:\/\/hookahshop.lt\/et\/toode\/kohandatud-vesipiibu-suuotsik-darkside-d-stick-hall\/","title":{"rendered":"Individuaalne vesipiibu suuotsik DARKSIDE D Stick Grey"},"content":{"rendered":"<h2>Individuaalne vesipiibu suuotsik DARKSIDE D Stick Grey<\/h2>\n<p>T\u00e4nu silikoonist siset\u00fckile sobib igale vesipiibu huulikule, on kaanega. Isiklik magnet\u00fcmbrise ja kaelapaelaga huulik \u2013 huulikut saad alati kaasas kanda. Vastupidavatest ja meeldivatest puudutusmaterjalidest valmistatud silikoontihend sobib igale teisele huulikule.<\/p>\n<p><strong>Spetsifikatsioonid:<\/strong><br \/>\nPikkus: 62 mm<br \/>\nL\u00e4bim\u00f5\u00f5t: 26 mm<br \/>\nMaterjal: pol\u00fcatsetaal, silikoon.<br \/>\nV\u00e4rv: hall<\/p>\n<p><strong>Varustus:<\/strong><br \/>\nIndividuaalne n\u00f6\u00f6riga huulik<br \/>\nBranded Darside kast<\/p>\n<p>Kas teil on k\u00fcsimusi? v\u00f5ta meiega \u00fchendust\u00a0<a href=\"https:\/\/hookahshop.lt\/et\/kontaktid\/\">kontaktide leht<\/a>\u00a0v\u00f5i saatke meile e-kiri aadressil\u00a0<a href=\"https:\/\/facebook.com\/HookahShop.lt\/\" target=\"_blank\" rel=\"noopener\">Facebooki konto<\/a>\u00a0ja vastame teie taotlusele samal p\u00e4eval.<\/p>","protected":false},"excerpt":{"rendered":"<p>Individualus kaljano kandiklis DARKSIDE D Stick Grey D\u0117l silikoninio intarpo tinka prie bet kurio kaljano kandiklio, turi dangtel\u012f. Asmeninis kandiklis su magnetiniu d\u0117klu ir rai\u0161teliu \u2013 kandikl\u012f visada galite ne\u0161iotis su savimi. Pagaminta i\u0161 patvari\u0173 ir maloni\u0173 liesti med\u017eiag\u0173, o silikoninis sandariklis tiks prie bet kurio kito kandiklio. Specifikacijos: Ilgis: 62mm Skersmuo: 26mm Med\u017eiaga: poliacetalis, [&hellip;]<\/p>","protected":false},"featured_media":44790,"comment_status":"closed","ping_status":"closed","template":"","meta":[],"_links":{"self":[{"href":"https:\/\/hookahshop.lt\/et\/wp-json\/wp\/v2\/product\/44779"}],"collection":[{"href":"https:\/\/hookahshop.lt\/et\/wp-json\/wp\/v2\/product"}],"about":[{"href":"https:\/\/hookahshop.lt\/et\/wp-json\/wp\/v2\/types\/product"}],"replies":[{"embeddable":true,"href":"https:\/\/hookahshop.lt\/et\/wp-json\/wp\/v2\/comments?post=44779"}],"version-history":[{"count":4,"href":"https:\/\/hookahshop.lt\/et\/wp-json\/wp\/v2\/product\/44779\/revisions"}],"predecessor-version":[{"id":44817,"href":"https:\/\/hookahshop.lt\/et\/wp-json\/wp\/v2\/product\/44779\/revisions\/44817"}],"wp:featuredmedia":[{"embeddable":true,"href":"https:\/\/hookahshop.lt\/et\/wp-json\/wp\/v2\/media\/44790"}],"wp:attachment":[{"href":"https:\/\/hookahshop.lt\/et\/wp-json\/wp\/v2\/media?parent=44779"}],"curies":[{"name":"wp","href":"https:\/\/api.w.org\/{rel}","templated":true}]}}