{"id":44890,"date":"2026-02-17T12:48:31","date_gmt":"2026-02-17T10:48:31","guid":{"rendered":"https:\/\/hookahshop.lt\/?post_type=product&#038;p=44890"},"modified":"2026-04-21T23:30:33","modified_gmt":"2026-04-21T20:30:33","slug":"kaljanas-darkside-neo-bronze","status":"publish","type":"product","link":"https:\/\/hookahshop.lt\/et\/toode\/vesipiip-darkside-neo-pronks\/","title":{"rendered":"Vesipiip DARKSIDE NEO Bronze"},"content":{"rendered":"<h2 data-start=\"0\" data-end=\"340\">Vesipiip DARKSIDE NEO Bronze<\/h2>\n<p data-start=\"0\" data-end=\"340\">Minimalistlik vesipiip, mis on loodud mugavaks igap\u00e4evaseks kasutamiseks. Vertikaalne suitsuava ja klassikaline ava tagavad meeldiva suitsetamise, samas kui magnetiline vooliku\u00fchendus pakub ohutust ja mugavust. T\u00e4nu universaalsele v\u00f5llikinnitusele ja kompaktsele 30 cm k\u00f5rgusele on vesipiipu lihtne kokku panna ja hooldada.<\/p>\n<p data-start=\"342\" data-end=\"552\"><strong data-start=\"342\" data-end=\"360\">Spetsifikatsioon:<\/strong><br data-start=\"360\" data-end=\"363\" \/>K\u00f5rgus: 30 cm<br \/>\nV\u00e4rvus: pronks<br \/>\nMaterjalid: alumiinium, roostevaba teras, plastik, silikoon<br \/>\nMagnetvooliku \u00fchendus<\/p>\n<p data-start=\"554\" data-end=\"657\"><strong data-start=\"554\" data-end=\"572\">Varustus:<\/strong><br data-start=\"572\" data-end=\"575\" \/>Vesipiip (v\u00f5ll), taldrik, voolik, suuotsik.<\/p>\n<p data-start=\"554\" data-end=\"657\"><img decoding=\"async\" loading=\"lazy\" class=\"alignnone size-medium wp-image-38521\" src=\"https:\/\/hookahshop.lt\/wp-content\/uploads\/2020\/09\/stiebas-zarna-kandiklis-1-300x273.jpg\" alt=\"- hookahshop.lt\" width=\"300\" height=\"273\" srcset=\"https:\/\/hookahshop.lt\/wp-content\/uploads\/2020\/09\/stiebas-zarna-kandiklis-1-300x273.jpg 300w, https:\/\/hookahshop.lt\/wp-content\/uploads\/2020\/09\/stiebas-zarna-kandiklis-1-13x12.jpg 13w, https:\/\/hookahshop.lt\/wp-content\/uploads\/2020\/09\/stiebas-zarna-kandiklis-1-64x58.jpg 64w, https:\/\/hookahshop.lt\/wp-content\/uploads\/2020\/09\/stiebas-zarna-kandiklis-1.jpg 420w\" sizes=\"(max-width: 300px) 100vw, 300px\" title=\"\"><\/p>\n<p data-start=\"554\" data-end=\"657\">Kas teil on k\u00fcsimusi? v\u00f5ta meiega \u00fchendust\u00a0<a href=\"https:\/\/hookahshop.lt\/et\/kontaktid\/\">kontaktide leht<\/a>\u00a0v\u00f5i saatke meile e-kiri aadressil\u00a0<a href=\"https:\/\/facebook.com\/HookahShop.lt\/\" target=\"_blank\" rel=\"noopener noreferrer\">Facebooki konto<\/a>\u00a0ja vastame teie taotlusele samal p\u00e4eval.<\/p>","protected":false},"excerpt":{"rendered":"<p>Kaljanas DARKSIDE NEO Bronze Minimalistinio dizaino kaljanas, sukurtas patogiam kasdieniam naudojimui. Vertikali d\u016bmo i\u0161leidimo sistema ir klasikinis traukimas u\u017etikrina malon\u0173 r\u016bkym\u0105, o magnetin\u0117 \u017earnos jungtis suteikia saugum\u0105 ir patogum\u0105. D\u0117l universalaus \u0161achtos tvirtinimo ir kompakti\u0161ko 30 cm auk\u0161\u010dio kaljanas lengvai surenkamas ir pri\u017ei\u016brimas. Specifikacija:Auk\u0161tis: 30 cm Spalva: bronzin\u0117 Med\u017eiagos: aliuminis, ner\u016bdijantis plienas, plastikas, silikonas Magnetin\u0117 [&hellip;]<\/p>","protected":false},"featured_media":44879,"comment_status":"closed","ping_status":"closed","template":"","meta":[],"_links":{"self":[{"href":"https:\/\/hookahshop.lt\/et\/wp-json\/wp\/v2\/product\/44890"}],"collection":[{"href":"https:\/\/hookahshop.lt\/et\/wp-json\/wp\/v2\/product"}],"about":[{"href":"https:\/\/hookahshop.lt\/et\/wp-json\/wp\/v2\/types\/product"}],"replies":[{"embeddable":true,"href":"https:\/\/hookahshop.lt\/et\/wp-json\/wp\/v2\/comments?post=44890"}],"version-history":[{"count":3,"href":"https:\/\/hookahshop.lt\/et\/wp-json\/wp\/v2\/product\/44890\/revisions"}],"predecessor-version":[{"id":44982,"href":"https:\/\/hookahshop.lt\/et\/wp-json\/wp\/v2\/product\/44890\/revisions\/44982"}],"wp:featuredmedia":[{"embeddable":true,"href":"https:\/\/hookahshop.lt\/et\/wp-json\/wp\/v2\/media\/44879"}],"wp:attachment":[{"href":"https:\/\/hookahshop.lt\/et\/wp-json\/wp\/v2\/media?parent=44890"}],"curies":[{"name":"wp","href":"https:\/\/api.w.org\/{rel}","templated":true}]}}