{"id":44910,"date":"2026-02-17T12:51:02","date_gmt":"2026-02-17T10:51:02","guid":{"rendered":"https:\/\/hookahshop.lt\/?post_type=product&#038;p=44910"},"modified":"2026-04-21T23:30:33","modified_gmt":"2026-04-21T20:30:33","slug":"kaljano-kandiklis-darkside-d-stick-base","status":"publish","type":"product","link":"https:\/\/hookahshop.lt\/et\/toode\/vesipiibu-suuotsik-darkside-d-stick-alus\/","title":{"rendered":"Individuaalne vesipiibu suuotsik DARKSIDE D Stick Base"},"content":{"rendered":"<h2 data-start=\"0\" data-end=\"272\">Individuaalne vesipiibu suuotsik DARKSIDE D Stick Base<\/h2>\n<p data-start=\"0\" data-end=\"272\">Isiklik vesipiibu suuotsik paelkinnitusega puhtama ja mugavama suitsetamise jaoks. Ergonoomiline kuju sobib mugavalt k\u00e4tte ja universaalne \u00fchenduspesa sobib enamike t\u00e4nap\u00e4evaste suuotsikutega. Paelkinnitus v\u00f5imaldab mugavat kaasaskandmist mahvide vahel.<\/p>\n<p data-start=\"274\" data-end=\"429\"><strong data-start=\"274\" data-end=\"292\">Spetsifikatsioon:<\/strong><br data-start=\"292\" data-end=\"295\" \/>Materjal: pol\u00fcmeer<br data-start=\"314\" data-end=\"317\" data-is-only-node=\"\" \/>N\u00f6\u00f6r: pol\u00fcester<br data-start=\"337\" data-end=\"340\" \/>V\u00e4rvus must<br data-start=\"393\" data-end=\"396\" \/>Kergesti pestav ja korduvkasutatav<\/p>\n<p data-start=\"431\" data-end=\"513\" data-is-last-node=\"\" data-is-only-node=\"\">Kas teil on k\u00fcsimusi? v\u00f5ta meiega \u00fchendust\u00a0<a href=\"https:\/\/hookahshop.lt\/et\/kontaktid\/\">kontaktide leht<\/a>\u00a0v\u00f5i saatke meile e-kiri aadressil\u00a0<a href=\"https:\/\/facebook.com\/HookahShop.lt\/\" target=\"_blank\" rel=\"noopener noreferrer\">Facebooki konto<\/a>\u00a0ja vastame teie taotlusele samal p\u00e4eval.<\/p>","protected":false},"excerpt":{"rendered":"<p>Individualus kaljano kandiklis DARKSIDE D Stick Base Asmeninis kaljano kandiklio antgalis su virvele, skirtas \u0161varesniam ir patogesniam r\u016bkymui. Ergonomi\u0161ka forma patogiai laikosi rankoje, o universali jungtis tinka daugumai \u0161iuolaikini\u0173 kandikli\u0173. Virvel\u0117 leid\u017eia patogiai ne\u0161iotis tarp traukim\u0173. Specifikacija:Med\u017eiaga: polimerasVirvel\u0117: poliesterisSpalva: juodaLengvai plaunamas ir daugkartinis Turite klausim\u0173? Susisiekite su mumis\u00a0kontakt\u0173 puslapyje\u00a0arba para\u0161ykite mums \u012f\u00a0Facebook paskyr\u0105\u00a0ir atsakysime \u012f [&hellip;]<\/p>","protected":false},"featured_media":44882,"comment_status":"closed","ping_status":"closed","template":"","meta":[],"_links":{"self":[{"href":"https:\/\/hookahshop.lt\/et\/wp-json\/wp\/v2\/product\/44910"}],"collection":[{"href":"https:\/\/hookahshop.lt\/et\/wp-json\/wp\/v2\/product"}],"about":[{"href":"https:\/\/hookahshop.lt\/et\/wp-json\/wp\/v2\/types\/product"}],"replies":[{"embeddable":true,"href":"https:\/\/hookahshop.lt\/et\/wp-json\/wp\/v2\/comments?post=44910"}],"version-history":[{"count":2,"href":"https:\/\/hookahshop.lt\/et\/wp-json\/wp\/v2\/product\/44910\/revisions"}],"predecessor-version":[{"id":44984,"href":"https:\/\/hookahshop.lt\/et\/wp-json\/wp\/v2\/product\/44910\/revisions\/44984"}],"wp:featuredmedia":[{"embeddable":true,"href":"https:\/\/hookahshop.lt\/et\/wp-json\/wp\/v2\/media\/44882"}],"wp:attachment":[{"href":"https:\/\/hookahshop.lt\/et\/wp-json\/wp\/v2\/media?parent=44910"}],"curies":[{"name":"wp","href":"https:\/\/api.w.org\/{rel}","templated":true}]}}