{"id":44990,"date":"2026-02-17T13:16:04","date_gmt":"2026-02-17T11:16:04","guid":{"rendered":"https:\/\/hookahshop.lt\/?post_type=product&#038;p=44990"},"modified":"2026-04-23T23:30:16","modified_gmt":"2026-04-23T20:30:16","slug":"apsauginis-sietelis-kaljanui-darkside-d-fender","status":"publish","type":"product","link":"https:\/\/hookahshop.lt\/et\/toode\/kaitseekraan-vesipiibu-jaoks-darkside-d-fender\/","title":{"rendered":"Kaitseekraan vesipiibule DARKSIDE D-Fender"},"content":{"rendered":"<h2 data-start=\"0\" data-end=\"277\">Kaitseekraan vesipiibule DARKSIDE D-Fender<\/h2>\n<p data-start=\"0\" data-end=\"277\">Uuendatud s\u00f6ekaitse v\u00e4hendab s\u00f6e v\u00e4ljakukkumise ohtu ja aitab kaitsta p\u00f5letuste eest. Kergem, minimalistlik disain kumerate servadega tagab ohutuma kasutamise. Sobib enamikele vesipiipudele ja ei m\u00f5juta kuumust.<\/p>\n<p data-start=\"279\" data-end=\"392\"><strong data-start=\"279\" data-end=\"297\">Spetsifikatsioon:<\/strong><br data-start=\"297\" data-end=\"300\" \/>Materjal: roostevaba teras<br data-start=\"330\" data-end=\"333\" data-is-only-node=\"\" \/>Kuumuskindel kate<br data-start=\"355\" data-end=\"358\" \/>L\u00e4bim\u00f5\u00f5t: 11 cm<br data-start=\"373\" data-end=\"376\" \/>K\u00f5rgus: 23 cm<\/p>\n<p data-start=\"659\" data-end=\"819\" data-is-last-node=\"\" data-is-only-node=\"\">Kas teil on k\u00fcsimusi? v\u00f5ta meiega \u00fchendust\u00a0<a href=\"https:\/\/hookahshop.lt\/et\/kontaktid\/\">kontaktide leht<\/a>\u00a0v\u00f5i saatke meile e-kiri aadressil\u00a0<a href=\"https:\/\/facebook.com\/HookahShop.lt\/\" target=\"_blank\" rel=\"noopener noreferrer\">Facebooki konto<\/a>\u00a0ja vastame teie taotlusele samal p\u00e4eval.<\/p>","protected":false},"excerpt":{"rendered":"<p>Apsauginis sietelis kaljanui DARKSIDE D-Fender Atnaujintas apsauginis angli\u0173 gaubtas, ma\u017einantis angli\u0173 i\u0161kritimo rizik\u0105 ir padedantis apsisaugoti nuo nudegim\u0173. Lengvesn\u0117, minimalistin\u0117 konstrukcija su u\u017elenktais kra\u0161tais u\u017etikrina saugesn\u012f naudojim\u0105. Tinka daugumai kaljan\u0173 ir neturi \u012ftakos kaitrai. Specifikacija:Med\u017eiaga: ner\u016bdijantis plienasKar\u0161\u010diui atspari dangaSkersmuo: 11 cmAuk\u0161tis: 23 cm Turite klausim\u0173? Susisiekite su mumis\u00a0kontakt\u0173 puslapyje\u00a0arba para\u0161ykite mums \u012f\u00a0Facebook paskyr\u0105\u00a0ir atsakysime \u012f [&hellip;]<\/p>","protected":false},"featured_media":44880,"comment_status":"closed","ping_status":"closed","template":"","meta":[],"_links":{"self":[{"href":"https:\/\/hookahshop.lt\/et\/wp-json\/wp\/v2\/product\/44990"}],"collection":[{"href":"https:\/\/hookahshop.lt\/et\/wp-json\/wp\/v2\/product"}],"about":[{"href":"https:\/\/hookahshop.lt\/et\/wp-json\/wp\/v2\/types\/product"}],"replies":[{"embeddable":true,"href":"https:\/\/hookahshop.lt\/et\/wp-json\/wp\/v2\/comments?post=44990"}],"version-history":[{"count":3,"href":"https:\/\/hookahshop.lt\/et\/wp-json\/wp\/v2\/product\/44990\/revisions"}],"predecessor-version":[{"id":44994,"href":"https:\/\/hookahshop.lt\/et\/wp-json\/wp\/v2\/product\/44990\/revisions\/44994"}],"wp:featuredmedia":[{"embeddable":true,"href":"https:\/\/hookahshop.lt\/et\/wp-json\/wp\/v2\/media\/44880"}],"wp:attachment":[{"href":"https:\/\/hookahshop.lt\/et\/wp-json\/wp\/v2\/media?parent=44990"}],"curies":[{"name":"wp","href":"https:\/\/api.w.org\/{rel}","templated":true}]}}