{"id":45223,"date":"2026-02-24T14:54:14","date_gmt":"2026-02-24T12:54:14","guid":{"rendered":"https:\/\/hookahshop.lt\/?post_type=product&#038;p=45223"},"modified":"2026-04-05T23:29:45","modified_gmt":"2026-04-05T20:29:45","slug":"apatine-dalis-karscio-kamerai-xkah-pro","status":"publish","type":"product","link":"https:\/\/hookahshop.lt\/et\/toode\/xkah-pro-kuumkaamera-alumine-osa\/","title":{"rendered":"XKAH Pro grafiitk\u00fcttekambri alumine osa"},"content":{"rendered":"<h2 data-start=\"0\" data-end=\"65\">XKAH Pro grafiitk\u00fcttekambri alumine osa<\/h2>\n<p data-start=\"0\" data-end=\"65\">XKAH Pro grafiidist kuumutuskambri alumine osa on originaalvaruosa, mis on m\u00f5eldud seadme kahjustatud v\u00f5i kulunud alumise osa asendamiseks. Kui teie XKAH Pro alumine osa on kahjustatud, v\u00f5imaldab see varuosa teil seadme t\u00e4ieliku funktsionaalsuse kiiresti ja lihtsalt taastada ilma uut seadet ostmata.<\/p>\n<p data-start=\"544\" data-end=\"634\">See on \u00f6konoomne ja praktiline lahendus, mis tagab seadme pikema kasutusea.<\/p>\n<p data-start=\"67\" data-end=\"166\"><strong data-start=\"67\" data-end=\"79\">Spetsifikatsioon:<\/strong><br data-start=\"88\" data-end=\"91\" \/>Osa<strong data-start=\"91\" data-end=\"101\">:<\/strong> Alumine osa (alumine sektsioon)<br data-start=\"133\" data-end=\"136\" \/>V\u00e4rv<strong data-start=\"136\" data-end=\"147\">:<\/strong> Grafiit<\/p>\n<p data-start=\"67\" data-end=\"166\">Kas teil on k\u00fcsimusi? v\u00f5ta meiega \u00fchendust\u00a0<a href=\"https:\/\/hookahshop.lt\/et\/kontaktid\/\">kontaktide leht<\/a>\u00a0v\u00f5i saatke meile e-kiri aadressil\u00a0<a href=\"https:\/\/facebook.com\/HookahShop.lt\/\" target=\"_blank\" rel=\"noopener noreferrer\">Facebooki konto<\/a>\u00a0ja vastame teie taotlusele samal p\u00e4eval.<\/p>","protected":false},"excerpt":{"rendered":"<p>Apatin\u0117 dalis kar\u0161\u010dio kamerai XKAH Pro Graphite Apatin\u0117 dalis kar\u0161\u010dio kamerai XKAH Pro Graphite \u2013 tai originali kei\u010diama detal\u0117, skirta pa\u017eeistai arba susid\u0117v\u0117jusiai apatinei \u012frenginio sekcijai pakeisti. Jei j\u016bs\u0173 XKAH Pro apatin\u0117 dalis buvo pa\u017eeista, \u0161i atsargin\u0117 dalis leis greitai ir paprastai atkurti piln\u0105 \u012frenginio funkcionalum\u0105, neperkant naujo \u012frenginio. Tai ekonomi\u0161kas ir prakti\u0161kas sprendimas, u\u017etikrinantis [&hellip;]<\/p>","protected":false},"featured_media":45224,"comment_status":"closed","ping_status":"closed","template":"","meta":[],"_links":{"self":[{"href":"https:\/\/hookahshop.lt\/et\/wp-json\/wp\/v2\/product\/45223"}],"collection":[{"href":"https:\/\/hookahshop.lt\/et\/wp-json\/wp\/v2\/product"}],"about":[{"href":"https:\/\/hookahshop.lt\/et\/wp-json\/wp\/v2\/types\/product"}],"replies":[{"embeddable":true,"href":"https:\/\/hookahshop.lt\/et\/wp-json\/wp\/v2\/comments?post=45223"}],"version-history":[{"count":6,"href":"https:\/\/hookahshop.lt\/et\/wp-json\/wp\/v2\/product\/45223\/revisions"}],"predecessor-version":[{"id":45240,"href":"https:\/\/hookahshop.lt\/et\/wp-json\/wp\/v2\/product\/45223\/revisions\/45240"}],"wp:featuredmedia":[{"embeddable":true,"href":"https:\/\/hookahshop.lt\/et\/wp-json\/wp\/v2\/media\/45224"}],"wp:attachment":[{"href":"https:\/\/hookahshop.lt\/et\/wp-json\/wp\/v2\/media?parent=45223"}],"curies":[{"name":"wp","href":"https:\/\/api.w.org\/{rel}","templated":true}]}}