{"id":45550,"date":"2026-04-01T13:38:04","date_gmt":"2026-04-01T10:38:04","guid":{"rendered":"https:\/\/hookahshop.lt\/?post_type=product&#038;p=45550"},"modified":"2026-04-26T23:30:23","modified_gmt":"2026-04-26T20:30:23","slug":"kaitlente-kaljano-anglims-smoke2u-500w","status":"publish","type":"product","link":"https:\/\/hookahshop.lt\/et\/toode\/vesipiibu-soega-pliidiplaat-kuumutusplaat-smoke2u-500w\/","title":{"rendered":"Vesipiibu s\u00f6e kuumutusplaat SMOKE2U 500W"},"content":{"rendered":"<h2>Vesipiibu s\u00f6e kuumutusplaat SMOKE2U 500W<\/h2>\n<div class=\"product_inf_options_box_odd_row_val\">See on v\u00e4ike keeduplaat loodusliku kookosp\u00e4hkli s\u00f6e kuumutamiseks. S\u00fcsi asetseb ohutult s\u00f6eresti peal ja kaitseb k\u00fctteelementi. See tagab s\u00f6es\u00fc\u00fctaja eluea.<\/div>\n<div><\/div>\n<div class=\"product_inf_options_box_odd_row_val\"><strong>Spetsifikatsioon:<\/strong><br \/>\nMahutavus: kuni 4 vesipiibu s\u00fctt (26x26x26mm)<br \/>\nV\u00f5imsus: 500W<br \/>\nToitejuhe: 1 m.<br \/>\nPinge: 230V ~ 50Hz<\/div>\n<div class=\"product_inf_options_box_odd_row_val\">Temperatuur: reguleeritav<br \/>\nOhutus: \u00fclekuumenemiskaitse, CE kontrollitud<\/p>\n<div>S\u00f6e kuumutamise aeg: ~10min.<\/div>\n<div><\/div>\n<div>Kas teil on k\u00fcsimusi? v\u00f5ta meiega \u00fchendust\u00a0<a href=\"https:\/\/hookahshop.lt\/et\/kontaktid\/\">kontaktide leht<\/a>\u00a0v\u00f5i saatke meile e-kiri aadressil\u00a0<a href=\"https:\/\/facebook.com\/HookahShop.lt\/\" target=\"_blank\" rel=\"noopener noreferrer\">Facebooki konto<\/a>\u00a0ja vastame teie taotlusele samal p\u00e4eval.<\/div>\n<\/div>","protected":false},"excerpt":{"rendered":"<p>Kaitlent\u0117 kaljano anglims SMOKE2U 500W Tai ma\u017ea kaitlent\u0117, skirta \u012fkaitinti nat\u016bralias kokoso anglis. Anglys saugiai gul\u0117s ant anglies groteli\u0173 ir apsaugos \u0161ildymo element\u0105. Tai u\u017etikrina anglies \u017eiebtuv\u0117lio tarnavimo laik\u0105. Specifikacija: Talpa: iki 4 kaljano angli\u0173 (26x26x26mm) Galia: 500W Maitinimo laidas: 1 m. \u012etampa: 230V ~ 50Hz Temperat\u016bra: reguliuojama Sauga: Apsauga nuo perkaitimo, CE patikrinta Angli\u0173 [&hellip;]<\/p>","protected":false},"featured_media":45551,"comment_status":"closed","ping_status":"closed","template":"","meta":[],"_links":{"self":[{"href":"https:\/\/hookahshop.lt\/et\/wp-json\/wp\/v2\/product\/45550"}],"collection":[{"href":"https:\/\/hookahshop.lt\/et\/wp-json\/wp\/v2\/product"}],"about":[{"href":"https:\/\/hookahshop.lt\/et\/wp-json\/wp\/v2\/types\/product"}],"replies":[{"embeddable":true,"href":"https:\/\/hookahshop.lt\/et\/wp-json\/wp\/v2\/comments?post=45550"}],"version-history":[{"count":4,"href":"https:\/\/hookahshop.lt\/et\/wp-json\/wp\/v2\/product\/45550\/revisions"}],"predecessor-version":[{"id":45559,"href":"https:\/\/hookahshop.lt\/et\/wp-json\/wp\/v2\/product\/45550\/revisions\/45559"}],"wp:featuredmedia":[{"embeddable":true,"href":"https:\/\/hookahshop.lt\/et\/wp-json\/wp\/v2\/media\/45551"}],"wp:attachment":[{"href":"https:\/\/hookahshop.lt\/et\/wp-json\/wp\/v2\/media?parent=45550"}],"curies":[{"name":"wp","href":"https:\/\/api.w.org\/{rel}","templated":true}]}}