{"id":4958,"date":"2020-04-17T18:26:55","date_gmt":"2020-04-17T15:26:55","guid":{"rendered":"http:\/\/hookahshop.lt\/?post_type=product&#038;p=4958"},"modified":"2026-04-05T23:29:19","modified_gmt":"2026-04-05T20:29:19","slug":"turistine-dujine-virykle","status":"publish","type":"product","link":"https:\/\/hookahshop.lt\/et\/toode\/telkimisgaasipliit\/","title":{"rendered":"Telkimisgaasipliit"},"content":{"rendered":"<h2>Telkimisgaasipliit<\/h2>\n<p>T\u00e4nu suurep\u00e4rasele kaalu ja v\u00f5imsuse suhtele on pliit ideaalne matkajatele ja reisijatele. Roostevabast terasest hoidikuid kokku voltides mahutate pliidi mugavalt kaasasolevasse kotti.<\/p>\n<p><strong>Toote omadused:<\/strong><\/p>\n<ul>\n<li>Pliit on valmistatud kuumakindlast ja pressitud terasest.<\/li>\n<li>Integreeritud piesoelektriline s\u00fc\u00fcde \u2013 pole vaja kasutada tikke ega v\u00e4lgumihkleid!<\/li>\n<li>Leegi v\u00f5imsust juhib mugav k\u00e4epide \u2013 klapp.<\/li>\n<li>Integreeritud leegikaitse \u00f5hul\u00f6\u00f6kide eest.<\/li>\n<li>Kasutatakse odavaid ja populaarseid dosaatoreid MSF-1a!<\/li>\n<li>Pliiti on lihtne kokku panna, lihtne kasutada ja puhastada!<\/li>\n<li>T\u00c4HELEPANU: balloon tuleb \u00fchendada \u00fchendusega (gaasivoolu reguleerimise nupuga) ja keerata sisse, kuni see kahes lukustuspunktis paigale lukustub! Pudel tuleb p\u00e4rast iga kasutuskorda lahti v\u00f5tta!<\/li>\n<\/ul>\n<p><strong>Tehnilised andmed:<\/strong><\/p>\n<ul>\n<li>Silindri t\u00fc\u00fcp: MSF-1a<\/li>\n<li>Materjal: teras<\/li>\n<li>S\u00fc\u00fcde: piesoelektriline (pole vaja tikke \/ tulemasinaid)<\/li>\n<li>Mugav leegi juhtimine (k\u00e4epide)<\/li>\n<li>Pliidi grill \/ maksimaalne \u00f5lgade vahe (l\u00e4bim\u00f5\u00f5t): 22 cm<\/li>\n<li>k\u00f5rgus: 8,5 cm<\/li>\n<li>laius: 11 cm<\/li>\n<li>K\u00f5rgus (k\u00f5ver): 9,5 cm<\/li>\n<li>Laius (k\u00f5ver): 15 cm<\/li>\n<li>Kaasasolevad hoidikud on 11 cm x 11 cm x 9 cm<\/li>\n<li>V\u00e4rv: punane ja h\u00f5bedane<\/li>\n<li>Kaasas reisikott<\/li>\n<li>Pakend: pappkarp<\/li>\n<li>M\u00c4RKUS. Komplektis ei ole kanistrit<\/li>\n<\/ul>\n<p>Kas teil on k\u00fcsimusi? v\u00f5ta meiega \u00fchendust\u00a0<a href=\"https:\/\/hookahshop.lt\/et\/kontaktid\/\">kontaktide leht<\/a>\u00a0v\u00f5i saatke meile e-kiri aadressil\u00a0<a href=\"https:\/\/facebook.com\/HookahShop.lt\/\" target=\"_blank\" rel=\"noopener noreferrer\">Facebooki konto<\/a>\u00a0ja vastame teie taotlusele samal p\u00e4eval.<\/p>","protected":false},"excerpt":{"rendered":"<p>T\u00e4nu suurep\u00e4rasele kaalu ja v\u00f5imsuse suhtele on pliit ideaalne matkajatele ja reisijatele. Roostevabast terasest hoidikuid kokku voltides mahutate pliidi mugavalt kaasasolevasse kotti.<\/p>","protected":false},"featured_media":4962,"comment_status":"open","ping_status":"closed","template":"","meta":[],"_links":{"self":[{"href":"https:\/\/hookahshop.lt\/et\/wp-json\/wp\/v2\/product\/4958"}],"collection":[{"href":"https:\/\/hookahshop.lt\/et\/wp-json\/wp\/v2\/product"}],"about":[{"href":"https:\/\/hookahshop.lt\/et\/wp-json\/wp\/v2\/types\/product"}],"replies":[{"embeddable":true,"href":"https:\/\/hookahshop.lt\/et\/wp-json\/wp\/v2\/comments?post=4958"}],"version-history":[{"count":5,"href":"https:\/\/hookahshop.lt\/et\/wp-json\/wp\/v2\/product\/4958\/revisions"}],"predecessor-version":[{"id":45191,"href":"https:\/\/hookahshop.lt\/et\/wp-json\/wp\/v2\/product\/4958\/revisions\/45191"}],"wp:featuredmedia":[{"embeddable":true,"href":"https:\/\/hookahshop.lt\/et\/wp-json\/wp\/v2\/media\/4962"}],"wp:attachment":[{"href":"https:\/\/hookahshop.lt\/et\/wp-json\/wp\/v2\/media?parent=4958"}],"curies":[{"name":"wp","href":"https:\/\/api.w.org\/{rel}","templated":true}]}}