{"id":4971,"date":"2020-04-17T18:36:20","date_gmt":"2020-04-17T15:36:20","guid":{"rendered":"http:\/\/hookahshop.lt\/?post_type=product&#038;p=4971"},"modified":"2026-04-05T23:28:40","modified_gmt":"2026-04-05T20:28:40","slug":"duju-balionelis-tiross","status":"publish","type":"product","link":"https:\/\/hookahshop.lt\/et\/toode\/gaasiballoon-tiross\/","title":{"rendered":"Gaasiballoon TIROSS 400ml"},"content":{"rendered":"<h2>Gaasiballoon TIROSS 400ml<\/h2>\n<p>Sobib kasutamiseks gaasipliidiga K202 vesipiibu loodusliku kookosp\u00e4hkli s\u00fcttimiseks.<\/p>\n<p>Kas teil on k\u00fcsimusi? v\u00f5ta meiega \u00fchendust\u00a0<a href=\"https:\/\/hookahshop.lt\/et\/kontaktid\/\">kontaktide leht<\/a>\u00a0v\u00f5i saatke meile e-kiri aadressil\u00a0<a href=\"https:\/\/facebook.com\/HookahShop.lt\/\" target=\"_blank\" rel=\"noopener noreferrer\">Facebooki konto<\/a>\u00a0ja vastame teie taotlusele samal p\u00e4eval.<\/p>","protected":false},"excerpt":{"rendered":"<p>Gaasiballoon TIROSS 400ml Sobib kasutamiseks gaasipliidiga K202 loodusliku kookoss\u00f6e s\u00fc\u00fctamiseks vesipiibu jaoks. Kas teil on k\u00fcsimusi? V\u00f5tke meiega \u00fchendust kontaktide lehel v\u00f5i kirjutage meile oma Facebooki kontol ja vastame teie p\u00e4ringule samal p\u00e4eval.<\/p>","protected":false},"featured_media":4972,"comment_status":"open","ping_status":"closed","template":"","meta":[],"_links":{"self":[{"href":"https:\/\/hookahshop.lt\/et\/wp-json\/wp\/v2\/product\/4971"}],"collection":[{"href":"https:\/\/hookahshop.lt\/et\/wp-json\/wp\/v2\/product"}],"about":[{"href":"https:\/\/hookahshop.lt\/et\/wp-json\/wp\/v2\/types\/product"}],"replies":[{"embeddable":true,"href":"https:\/\/hookahshop.lt\/et\/wp-json\/wp\/v2\/comments?post=4971"}],"version-history":[{"count":7,"href":"https:\/\/hookahshop.lt\/et\/wp-json\/wp\/v2\/product\/4971\/revisions"}],"predecessor-version":[{"id":18332,"href":"https:\/\/hookahshop.lt\/et\/wp-json\/wp\/v2\/product\/4971\/revisions\/18332"}],"wp:featuredmedia":[{"embeddable":true,"href":"https:\/\/hookahshop.lt\/et\/wp-json\/wp\/v2\/media\/4972"}],"wp:attachment":[{"href":"https:\/\/hookahshop.lt\/et\/wp-json\/wp\/v2\/media?parent=4971"}],"curies":[{"name":"wp","href":"https:\/\/api.w.org\/{rel}","templated":true}]}}