{"id":6914,"date":"2020-05-12T17:37:15","date_gmt":"2020-05-12T14:37:15","guid":{"rendered":"http:\/\/hookahshop.lt\/?post_type=product&#038;p=6914"},"modified":"2026-04-06T23:28:58","modified_gmt":"2026-04-06T20:28:58","slug":"karscio-kamera-su-dezute","status":"publish","type":"product","link":"https:\/\/hookahshop.lt\/et\/toode\/soojuskamber-kastiga\/","title":{"rendered":"Soojuskamber koos karbiga"},"content":{"rendered":"<h2>Soojuskamber koos karbiga<\/h2>\n<p>Soojuskaamera esimene versioon Kalaud replica, v\u00e4iksema mahutavusega. Mahutab 2-3 kookoss\u00fctt.<\/p>\n<p id=\"tw-target-text\" class=\"tw-data-text tw-text-large tw-ta\" dir=\"ltr\" data-placeholder=\"Vertimas\"><strong><span lang=\"lt\">Soojuskambri peamised eelised:<\/span><\/strong><\/p>\n<p><span lang=\"lt\">Korduvkasutatav;<\/span><br \/>\n<span lang=\"lt\">Fooliumi pole enam;<\/span><br \/>\n<span lang=\"lt\">Kivis\u00fcsi p\u00fcsib oma mugava kuju t\u00f5ttu paigas;<\/span><br \/>\nParandab \u00f5huringlust;<br \/>\n<span lang=\"lt\">See kuumeneb l\u00fchikese aja jooksul ja hoiab soojust stabiilsena.<\/span><\/p>\n<p>Kas teil on k\u00fcsimusi? v\u00f5ta meiega \u00fchendust\u00a0<a href=\"https:\/\/hookahshop.lt\/et\/kontaktid\/\">kontaktide leht<\/a>\u00a0v\u00f5i saatke meile e-kiri aadressil\u00a0<a href=\"https:\/\/facebook.com\/HookahShop.lt\/\" target=\"_blank\" rel=\"noopener noreferrer\">Facebooki konto<\/a>\u00a0ja vastame teie taotlusele samal p\u00e4eval.<\/p>","protected":false},"excerpt":{"rendered":"<p>Soojuskamber kastiga Kuumakambri koopia esimesest versioonist Kalaud, v\u00e4iksema mahutavusega. Mahutab 2-3 kookoss\u00fctt. Soojuskambri peamised eelised: Korduvkasutatav; Pole enam fooliumi; S\u00fcsi p\u00fcsib oma mugava kuju t\u00f5ttu paigal; Parandab \u00f5huringlust; See soojeneb l\u00fchikese ajaga ja hoiab soojust stabiilsena. Kas teil on k\u00fcsimusi? V\u00f5tke meiega \u00fchendust kontaktide lehel v\u00f5i kirjutage meile oma Facebooki kontol ja me vastame teie [\u2026]<\/p>","protected":false},"featured_media":27206,"comment_status":"open","ping_status":"closed","template":"","meta":[],"_links":{"self":[{"href":"https:\/\/hookahshop.lt\/et\/wp-json\/wp\/v2\/product\/6914"}],"collection":[{"href":"https:\/\/hookahshop.lt\/et\/wp-json\/wp\/v2\/product"}],"about":[{"href":"https:\/\/hookahshop.lt\/et\/wp-json\/wp\/v2\/types\/product"}],"replies":[{"embeddable":true,"href":"https:\/\/hookahshop.lt\/et\/wp-json\/wp\/v2\/comments?post=6914"}],"version-history":[{"count":7,"href":"https:\/\/hookahshop.lt\/et\/wp-json\/wp\/v2\/product\/6914\/revisions"}],"predecessor-version":[{"id":29571,"href":"https:\/\/hookahshop.lt\/et\/wp-json\/wp\/v2\/product\/6914\/revisions\/29571"}],"wp:featuredmedia":[{"embeddable":true,"href":"https:\/\/hookahshop.lt\/et\/wp-json\/wp\/v2\/media\/27206"}],"wp:attachment":[{"href":"https:\/\/hookahshop.lt\/et\/wp-json\/wp\/v2\/media?parent=6914"}],"curies":[{"name":"wp","href":"https:\/\/api.w.org\/{rel}","templated":true}]}}