{"id":7290,"date":"2020-05-15T15:41:19","date_gmt":"2020-05-15T12:41:19","guid":{"rendered":"http:\/\/hookahshop.lt\/?post_type=product&#038;p=7290"},"modified":"2026-04-05T23:29:21","modified_gmt":"2026-04-05T20:29:21","slug":"znyples-kaljano-anglims-hootec-tongs-s","status":"publish","type":"product","link":"https:\/\/hookahshop.lt\/et\/toode\/tangid-vesipiibu-hootec-tangid-s\/","title":{"rendered":"Tangid vesipiibu HOOTEC Tongs S"},"content":{"rendered":"<h2>Tangid vesipiibu HOOTEC Tongs S<\/h2>\n<p>Need on mugavad stiilsed karastatud terasest tangid.<\/p>\n<p>Eelised: - Stiilne disain &quot;hi tech&quot; - Mugav kuju ja optimaalne tugevus.<\/p>\n<p>Mugav suurus paljude s\u00f6ega t\u00f6\u00f6tamisel: - tangide pikkus (20 cm)<\/p>\n<p>Kas teil on k\u00fcsimusi? v\u00f5ta meiega \u00fchendust\u00a0<a href=\"https:\/\/hookahshop.lt\/et\/kontaktid\/\">kontaktide leht<\/a>\u00a0v\u00f5i saatke meile e-kiri aadressil\u00a0<a href=\"https:\/\/facebook.com\/HookahShop.lt\/\" target=\"_blank\" rel=\"noopener noreferrer\">Facebooki konto<\/a>\u00a0ja vastame teie taotlusele samal p\u00e4eval.<\/p>","protected":false},"excerpt":{"rendered":"<p>Vesipiibu s\u00fcsinikust tangid HOOTEC Tongs S Need on mugavad, stiilsed karastatud terasest tangid. EELISED: - Stiilne k\u00f5rgtehnoloogiline disain - Mugav kuju ja optimaalne tugevus. Mugav suurus, kui t\u00f6\u00f6tate suure s\u00f6ega: - Tangi pikkus (20 cm) Kas teil on k\u00fcsimusi? V\u00f5tke meiega \u00fchendust kontaktide lehel v\u00f5i kirjutage meile oma Facebooki kontol ja vastame teie p\u00e4ringule samal p\u00e4eval.<\/p>","protected":false},"featured_media":16478,"comment_status":"open","ping_status":"closed","template":"","meta":[],"_links":{"self":[{"href":"https:\/\/hookahshop.lt\/et\/wp-json\/wp\/v2\/product\/7290"}],"collection":[{"href":"https:\/\/hookahshop.lt\/et\/wp-json\/wp\/v2\/product"}],"about":[{"href":"https:\/\/hookahshop.lt\/et\/wp-json\/wp\/v2\/types\/product"}],"replies":[{"embeddable":true,"href":"https:\/\/hookahshop.lt\/et\/wp-json\/wp\/v2\/comments?post=7290"}],"version-history":[{"count":2,"href":"https:\/\/hookahshop.lt\/et\/wp-json\/wp\/v2\/product\/7290\/revisions"}],"predecessor-version":[{"id":23328,"href":"https:\/\/hookahshop.lt\/et\/wp-json\/wp\/v2\/product\/7290\/revisions\/23328"}],"wp:featuredmedia":[{"embeddable":true,"href":"https:\/\/hookahshop.lt\/et\/wp-json\/wp\/v2\/media\/16478"}],"wp:attachment":[{"href":"https:\/\/hookahshop.lt\/et\/wp-json\/wp\/v2\/media?parent=7290"}],"curies":[{"name":"wp","href":"https:\/\/api.w.org\/{rel}","templated":true}]}}