{"id":8774,"date":"2020-06-06T20:44:30","date_gmt":"2020-06-06T17:44:30","guid":{"rendered":"https:\/\/hookahshop.lt\/?post_type=product&#038;p=8774"},"modified":"2026-04-17T23:29:40","modified_gmt":"2026-04-17T20:29:40","slug":"taurele-kaljanui-solaris-mercury","status":"publish","type":"product","link":"https:\/\/hookahshop.lt\/et\/toode\/tass-vesipiip-solaris-mercury\/","title":{"rendered":"Tass vesipiibule SOLARIS Mercury"},"content":{"rendered":"<h2>Tass vesipiibule SOLARIS Mercury<\/h2>\n<p>Vormi tapja 7 auku - suure mahutavusega 10-18g umbes \u00fche tunni suitsetamiseks.<\/p>\n<p>Kas teil on k\u00fcsimusi? v\u00f5ta meiega \u00fchendust\u00a0<a href=\"https:\/\/hookahshop.lt\/et\/kontaktid\/\">kontaktide leht<\/a>\u00a0v\u00f5i saatke meile e-kiri aadressil\u00a0<a href=\"https:\/\/facebook.com\/HookahShop.lt\/\" target=\"_blank\" rel=\"noopener noreferrer\">Facebooki konto<\/a>\u00a0ja vastame teie taotlusele samal p\u00e4eval.<\/p>","protected":false},"excerpt":{"rendered":"<p>Vesipiibu tass SOLARIS Mercury Form killer 7 auku - suur mahutavus 10-18g umbes \u00fche tunni suitsetamiseks. Kas teil on k\u00fcsimusi? V\u00f5tke meiega \u00fchendust kontaktide lehel v\u00f5i kirjutage meile oma Facebooki kontol ja vastame teie p\u00e4ringule samal p\u00e4eval.<\/p>","protected":false},"featured_media":8768,"comment_status":"open","ping_status":"closed","template":"","meta":[],"_links":{"self":[{"href":"https:\/\/hookahshop.lt\/et\/wp-json\/wp\/v2\/product\/8774"}],"collection":[{"href":"https:\/\/hookahshop.lt\/et\/wp-json\/wp\/v2\/product"}],"about":[{"href":"https:\/\/hookahshop.lt\/et\/wp-json\/wp\/v2\/types\/product"}],"replies":[{"embeddable":true,"href":"https:\/\/hookahshop.lt\/et\/wp-json\/wp\/v2\/comments?post=8774"}],"version-history":[{"count":5,"href":"https:\/\/hookahshop.lt\/et\/wp-json\/wp\/v2\/product\/8774\/revisions"}],"predecessor-version":[{"id":43489,"href":"https:\/\/hookahshop.lt\/et\/wp-json\/wp\/v2\/product\/8774\/revisions\/43489"}],"wp:featuredmedia":[{"embeddable":true,"href":"https:\/\/hookahshop.lt\/et\/wp-json\/wp\/v2\/media\/8768"}],"wp:attachment":[{"href":"https:\/\/hookahshop.lt\/et\/wp-json\/wp\/v2\/media?parent=8774"}],"curies":[{"name":"wp","href":"https:\/\/api.w.org\/{rel}","templated":true}]}}