{"id":8791,"date":"2020-06-06T21:05:27","date_gmt":"2020-06-06T18:05:27","guid":{"rendered":"https:\/\/hookahshop.lt\/?post_type=product&#038;p=8791"},"modified":"2026-04-05T23:29:05","modified_gmt":"2026-04-05T20:29:05","slug":"kolba-kaljanui-daly-black","status":"publish","type":"product","link":"https:\/\/hookahshop.lt\/et\/toode\/kolb-vesipiip-daly-must\/","title":{"rendered":"Kolb vesipiibule DALY Must"},"content":{"rendered":"<h2>Kolb vesipiibule DALY Must<\/h2>\n<p>Daly Hookah Flask (\u00e4\u00e4risega) \u2013 see kolb on valmistatud kvaliteetsest paksust klaasist ja kaetud kaitsekihiga. Kolb on t\u00e4iesti must ribaga.<\/p>\n<p><strong><span title=\"\">Spetsifikatsioonid:<\/span><\/strong><br \/>\nV\u00e4rvus: must (l\u00e4bipaistva ribaga vee jaoks kolvis).<br \/>\nK\u00f5rgus: 266 mm<br \/>\nKaal: ~ 1550 g<br \/>\nV\u00e4lisl\u00e4bim\u00f5\u00f5t: 75 mm<br \/>\nSisel\u00e4bim\u00f5\u00f5t: 47 mm<br \/>\nToote materjal: klaas<\/p>\n<p>Kas teil on k\u00fcsimusi? v\u00f5ta meiega \u00fchendust\u00a0<a href=\"https:\/\/hookahshop.lt\/et\/kontaktid\/\">kontaktide leht<\/a>\u00a0v\u00f5i saatke meile e-kiri aadressil\u00a0<a href=\"https:\/\/facebook.com\/HookahShop.lt\/\" target=\"_blank\" rel=\"noopener noreferrer\">Facebooki konto<\/a>\u00a0ja vastame teie taotlusele samal p\u00e4eval.<\/p>","protected":false},"excerpt":{"rendered":"<p>Kolba kaljanui DALY Black \u201eDaly\u201c kaljano kolba (Su borteliu) &#8211; \u0161i kolba pagaminta i\u0161 auk\u0161tos kokyb\u0117s storo stiklo ir padengta apsauginiu sluoksniu. Kolba yra visi\u0161kai juoda su juostele. Specifikacijos: Spalva: juoda (su skaidria juostele, vandens matymui kolboje). Auk\u0161tis: 266 mm Svoris: ~ 1550 g I\u0161orinis skersmuo: 75 mm Vidinis skersmuo: 47 mm Gaminio med\u017eiaga: stiklas [&hellip;]<\/p>","protected":false},"featured_media":30701,"comment_status":"open","ping_status":"closed","template":"","meta":[],"_links":{"self":[{"href":"https:\/\/hookahshop.lt\/et\/wp-json\/wp\/v2\/product\/8791"}],"collection":[{"href":"https:\/\/hookahshop.lt\/et\/wp-json\/wp\/v2\/product"}],"about":[{"href":"https:\/\/hookahshop.lt\/et\/wp-json\/wp\/v2\/types\/product"}],"replies":[{"embeddable":true,"href":"https:\/\/hookahshop.lt\/et\/wp-json\/wp\/v2\/comments?post=8791"}],"version-history":[{"count":9,"href":"https:\/\/hookahshop.lt\/et\/wp-json\/wp\/v2\/product\/8791\/revisions"}],"predecessor-version":[{"id":45115,"href":"https:\/\/hookahshop.lt\/et\/wp-json\/wp\/v2\/product\/8791\/revisions\/45115"}],"wp:featuredmedia":[{"embeddable":true,"href":"https:\/\/hookahshop.lt\/et\/wp-json\/wp\/v2\/media\/30701"}],"wp:attachment":[{"href":"https:\/\/hookahshop.lt\/et\/wp-json\/wp\/v2\/media?parent=8791"}],"curies":[{"name":"wp","href":"https:\/\/api.w.org\/{rel}","templated":true}]}}