{"id":8800,"date":"2020-06-06T21:18:15","date_gmt":"2020-06-06T18:18:15","guid":{"rendered":"https:\/\/hookahshop.lt\/?post_type=product&#038;p=8800"},"modified":"2026-04-05T23:28:46","modified_gmt":"2026-04-05T20:28:46","slug":"kaljanas-bigmaks-rapier","status":"publish","type":"product","link":"https:\/\/hookahshop.lt\/et\/toode\/vesipiip-bigmaks-rapier\/","title":{"rendered":"Vesipiip BIGMAKS Rapier"},"content":{"rendered":"<h2>Vesipiip BIGMAKS Rapier<\/h2>\n<p>See on minimalistlik sari, mis on loodud vesipiibu suitsetamise nautimiseks difuusori t\u00f5mbej\u00f5uga (vesipiibu t\u00f5mbej\u00f5ud on reguleerimata). Vesipiibu s\u00fcsteem koosneb viiest klapist, mis v\u00f5imaldavad kolbi koheselt suitsust puhastada, samuti kaussi t\u00e4itmata jahutada. V\u00f5ll, koonus, huulik ja plaat on valmistatud roostevabast terasest AISI304, detailide v\u00e4ga t\u00e4pse t\u00f6\u00f6tlusega. Keermestatud montaa\u017e. Kasutatakse O-r\u00f5nga \u00fchendusi.<\/p>\n<p><strong>Varustus:<\/strong><br \/>\nKast; V\u00f5lli; Plaat koos kaubam\u00e4rgi graveeringuga; Huulik; Vooliku pistik; Pehme voolik; Tihendid (2 tk); Plastist pallid (5 tk);<\/p>\n<p><img decoding=\"async\" loading=\"lazy\" class=\"alignnone size-medium wp-image-38521\" src=\"https:\/\/hookahshop.lt\/wp-content\/uploads\/2020\/09\/stiebas-zarna-kandiklis-1-300x273.jpg\" alt=\"- hookahshop.lt\" width=\"300\" height=\"273\" srcset=\"https:\/\/hookahshop.lt\/wp-content\/uploads\/2020\/09\/stiebas-zarna-kandiklis-1-300x273.jpg 300w, https:\/\/hookahshop.lt\/wp-content\/uploads\/2020\/09\/stiebas-zarna-kandiklis-1-13x12.jpg 13w, https:\/\/hookahshop.lt\/wp-content\/uploads\/2020\/09\/stiebas-zarna-kandiklis-1-64x58.jpg 64w, https:\/\/hookahshop.lt\/wp-content\/uploads\/2020\/09\/stiebas-zarna-kandiklis-1.jpg 420w\" sizes=\"(max-width: 300px) 100vw, 300px\" title=\"\"><\/p>\n<p>Omadused:<br \/>\nVesipiibu kaal: ~ 860 gr<br \/>\nVesipiibu k\u00f5rgus: 450 mm<br \/>\nRoostevaba teras, D13 mm<br \/>\nVooliku pistiku \u00fchendus: O-r\u00f5ngas<br \/>\nHajuti: jah, reguleerimata<br \/>\nHuulik: roostevaba teras<br \/>\nHuuliku pikkus: 397 mm, D10 mm<br \/>\nK\u00fclm: pehme silikoon<br \/>\nVooliku pikkus: 1500mm<\/p>\n<p>Kas teil on k\u00fcsimusi? v\u00f5ta meiega \u00fchendust\u00a0<a href=\"https:\/\/hookahshop.lt\/et\/kontaktid\/\">kontaktide leht<\/a>\u00a0v\u00f5i saatke meile e-kiri aadressil\u00a0<a href=\"https:\/\/facebook.com\/HookahShop.lt\/\" target=\"_blank\" rel=\"noopener noreferrer\">Facebooki konto<\/a>\u00a0ja vastame teie taotlusele samal p\u00e4eval.<\/p>","protected":false},"excerpt":{"rendered":"<p>Vesipiibu BIGMAKS Rapier See on minimalistlik sari, mis on loodud vesipiibu suitsetamise nautimiseks difuusori t\u00f5mbej\u00f5uga (piibu t\u00f5mbej\u00f5ud ei ole reguleeritav). Vesipiibu s\u00fcsteem koosneb viiest ventiilist, mis v\u00f5imaldavad kolbi kohe suitsust puhastada, samuti jahutada kaussi ilma seda t\u00e4itmata. V\u00f5ll, koonus, huulik ja plaat on valmistatud roostevabast terasest AISI304, mis t\u00f6\u00f6tleb detaile suure t\u00e4psusega. Keermestatud montaa\u017e. Kasutatud [\u2026]<\/p>","protected":false},"featured_media":8801,"comment_status":"open","ping_status":"closed","template":"","meta":[],"_links":{"self":[{"href":"https:\/\/hookahshop.lt\/et\/wp-json\/wp\/v2\/product\/8800"}],"collection":[{"href":"https:\/\/hookahshop.lt\/et\/wp-json\/wp\/v2\/product"}],"about":[{"href":"https:\/\/hookahshop.lt\/et\/wp-json\/wp\/v2\/types\/product"}],"replies":[{"embeddable":true,"href":"https:\/\/hookahshop.lt\/et\/wp-json\/wp\/v2\/comments?post=8800"}],"version-history":[{"count":6,"href":"https:\/\/hookahshop.lt\/et\/wp-json\/wp\/v2\/product\/8800\/revisions"}],"predecessor-version":[{"id":34422,"href":"https:\/\/hookahshop.lt\/et\/wp-json\/wp\/v2\/product\/8800\/revisions\/34422"}],"wp:featuredmedia":[{"embeddable":true,"href":"https:\/\/hookahshop.lt\/et\/wp-json\/wp\/v2\/media\/8801"}],"wp:attachment":[{"href":"https:\/\/hookahshop.lt\/et\/wp-json\/wp\/v2\/media?parent=8800"}],"curies":[{"name":"wp","href":"https:\/\/api.w.org\/{rel}","templated":true}]}}