{"id":8822,"date":"2020-06-06T21:40:12","date_gmt":"2020-06-06T18:40:12","guid":{"rendered":"https:\/\/hookahshop.lt\/?post_type=product&#038;p=8822"},"modified":"2026-04-05T23:29:19","modified_gmt":"2026-04-05T20:29:19","slug":"taurele-kaljanui-upper-white-deep-bowl","status":"publish","type":"product","link":"https:\/\/hookahshop.lt\/et\/toode\/tass-vesipiip-ulemine-valge-sugav-kauss\/","title":{"rendered":"Tass vesipiibule UPPER White Deep Bowl"},"content":{"rendered":"<h2>Tass vesipiibule UPPER White Deep Bowl<\/h2>\n<p>Sellel on klassikaline valgest savist valmistatud kuju. Tass soojeneb \u00fcsna kiiresti ja jaotab soojuse \u00fchtlaselt. Tubaka mahutavus on umbes 15-20 grammi.<\/p>\n<p>Omadused:<\/p>\n<p>K\u00f5rgus: 81 mm<br \/>\nL\u00e4bim\u00f5\u00f5t (v\u00e4limine): 69 mm<br \/>\nL\u00e4bim\u00f5\u00f5t (sisemine): 61 mm<br \/>\nS\u00fcgavus: 20 mm<br \/>\nAva l\u00e4bim\u00f5\u00f5t: 6mm<br \/>\nAukude arv: 7 tk<br \/>\nKaal: 161 grammi<\/p>\n<p>Kas teil on k\u00fcsimusi? v\u00f5ta meiega \u00fchendust\u00a0<a href=\"https:\/\/hookahshop.lt\/et\/kontaktid\/\">kontaktide leht<\/a>\u00a0v\u00f5i saatke meile e-kiri aadressil\u00a0<a href=\"https:\/\/facebook.com\/HookahShop.lt\/\" target=\"_blank\" rel=\"noopener noreferrer\">Facebooki konto<\/a>\u00a0ja vastame teie taotlusele samal p\u00e4eval.<\/p>","protected":false},"excerpt":{"rendered":"<p>Vesipiibu UPPER White Deep Bowl See on klassikaline valgest savist valmistatud kuju. Tass soojeneb \u00fcsna kiiresti ja jaotab soojuse \u00fchtlaselt. Tubaka mahutavus on umbes 15-20 grammi. Omadused: K\u00f5rgus: 81 mm L\u00e4bim\u00f5\u00f5t (v\u00e4limine): 69 mm Diameeter (sisemine): 61 mm S\u00fcgavus: 20 mm Ava l\u00e4bim\u00f5\u00f5t: 6mm Aukude arv: 7 tk Kaal: 161 grammi K\u00fcsimusi? V\u00f5tke \u00fchendust [\u2026]<\/p>","protected":false},"featured_media":8823,"comment_status":"open","ping_status":"closed","template":"","meta":[],"_links":{"self":[{"href":"https:\/\/hookahshop.lt\/et\/wp-json\/wp\/v2\/product\/8822"}],"collection":[{"href":"https:\/\/hookahshop.lt\/et\/wp-json\/wp\/v2\/product"}],"about":[{"href":"https:\/\/hookahshop.lt\/et\/wp-json\/wp\/v2\/types\/product"}],"replies":[{"embeddable":true,"href":"https:\/\/hookahshop.lt\/et\/wp-json\/wp\/v2\/comments?post=8822"}],"version-history":[{"count":3,"href":"https:\/\/hookahshop.lt\/et\/wp-json\/wp\/v2\/product\/8822\/revisions"}],"predecessor-version":[{"id":39822,"href":"https:\/\/hookahshop.lt\/et\/wp-json\/wp\/v2\/product\/8822\/revisions\/39822"}],"wp:featuredmedia":[{"embeddable":true,"href":"https:\/\/hookahshop.lt\/et\/wp-json\/wp\/v2\/media\/8823"}],"wp:attachment":[{"href":"https:\/\/hookahshop.lt\/et\/wp-json\/wp\/v2\/media?parent=8822"}],"curies":[{"name":"wp","href":"https:\/\/api.w.org\/{rel}","templated":true}]}}