{"id":8831,"date":"2020-06-06T21:56:59","date_gmt":"2020-06-06T18:56:59","guid":{"rendered":"https:\/\/hookahshop.lt\/?post_type=product&#038;p=8831"},"modified":"2026-04-06T23:29:05","modified_gmt":"2026-04-06T20:29:05","slug":"savaime-uzsidegancios-kaljano-anglys-carbopol-crown-40mm-10vnt","status":"publish","type":"product","link":"https:\/\/hookahshop.lt\/et\/toode\/Isesuttiv-vesipiibucarbopol-crown-40mm-10tk\/","title":{"rendered":"Ises\u00fcttiv vesipiibus\u00fcsi CARBOPOL Crown 40mm 10tk"},"content":{"rendered":"<h2>Ises\u00fcttiv vesipiibus\u00fcsi CARBOPOL Crown 40mm 10tk<\/h2>\n<p>Uus kuju, mis v\u00f5imaldab \u00f5hul h\u00f5lpsalt tsirkuleerida<br \/>\nSobib k\u00f5ikidele tassidele<br \/>\nEi oma v\u00f5\u00f5rast l\u00f5hna<br \/>\n1 rulli hind (10 tabletti)<br \/>\n40 mm l\u00e4bim\u00f5\u00f5duga<br \/>\nP\u00f5leb kella 13 -ni.<\/p>\n<p>Kas teil on k\u00fcsimusi? v\u00f5ta meiega \u00fchendust\u00a0<a href=\"https:\/\/hookahshop.lt\/et\/kontaktid\/\">kontaktide leht<\/a>\u00a0v\u00f5i saatke meile e-kiri aadressil\u00a0<a href=\"https:\/\/facebook.com\/HookahShop.lt\/\" target=\"_blank\" rel=\"noopener noreferrer\">Facebooki konto<\/a>\u00a0ja vastame teie taotlusele samal p\u00e4eval.<\/p>","protected":false},"excerpt":{"rendered":"<p>Ises\u00fcttiv vesipiibu s\u00fcsi CARBOPOL Crown 40mm 10tk Uus kuju, mis v\u00f5imaldab kerget \u00f5huringlust, Sobib k\u00f5ikidele tassidele K\u00f5rvalise l\u00f5hna puudumine Rulli hind (10tk tabletti) 40mm l\u00e4bim\u00f5\u00f5t P\u00f5leb kuni 1 tund. Kas teil on k\u00fcsimusi? V\u00f5tke meiega \u00fchendust kontaktide lehel v\u00f5i kirjutage meile oma Facebooki kontol ja vastame teie p\u00e4ringule samal p\u00e4eval.<\/p>","protected":false},"featured_media":8832,"comment_status":"open","ping_status":"closed","template":"","meta":[],"_links":{"self":[{"href":"https:\/\/hookahshop.lt\/et\/wp-json\/wp\/v2\/product\/8831"}],"collection":[{"href":"https:\/\/hookahshop.lt\/et\/wp-json\/wp\/v2\/product"}],"about":[{"href":"https:\/\/hookahshop.lt\/et\/wp-json\/wp\/v2\/types\/product"}],"replies":[{"embeddable":true,"href":"https:\/\/hookahshop.lt\/et\/wp-json\/wp\/v2\/comments?post=8831"}],"version-history":[{"count":4,"href":"https:\/\/hookahshop.lt\/et\/wp-json\/wp\/v2\/product\/8831\/revisions"}],"predecessor-version":[{"id":24335,"href":"https:\/\/hookahshop.lt\/et\/wp-json\/wp\/v2\/product\/8831\/revisions\/24335"}],"wp:featuredmedia":[{"embeddable":true,"href":"https:\/\/hookahshop.lt\/et\/wp-json\/wp\/v2\/media\/8832"}],"wp:attachment":[{"href":"https:\/\/hookahshop.lt\/et\/wp-json\/wp\/v2\/media?parent=8831"}],"curies":[{"name":"wp","href":"https:\/\/api.w.org\/{rel}","templated":true}]}}