{"id":8840,"date":"2020-06-06T22:11:44","date_gmt":"2020-06-06T19:11:44","guid":{"rendered":"https:\/\/hookahshop.lt\/?post_type=product&#038;p=8840"},"modified":"2026-04-06T23:29:14","modified_gmt":"2026-04-06T20:29:14","slug":"taurele-kaljanui-smokelab-malachit-evil","status":"publish","type":"product","link":"https:\/\/hookahshop.lt\/et\/toode\/tass-vesipiip-smokelab-malachit-evil\/","title":{"rendered":"Tass vesipiibule SMOKELAB Malachit Evil"},"content":{"rendered":"<h2>Tass vesipiibule SMOKELAB Malachit Evil<\/h2>\n<p>Punasest savist valmistatud tass kaitsekattega, mis v\u00f5imaldab tassil siirupit mitte imada.<\/p>\n<p>Paksud seinad v\u00f5imaldavad tassil sujuvalt ja \u00fchtlaselt soojeneda.<\/p>\n<p>Omadused:<br \/>\nK\u00f5rgus: 97 mm<br \/>\nL\u00e4bim\u00f5\u00f5t (v\u00e4limine): 70 mm<br \/>\nL\u00e4bim\u00f5\u00f5t (sisemine): 55 mm<br \/>\nS\u00fcgavus: 18 mm<br \/>\nAva l\u00e4bim\u00f5\u00f5t: 7 mm<br \/>\nAukude arv: 5 tk<br \/>\nKaal: 223 grammi<\/p>\n<p>Kas teil on k\u00fcsimusi? v\u00f5ta meiega \u00fchendust\u00a0<a href=\"https:\/\/hookahshop.lt\/et\/kontaktid\/\">kontaktide leht<\/a>\u00a0v\u00f5i saatke meile e-kiri aadressil\u00a0<a href=\"https:\/\/facebook.com\/HookahShop.lt\/\" target=\"_blank\" rel=\"noopener noreferrer\">Facebooki konto<\/a>\u00a0ja vastame teie taotlusele samal p\u00e4eval.<\/p>","protected":false},"excerpt":{"rendered":"<p>Tass vesipiibu jaoks SMOKELAB Malachit Evil Cup on valmistatud punasest savist kaitsekattega, mis v\u00f5imaldab tassil siirupit mitte imada. Paksud seinad v\u00f5imaldavad tassil sujuvalt ja \u00fchtlaselt soojeneda. Omadused: K\u00f5rgus: 97 mm L\u00e4bim\u00f5\u00f5t (v\u00e4limine): 70 mm Diameeter (sisemine): 55 mm S\u00fcgavus: 18 mm Ava l\u00e4bim\u00f5\u00f5t: 7 mm Aukude arv: 5 tk Kaal: 223 grammi K\u00fcsimused? V\u00f5tke \u00fchendust [\u2026]<\/p>","protected":false},"featured_media":8841,"comment_status":"open","ping_status":"closed","template":"","meta":[],"_links":{"self":[{"href":"https:\/\/hookahshop.lt\/et\/wp-json\/wp\/v2\/product\/8840"}],"collection":[{"href":"https:\/\/hookahshop.lt\/et\/wp-json\/wp\/v2\/product"}],"about":[{"href":"https:\/\/hookahshop.lt\/et\/wp-json\/wp\/v2\/types\/product"}],"replies":[{"embeddable":true,"href":"https:\/\/hookahshop.lt\/et\/wp-json\/wp\/v2\/comments?post=8840"}],"version-history":[{"count":5,"href":"https:\/\/hookahshop.lt\/et\/wp-json\/wp\/v2\/product\/8840\/revisions"}],"predecessor-version":[{"id":29558,"href":"https:\/\/hookahshop.lt\/et\/wp-json\/wp\/v2\/product\/8840\/revisions\/29558"}],"wp:featuredmedia":[{"embeddable":true,"href":"https:\/\/hookahshop.lt\/et\/wp-json\/wp\/v2\/media\/8841"}],"wp:attachment":[{"href":"https:\/\/hookahshop.lt\/et\/wp-json\/wp\/v2\/media?parent=8840"}],"curies":[{"name":"wp","href":"https:\/\/api.w.org\/{rel}","templated":true}]}}