{"id":8852,"date":"2020-06-06T22:21:40","date_gmt":"2020-06-06T19:21:40","guid":{"rendered":"https:\/\/hookahshop.lt\/?post_type=product&#038;p=8852"},"modified":"2026-04-05T23:29:18","modified_gmt":"2026-04-05T20:29:18","slug":"taurele-kaljanui-solaris-saturn-glazuruota","status":"publish","type":"product","link":"https:\/\/hookahshop.lt\/et\/toode\/tass-vesipiip-solaris-saturn-klaasitud\/","title":{"rendered":"Tass vesipiibule SOLARIS Saturnile"},"content":{"rendered":"<h2>Tass vesipiibule SOLARIS Saturnile<\/h2>\n<p>Vormi tapja 7 auku, glasuuritud - suur mahutavus 15-20g umbes \u00fche tunni suitsutamiseks.<\/p>\n<p>Kas teil on k\u00fcsimusi? v\u00f5ta meiega \u00fchendust\u00a0<a href=\"https:\/\/hookahshop.lt\/et\/kontaktid\/\">kontaktide leht<\/a>\u00a0v\u00f5i saatke meile e-kiri aadressil\u00a0<a href=\"https:\/\/facebook.com\/HookahShop.lt\/\" target=\"_blank\" rel=\"noopener noreferrer\">Facebooki konto<\/a>\u00a0ja vastame teie taotlusele samal p\u00e4eval.<\/p>","protected":false},"excerpt":{"rendered":"<p>Tass vesipiibu jaoks SOLARIS Saturn Form killer 7 auguga, klaasitud - suur mahutavus 15-20g umbes \u00fchetunniseks suitsetamiseks. Kas teil on k\u00fcsimusi? V\u00f5tke meiega \u00fchendust kontaktide lehel v\u00f5i kirjutage meile oma Facebooki kontol ja vastame teie p\u00e4ringule samal p\u00e4eval.<\/p>","protected":false},"featured_media":8853,"comment_status":"open","ping_status":"closed","template":"","meta":[],"_links":{"self":[{"href":"https:\/\/hookahshop.lt\/et\/wp-json\/wp\/v2\/product\/8852"}],"collection":[{"href":"https:\/\/hookahshop.lt\/et\/wp-json\/wp\/v2\/product"}],"about":[{"href":"https:\/\/hookahshop.lt\/et\/wp-json\/wp\/v2\/types\/product"}],"replies":[{"embeddable":true,"href":"https:\/\/hookahshop.lt\/et\/wp-json\/wp\/v2\/comments?post=8852"}],"version-history":[{"count":3,"href":"https:\/\/hookahshop.lt\/et\/wp-json\/wp\/v2\/product\/8852\/revisions"}],"predecessor-version":[{"id":29563,"href":"https:\/\/hookahshop.lt\/et\/wp-json\/wp\/v2\/product\/8852\/revisions\/29563"}],"wp:featuredmedia":[{"embeddable":true,"href":"https:\/\/hookahshop.lt\/et\/wp-json\/wp\/v2\/media\/8853"}],"wp:attachment":[{"href":"https:\/\/hookahshop.lt\/et\/wp-json\/wp\/v2\/media?parent=8852"}],"curies":[{"name":"wp","href":"https:\/\/api.w.org\/{rel}","templated":true}]}}