{"id":9072,"date":"2020-06-11T21:52:43","date_gmt":"2020-06-11T18:52:43","guid":{"rendered":"https:\/\/hookahshop.lt\/?post_type=product&#038;p=9072"},"modified":"2026-04-05T23:29:21","modified_gmt":"2026-04-05T20:29:21","slug":"znyples-kaljano-anglims-blade-hookah-replika","status":"publish","type":"product","link":"https:\/\/hookahshop.lt\/et\/toode\/tangid-vesipiibu-blade-hookah-replica\/","title":{"rendered":"Tangid vesipiibu BLADE HOOKAH Replica"},"content":{"rendered":"<h2>Tangid vesipiibu BLADE HOOKAH Replica<\/h2>\n<p>Blade Hookah Tangid on valmistatud ainult roostevabast terasest, v\u00e4ga mugavad.<\/p>\n<p>Kas teil on k\u00fcsimusi? v\u00f5ta meiega \u00fchendust\u00a0<a href=\"https:\/\/hookahshop.lt\/et\/kontaktid\/\">kontaktide leht<\/a>\u00a0v\u00f5i saatke meile e-kiri aadressil\u00a0<a href=\"https:\/\/facebook.com\/HookahShop.lt\/\" target=\"_blank\" rel=\"noopener noreferrer\">Facebooki konto<\/a>\u00a0ja vastame teie taotlusele samal p\u00e4eval.<\/p>","protected":false},"excerpt":{"rendered":"<p>Vesipiibu s\u00f6etangid BLADE HOOKAH Replica Blade Vesipiibu tangid on valmistatud ainult roostevabast terasest, v\u00e4ga mugavad. Kas teil on k\u00fcsimusi? V\u00f5tke meiega \u00fchendust kontaktide lehel v\u00f5i kirjutage meile oma Facebooki kontol ja vastame teie p\u00e4ringule samal p\u00e4eval.<\/p>","protected":false},"featured_media":30764,"comment_status":"open","ping_status":"closed","template":"","meta":[],"_links":{"self":[{"href":"https:\/\/hookahshop.lt\/et\/wp-json\/wp\/v2\/product\/9072"}],"collection":[{"href":"https:\/\/hookahshop.lt\/et\/wp-json\/wp\/v2\/product"}],"about":[{"href":"https:\/\/hookahshop.lt\/et\/wp-json\/wp\/v2\/types\/product"}],"replies":[{"embeddable":true,"href":"https:\/\/hookahshop.lt\/et\/wp-json\/wp\/v2\/comments?post=9072"}],"version-history":[{"count":7,"href":"https:\/\/hookahshop.lt\/et\/wp-json\/wp\/v2\/product\/9072\/revisions"}],"predecessor-version":[{"id":43034,"href":"https:\/\/hookahshop.lt\/et\/wp-json\/wp\/v2\/product\/9072\/revisions\/43034"}],"wp:featuredmedia":[{"embeddable":true,"href":"https:\/\/hookahshop.lt\/et\/wp-json\/wp\/v2\/media\/30764"}],"wp:attachment":[{"href":"https:\/\/hookahshop.lt\/et\/wp-json\/wp\/v2\/media?parent=9072"}],"curies":[{"name":"wp","href":"https:\/\/api.w.org\/{rel}","templated":true}]}}