{"id":9156,"date":"2020-06-14T20:56:11","date_gmt":"2020-06-14T17:56:11","guid":{"rendered":"https:\/\/hookahshop.lt\/?post_type=product&#038;p=9156"},"modified":"2026-04-16T10:20:46","modified_gmt":"2026-04-16T07:20:46","slug":"indelis-tabakui-laikyti-100g","status":"publish","type":"product","link":"https:\/\/hookahshop.lt\/et\/toode\/tubakamahuti-100g\/","title":{"rendered":"Tubakamahuti 100g"},"content":{"rendered":"<h2>100g mahutav konteiner tubaka hoidmiseks<\/h2>\n<p>Mahuti on valmistatud plastikust ning sellel on k\u00f5rge tihedus ja tihedus ning see on piisavalt suur, et mahutada tubakat v\u00f5i tubakasegu.<br \/>\nSee tubaka hoidmiseks m\u00f5eldud anum on \u00f5hku ja niiskust t\u00e4iesti l\u00e4bilaskmatu, nii et anumasse pandud tubakasegu j\u00e4\u00e4b samaks, nagu te selle panite, hoolimata sellest, kui kaua aega tagasi tubakasegu anumasse pandi.<\/p>\n<p>Kas teil on k\u00fcsimusi? v\u00f5ta meiega \u00fchendust\u00a0<a href=\"https:\/\/hookahshop.lt\/et\/kontaktid\/\">kontaktide leht<\/a>\u00a0v\u00f5i saatke meile e-kiri aadressil\u00a0<a href=\"https:\/\/facebook.com\/HookahShop.lt\/\" target=\"_blank\" rel=\"noopener noreferrer\">Facebooki konto<\/a>\u00a0ja vastame teie taotlusele samal p\u00e4eval.<\/p>","protected":false},"excerpt":{"rendered":"<p>Tubakakonteiner 100g konteiner Anum on valmistatud plastikust ning sellel on k\u00f5rge tihedus ja tihedus ning mahutavus on piisavalt suur tubaka v\u00f5i tubakasegude jaoks. See tubaka hoidmiseks m\u00f5eldud konteiner on t\u00e4ielikult \u00f5hu- ja niiskust mittel\u00e4bilaskev, nii et anumasse asetatud tubakasegu j\u00e4\u00e4b samaks, kui selle sisse panite, olenemata sellest, kui kaua tubakasegu on [\u2026]<\/p>","protected":false},"featured_media":9165,"comment_status":"open","ping_status":"closed","template":"","meta":[],"_links":{"self":[{"href":"https:\/\/hookahshop.lt\/et\/wp-json\/wp\/v2\/product\/9156"}],"collection":[{"href":"https:\/\/hookahshop.lt\/et\/wp-json\/wp\/v2\/product"}],"about":[{"href":"https:\/\/hookahshop.lt\/et\/wp-json\/wp\/v2\/types\/product"}],"replies":[{"embeddable":true,"href":"https:\/\/hookahshop.lt\/et\/wp-json\/wp\/v2\/comments?post=9156"}],"version-history":[{"count":5,"href":"https:\/\/hookahshop.lt\/et\/wp-json\/wp\/v2\/product\/9156\/revisions"}],"predecessor-version":[{"id":42937,"href":"https:\/\/hookahshop.lt\/et\/wp-json\/wp\/v2\/product\/9156\/revisions\/42937"}],"wp:featuredmedia":[{"embeddable":true,"href":"https:\/\/hookahshop.lt\/et\/wp-json\/wp\/v2\/media\/9165"}],"wp:attachment":[{"href":"https:\/\/hookahshop.lt\/et\/wp-json\/wp\/v2\/media?parent=9156"}],"curies":[{"name":"wp","href":"https:\/\/api.w.org\/{rel}","templated":true}]}}