{"id":9169,"date":"2020-06-14T21:02:11","date_gmt":"2020-06-14T18:02:11","guid":{"rendered":"https:\/\/hookahshop.lt\/?post_type=product&#038;p=9169"},"modified":"2026-04-13T16:22:45","modified_gmt":"2026-04-13T13:22:45","slug":"indelis-tabakui-laikyti-200g","status":"publish","type":"product","link":"https:\/\/hookahshop.lt\/et\/toode\/purk-tubakahoidmiseks-200g\/","title":{"rendered":"Tubakamahuti 200g"},"content":{"rendered":"<h2>Tubakamahuti 200g<\/h2>\n<p>Anumat iseloomustab k\u00f5rge tihedus ja kompaktsus ning see on piisavalt suur tubaka v\u00f5i tubakasegu mahutamiseks.<br \/>\nSee tubaka hoidmiseks m\u00f5eldud anum on \u00f5hku ja niiskust t\u00e4iesti l\u00e4bilaskmatu, nii et anumasse pandud tubakasegu j\u00e4\u00e4b samaks, nagu te selle panite, hoolimata sellest, kui kaua aega tagasi tubakasegu anumasse pandi.<\/p>\n<p>Kas teil on k\u00fcsimusi? v\u00f5ta meiega \u00fchendust\u00a0<a href=\"https:\/\/hookahshop.lt\/et\/kontaktid\/\">kontaktide leht<\/a>\u00a0v\u00f5i saatke meile e-kiri aadressil\u00a0<a href=\"https:\/\/facebook.com\/HookahShop.lt\/\" target=\"_blank\" rel=\"noopener noreferrer\">Facebooki konto<\/a>\u00a0ja vastame teie taotlusele samal p\u00e4eval.<\/p>","protected":false},"excerpt":{"rendered":"<p>Konteiner tubaka hoidmiseks 200g Anumat iseloomustab k\u00f5rge tihedus ja kompaktsus ning see on piisavalt suur tubaka v\u00f5i tubakasegude mahutamiseks. See tubaka hoidmiseks m\u00f5eldud anum on t\u00e4ielikult \u00f5hku ja niiskust mittel\u00e4bilaskev, seega j\u00e4\u00e4b anumasse asetatud tubakasegu samaks, kui selle sisse paned, olenemata sellest, kui kauaks tubakasegu anumasse asetatakse. Kas teil on k\u00fcsimusi? V\u00f5tke \u00fchendust [\u2026]<\/p>","protected":false},"featured_media":9173,"comment_status":"open","ping_status":"closed","template":"","meta":[],"_links":{"self":[{"href":"https:\/\/hookahshop.lt\/et\/wp-json\/wp\/v2\/product\/9169"}],"collection":[{"href":"https:\/\/hookahshop.lt\/et\/wp-json\/wp\/v2\/product"}],"about":[{"href":"https:\/\/hookahshop.lt\/et\/wp-json\/wp\/v2\/types\/product"}],"replies":[{"embeddable":true,"href":"https:\/\/hookahshop.lt\/et\/wp-json\/wp\/v2\/comments?post=9169"}],"version-history":[{"count":5,"href":"https:\/\/hookahshop.lt\/et\/wp-json\/wp\/v2\/product\/9169\/revisions"}],"predecessor-version":[{"id":45675,"href":"https:\/\/hookahshop.lt\/et\/wp-json\/wp\/v2\/product\/9169\/revisions\/45675"}],"wp:featuredmedia":[{"embeddable":true,"href":"https:\/\/hookahshop.lt\/et\/wp-json\/wp\/v2\/media\/9173"}],"wp:attachment":[{"href":"https:\/\/hookahshop.lt\/et\/wp-json\/wp\/v2\/media?parent=9169"}],"curies":[{"name":"wp","href":"https:\/\/api.w.org\/{rel}","templated":true}]}}