{"id":9324,"date":"2020-06-20T09:58:54","date_gmt":"2020-06-20T06:58:54","guid":{"rendered":"https:\/\/hookahshop.lt\/?post_type=product&#038;p=9324"},"modified":"2026-04-22T23:28:54","modified_gmt":"2026-04-22T20:28:54","slug":"kaljanas-alpha-hookah-x-space-x","status":"publish","type":"product","link":"https:\/\/hookahshop.lt\/et\/toode\/vesipiip-alpha-hookah-x-space-x\/","title":{"rendered":"Vesipiip ALPHA HOOKAH X Space X"},"content":{"rendered":"<h2>Vesipiip ALPHA Vesipiip X Space X<\/h2>\n<p>Vesipiibu Alpha Hookah X Space X on kameeleoni mudel, mis s\u00e4rab erinevates kosmilistes v\u00e4rvides.<\/p>\n<p>Alpha Vesipiibu mudel X, John Calliano Awards 2018 ja Hookah Club Show 2020 aasta hoor.<br \/>\nSee on kompaktne, h\u00f5lpsasti kasutatav. Vesipiibu jaoks piisavalt kerge, k\u00f5ik selle elemendid on valmistatud kvaliteetsetest kaasaegsetest materjalidest, tagades suurep\u00e4rase maitse ja vastupidavuse ka regulaarsel kasutamisel.<\/p>\n<p><strong>Omadused:<\/strong><br \/>\nVesipiibu kaal: ~ 1320 gr<br \/>\nVesipiibu k\u00f5rgus: 420 mm<br \/>\nRoostevaba teras, D13 mm<br \/>\nAnodeeritud alumiiniumist puhumisavadega tald, kaetud pulbriga<br \/>\nRoostevaba teras, D14 mm<br \/>\nPeamine materjal: Saksa pol\u00fcatsetaal<br \/>\nVooliku \u00fchendus: magnetiline<br \/>\nVuugimaterjal: pol\u00fcatsetaal<br \/>\nHajuti: eemaldatav<br \/>\nHuulik: roostevaba teras<br \/>\nHuuliku pikkus: 293 mm, D10 mm<br \/>\nVoolik: silikoon<br \/>\nVooliku pikkus: 1500mm<\/p>\n<p><strong>Varustus:<\/strong><\/p>\n<p>V\u00f5ll, plaat, voolik koos huulikuga, tihendid.<\/p>\n<p>Kas teil on k\u00fcsimusi? v\u00f5ta meiega \u00fchendust\u00a0<a href=\"https:\/\/hookahshop.lt\/et\/kontaktid\/\">kontaktide leht<\/a>\u00a0v\u00f5i saatke meile e-kiri aadressil\u00a0<a href=\"https:\/\/facebook.com\/HookahShop.lt\/\" target=\"_blank\" rel=\"noopener noreferrer\">Facebooki konto<\/a>\u00a0ja vastame teie taotlusele samal p\u00e4eval.<\/p>","protected":false},"excerpt":{"rendered":"<p>Vesipiip ALPHA Vesipiip X Space X Vesipiip Alpha Vesipiip X Space X on kameeleoni mudel, mis s\u00e4rab erinevates kosmilistes v\u00e4rvides. Alpha Hookah Model X, 2018. aasta John Calliano Awardsi ja 2020. aasta vesipiibuklubi n\u00e4ituse aasta proua. See on kompaktne, lihtne kasutada. Piisavalt kerge vesipiip, k\u00f5ik selle elemendid on valmistatud kvaliteetsetest kaasaegsetest materjalidest, mis tagavad [\u2026]<\/p>","protected":false},"featured_media":18105,"comment_status":"open","ping_status":"closed","template":"","meta":[],"_links":{"self":[{"href":"https:\/\/hookahshop.lt\/et\/wp-json\/wp\/v2\/product\/9324"}],"collection":[{"href":"https:\/\/hookahshop.lt\/et\/wp-json\/wp\/v2\/product"}],"about":[{"href":"https:\/\/hookahshop.lt\/et\/wp-json\/wp\/v2\/types\/product"}],"replies":[{"embeddable":true,"href":"https:\/\/hookahshop.lt\/et\/wp-json\/wp\/v2\/comments?post=9324"}],"version-history":[{"count":7,"href":"https:\/\/hookahshop.lt\/et\/wp-json\/wp\/v2\/product\/9324\/revisions"}],"predecessor-version":[{"id":24156,"href":"https:\/\/hookahshop.lt\/et\/wp-json\/wp\/v2\/product\/9324\/revisions\/24156"}],"wp:featuredmedia":[{"embeddable":true,"href":"https:\/\/hookahshop.lt\/et\/wp-json\/wp\/v2\/media\/18105"}],"wp:attachment":[{"href":"https:\/\/hookahshop.lt\/et\/wp-json\/wp\/v2\/media?parent=9324"}],"curies":[{"name":"wp","href":"https:\/\/api.w.org\/{rel}","templated":true}]}}