{"id":9337,"date":"2020-06-20T10:10:15","date_gmt":"2020-06-20T07:10:15","guid":{"rendered":"https:\/\/hookahshop.lt\/?post_type=product&#038;p=9337"},"modified":"2026-05-13T13:51:24","modified_gmt":"2026-05-13T10:51:24","slug":"kaljanas-first-hookah-core-joker","status":"publish","type":"product","link":"https:\/\/hookahshop.lt\/et\/toode\/vesipiip-first-hookah-core-joker\/","title":{"rendered":"Vesipiip FIRST HOOKAH Core Joker"},"content":{"rendered":"<h2>Vesipiip ESIMENE Vesipiibu tuumik Joker<\/h2>\n<p>See on esmaklassilise First Hookah segmendi mudeli eelarveversioon. Stiilne ja minimalistlik v\u00e4limus.<\/p>\n<p>Esimene Hookah Core Joker on kaunistatud Jokeri graveeringuga vesipiibul endal. V\u00f5ll on valmistatud roostevabast terasest.<\/p>\n<p>Omadused:<br \/>\nVesipiibu kaal: ~ 1300 gr<br \/>\nVesipiibu k\u00f5rgus: 500 mm<br \/>\nRoostevaba teras, D13 mm<br \/>\nRoostevaba teras, D13 mm<br \/>\nPeamine materjal: pol\u00fcatsetaal<br \/>\nVoolikupistik: Oring<br \/>\nRoostevaba teras<br \/>\nHajuti: eemaldatav<br \/>\nSuuosa: graveeritud roostevaba teras<br \/>\nHuuliku pikkus: 330 mm, D10 mm<br \/>\nVoolik: silikoon<br \/>\nVooliku pikkus: 1500mm<\/p>\n<p>Varustus:<br \/>\nV\u00f5ll, plaat, huulik, voolik, difuusor, vooliku\u00fchendus, tihendid.<\/p>\n<p>Kas teil on k\u00fcsimusi? v\u00f5ta meiega \u00fchendust\u00a0<a href=\"https:\/\/hookahshop.lt\/et\/kontaktid\/\">kontaktide leht<\/a>\u00a0v\u00f5i saatke meile e-kiri aadressil\u00a0<a href=\"https:\/\/facebook.com\/HookahShop.lt\/\" target=\"_blank\" rel=\"noopener noreferrer\">Facebooki konto<\/a>\u00a0ja vastame teie taotlusele samal p\u00e4eval.<\/p>","protected":false},"excerpt":{"rendered":"<p>Vesipiibu FIRST Hookah Core Joker See on mudeli eelarveversioon esmaklassilisest First Hookah segmendist. Stiilne ja minimalistlik v\u00e4limus. Esimene Hookah Core Joker on kaunistatud Jokeri graveeringuga vesipiibul endal. V\u00f5ll on valmistatud roostevabast terasest. Omadused: Vesipiibu kaal: ~ 1300 gr Vesipiibu k\u00f5rgus: 500 mm Roostevaba teras, D13 mm Roostevaba teras, D13 mm P\u00f5himaterjal: [\u2026]<\/p>","protected":false},"featured_media":9338,"comment_status":"open","ping_status":"closed","template":"","meta":[],"_links":{"self":[{"href":"https:\/\/hookahshop.lt\/et\/wp-json\/wp\/v2\/product\/9337"}],"collection":[{"href":"https:\/\/hookahshop.lt\/et\/wp-json\/wp\/v2\/product"}],"about":[{"href":"https:\/\/hookahshop.lt\/et\/wp-json\/wp\/v2\/types\/product"}],"replies":[{"embeddable":true,"href":"https:\/\/hookahshop.lt\/et\/wp-json\/wp\/v2\/comments?post=9337"}],"version-history":[{"count":4,"href":"https:\/\/hookahshop.lt\/et\/wp-json\/wp\/v2\/product\/9337\/revisions"}],"predecessor-version":[{"id":22904,"href":"https:\/\/hookahshop.lt\/et\/wp-json\/wp\/v2\/product\/9337\/revisions\/22904"}],"wp:featuredmedia":[{"embeddable":true,"href":"https:\/\/hookahshop.lt\/et\/wp-json\/wp\/v2\/media\/9338"}],"wp:attachment":[{"href":"https:\/\/hookahshop.lt\/et\/wp-json\/wp\/v2\/media?parent=9337"}],"curies":[{"name":"wp","href":"https:\/\/api.w.org\/{rel}","templated":true}]}}