{"id":9379,"date":"2020-06-27T15:37:43","date_gmt":"2020-06-27T12:37:43","guid":{"rendered":"https:\/\/hookahshop.lt\/?post_type=product&#038;p=9379"},"modified":"2026-04-19T23:29:27","modified_gmt":"2026-04-19T20:29:27","slug":"znyples-kaljano-anglims-blade-hookah-gold","status":"publish","type":"product","link":"https:\/\/hookahshop.lt\/et\/toode\/tangid-vesipiibu-blade-hookah-gold\/","title":{"rendered":"Tangid vesipiibu BLADE HOOKAH Kuld"},"content":{"rendered":"<h2>Tangid vesipiibu BLADE HOOKAH Kuld<\/h2>\n<p>Blade Hookah Tangid on valmistatud ainult roostevabast terasest, v\u00e4ga mugavad. Kas teil on k\u00fcsimusi?<\/p>\n<p>Kas teil on k\u00fcsimusi? v\u00f5ta meiega \u00fchendust\u00a0<a href=\"https:\/\/hookahshop.lt\/et\/kontaktid\/\">kontaktide leht<\/a>\u00a0v\u00f5i saatke meile e-kiri aadressil\u00a0<a href=\"https:\/\/facebook.com\/HookahShop.lt\/\" target=\"_blank\" rel=\"noopener noreferrer\">Facebooki konto<\/a>\u00a0ja vastame teie taotlusele samal p\u00e4eval.<\/p>","protected":false},"excerpt":{"rendered":"<p>Tangid vesipiibu s\u00f6ele BLADE HOOKAH Gold &quot;Blade Hookah&quot; Tangid on valmistatud ainult roostevabast terasest, v\u00e4ga mugavad. Kas teil on k\u00fcsimusi? Kas teil on k\u00fcsimusi? V\u00f5tke meiega \u00fchendust kontaktide lehel v\u00f5i kirjutage meile oma Facebooki kontol ja vastame teie p\u00e4ringule samal p\u00e4eval.<\/p>","protected":false},"featured_media":9380,"comment_status":"open","ping_status":"closed","template":"","meta":[],"_links":{"self":[{"href":"https:\/\/hookahshop.lt\/et\/wp-json\/wp\/v2\/product\/9379"}],"collection":[{"href":"https:\/\/hookahshop.lt\/et\/wp-json\/wp\/v2\/product"}],"about":[{"href":"https:\/\/hookahshop.lt\/et\/wp-json\/wp\/v2\/types\/product"}],"replies":[{"embeddable":true,"href":"https:\/\/hookahshop.lt\/et\/wp-json\/wp\/v2\/comments?post=9379"}],"version-history":[{"count":4,"href":"https:\/\/hookahshop.lt\/et\/wp-json\/wp\/v2\/product\/9379\/revisions"}],"predecessor-version":[{"id":38421,"href":"https:\/\/hookahshop.lt\/et\/wp-json\/wp\/v2\/product\/9379\/revisions\/38421"}],"wp:featuredmedia":[{"embeddable":true,"href":"https:\/\/hookahshop.lt\/et\/wp-json\/wp\/v2\/media\/9380"}],"wp:attachment":[{"href":"https:\/\/hookahshop.lt\/et\/wp-json\/wp\/v2\/media?parent=9379"}],"curies":[{"name":"wp","href":"https:\/\/api.w.org\/{rel}","templated":true}]}}