{"id":9495,"date":"2020-06-29T09:25:42","date_gmt":"2020-06-29T06:25:42","guid":{"rendered":"https:\/\/hookahshop.lt\/?post_type=product&#038;p=9495"},"modified":"2026-04-06T23:28:44","modified_gmt":"2026-04-06T20:28:44","slug":"kaljanas-bamboo-hookah-stem","status":"publish","type":"product","link":"https:\/\/hookahshop.lt\/et\/toode\/vesipiip-bambus-vesipiibu-vars\/","title":{"rendered":"Vesipiibu BAMBUUST Vesipiibu vars"},"content":{"rendered":"<h2>Vesipiibu BAMBUUST Vesipiibu vars<\/h2>\n<p>Sellel on minimalistlik disain, mis on valmistatud roostevabast terasest. Eelarve mudel Bamboo Hookah Stem see vesipiip ei j\u00e4ta teid \u00fcksk\u00f5ikseks.<\/p>\n<p>Varustus:<\/p>\n<p>V\u00f5lli; br\u00e4ndi graveeringuga plaat; huulik; soolestik; tihendid; <strong>Kolb on valgustatud<\/strong>.<\/p>\n<p>Omadused:<br \/>\nVesipiibu kaal: ~ 2180 gr<br \/>\nVesipiibu k\u00f5rgus kolbiga: 525 mm<br \/>\nRoostevaba teras &quot;Aisi-304&quot;, D16 mm<br \/>\nRoostevaba teras<br \/>\nRoostevaba teras, D13 mm<br \/>\nPeamine materjal: pol\u00fcatsetaal<br \/>\nVooliku\u00fchendus: sisseehitatud<br \/>\n\u00dchendusmaterjal: roostevaba teras<br \/>\nTurse: sisemine - logo kujul<br \/>\nHajuti: eemaldatav, roostevaba teras<br \/>\nHuulik: roostevaba teras<br \/>\nHuuliku pikkus: 283 mm, D10 mm<br \/>\nVoolik: silikoon<br \/>\nVooliku pikkus: 1500mm<\/p>\n<p>Kas teil on k\u00fcsimusi? v\u00f5ta meiega \u00fchendust\u00a0<a href=\"https:\/\/hookahshop.lt\/et\/kontaktid\/\">kontaktide leht<\/a>\u00a0v\u00f5i saatke meile e-kiri aadressil\u00a0<a href=\"https:\/\/facebook.com\/HookahShop.lt\/\" target=\"_blank\" rel=\"noopener noreferrer\">Facebooki konto<\/a>\u00a0ja vastame teie taotlusele samal p\u00e4eval.<\/p>","protected":false},"excerpt":{"rendered":"<p>Vesipiibu BAMBOO Vesipiibu vars Sellel on minimalistlik disain, valmistatud roostevabast terasest. Eelarve mudel Bamboo Hookah Stem, see vesipiip ei j\u00e4ta teid \u00fcksk\u00f5ikseks. T\u00e4ielik komplekt: v\u00f5ll; kaubam\u00e4rgiga graveeringuga plaat; huulik; voolik; vahet\u00fckid; FLASK on l\u00e4bivalgustatud. Omadused: Vesipiibu kaal: ~ 2180 gr Vesipiibu k\u00f5rgus koos kolbiga: 525 mm Roostevaba teras &quot;Aisi-304&quot;, D16 mm Roostevaba teras Roostevaba teras, D13 mm P\u00f5hi [\u2026]<\/p>","protected":false},"featured_media":9496,"comment_status":"open","ping_status":"closed","template":"","meta":[],"_links":{"self":[{"href":"https:\/\/hookahshop.lt\/et\/wp-json\/wp\/v2\/product\/9495"}],"collection":[{"href":"https:\/\/hookahshop.lt\/et\/wp-json\/wp\/v2\/product"}],"about":[{"href":"https:\/\/hookahshop.lt\/et\/wp-json\/wp\/v2\/types\/product"}],"replies":[{"embeddable":true,"href":"https:\/\/hookahshop.lt\/et\/wp-json\/wp\/v2\/comments?post=9495"}],"version-history":[{"count":3,"href":"https:\/\/hookahshop.lt\/et\/wp-json\/wp\/v2\/product\/9495\/revisions"}],"predecessor-version":[{"id":27897,"href":"https:\/\/hookahshop.lt\/et\/wp-json\/wp\/v2\/product\/9495\/revisions\/27897"}],"wp:featuredmedia":[{"embeddable":true,"href":"https:\/\/hookahshop.lt\/et\/wp-json\/wp\/v2\/media\/9496"}],"wp:attachment":[{"href":"https:\/\/hookahshop.lt\/et\/wp-json\/wp\/v2\/media?parent=9495"}],"curies":[{"name":"wp","href":"https:\/\/api.w.org\/{rel}","templated":true}]}}