{"id":9544,"date":"2020-06-29T16:04:22","date_gmt":"2020-06-29T13:04:22","guid":{"rendered":"https:\/\/hookahshop.lt\/?post_type=product&#038;p=9544"},"modified":"2026-04-06T23:29:17","modified_gmt":"2026-04-06T20:29:17","slug":"zarna-silikonine-blade-hookah-black","status":"publish","type":"product","link":"https:\/\/hookahshop.lt\/et\/toode\/silikoonvoolik-blade-hookah-black\/","title":{"rendered":"Silikoonvoolik BLADE HOOKAH Must"},"content":{"rendered":"<h2>Silikoonvoolik BLADE HOOKAH Must<\/h2>\n<p>Voolik on valmistatud meditsiinilisest silikoonist antistaatilise kattega &quot;Soft-Touch&quot; ja sellel pole v\u00f5\u00f5rast l\u00f5hna. Nende omadustega j\u00e4\u00e4b BLADE Vesipiibu voolik paindlikuks.<br \/>\nSpetsifikatsioonid:<br \/>\nPikkus: 1,60m<br \/>\nV\u00e4lisl\u00e4bim\u00f5\u00f5t: 18 mm<br \/>\nVooliku sisel\u00e4bim\u00f5\u00f5t: 11 mm<br \/>\nKaetud: pehme pehme puudutusega<br \/>\nKaal: umbes 270 g.<\/p>\n<p>Kas teil on k\u00fcsimusi? v\u00f5ta meiega \u00fchendust\u00a0<a href=\"https:\/\/hookahshop.lt\/et\/kontaktid\/\">kontaktide leht<\/a>\u00a0v\u00f5i saatke meile e-kiri aadressil\u00a0<a href=\"https:\/\/facebook.com\/HookahShop.lt\/\" target=\"_blank\" rel=\"noopener noreferrer\">Facebooki konto<\/a>\u00a0ja vastame teie taotlusele samal p\u00e4eval.<\/p>","protected":false},"excerpt":{"rendered":"<p>Silikoonvoolik BLADE HOOKAH Must Voolik on valmistatud meditsiinilisest silikoonist antistaatilise kattega &quot;Soft-Touch&quot; ja sellel ei ole v\u00f5\u00f5rl\u00f5hna. Nende omadustega j\u00e4\u00e4b BLADE Vesipiibu voolik paindlikuks. Tehnilised andmed: Pikkus: 1,60 m V\u00e4lisl\u00e4bim\u00f5\u00f5t: 18mm Sisemine vooliku l\u00e4bim\u00f5\u00f5t: 11 mm Kaetud: pehme pehme puudutus Kaal: ca 270 g. Kas teil on k\u00fcsimusi? V\u00f5tke meiega \u00fchendust kontaktide lehel v\u00f5i kirjutage meile oma Facebooki kontol ja [\u2026]<\/p>","protected":false},"featured_media":9556,"comment_status":"open","ping_status":"closed","template":"","meta":[],"_links":{"self":[{"href":"https:\/\/hookahshop.lt\/et\/wp-json\/wp\/v2\/product\/9544"}],"collection":[{"href":"https:\/\/hookahshop.lt\/et\/wp-json\/wp\/v2\/product"}],"about":[{"href":"https:\/\/hookahshop.lt\/et\/wp-json\/wp\/v2\/types\/product"}],"replies":[{"embeddable":true,"href":"https:\/\/hookahshop.lt\/et\/wp-json\/wp\/v2\/comments?post=9544"}],"version-history":[{"count":4,"href":"https:\/\/hookahshop.lt\/et\/wp-json\/wp\/v2\/product\/9544\/revisions"}],"predecessor-version":[{"id":24967,"href":"https:\/\/hookahshop.lt\/et\/wp-json\/wp\/v2\/product\/9544\/revisions\/24967"}],"wp:featuredmedia":[{"embeddable":true,"href":"https:\/\/hookahshop.lt\/et\/wp-json\/wp\/v2\/media\/9556"}],"wp:attachment":[{"href":"https:\/\/hookahshop.lt\/et\/wp-json\/wp\/v2\/media?parent=9544"}],"curies":[{"name":"wp","href":"https:\/\/api.w.org\/{rel}","templated":true}]}}