{"id":9640,"date":"2020-07-02T15:07:22","date_gmt":"2020-07-02T12:07:22","guid":{"rendered":"https:\/\/hookahshop.lt\/?post_type=product&#038;p=9640"},"modified":"2026-04-17T16:33:25","modified_gmt":"2026-04-17T13:33:25","slug":"taurele-kaljanui-solaris-styx-bowl","status":"publish","type":"product","link":"https:\/\/hookahshop.lt\/et\/toode\/tass-vesipiip-solaris-styx-bowl\/","title":{"rendered":"Tass vesipiibule SOLARIS Styx"},"content":{"rendered":"<h2>Tass vesipiibule SOLARIS Styx<\/h2>\n<p>Seest ja v\u00e4ljast on klaasitud.<\/p>\n<p>Koguk\u00f5rgus - 77mm<br \/>\nT\u00f6\u00f6osa s\u00fcgavus - 18mm<br \/>\nT\u00f6\u00f6osa l\u00e4bim\u00f5\u00f5t - 56mm<\/p>\n<p>Kas teil on k\u00fcsimusi? v\u00f5ta meiega \u00fchendust\u00a0<a href=\"https:\/\/hookahshop.lt\/et\/kontaktid\/\">kontaktide leht<\/a>\u00a0v\u00f5i saatke meile e-kiri aadressil\u00a0<a href=\"https:\/\/facebook.com\/HookahShop.lt\/\" target=\"_blank\" rel=\"noopener noreferrer\">Facebooki konto<\/a>\u00a0ja vastame teie taotlusele samal p\u00e4eval.<\/p>","protected":false},"excerpt":{"rendered":"<p>Vesipiibu tass SOLARIS Styx Seest ja v\u00e4ljast on klaasitud. \u00dcldk\u00f5rgus - 77mm T\u00f6\u00f6s\u00fcgavus - 18mm T\u00f6\u00f6l\u00e4bim\u00f5\u00f5t - 56mm Kas teil on k\u00fcsimusi? V\u00f5tke meiega \u00fchendust kontaktide lehel v\u00f5i kirjutage meile oma Facebooki kontol ja vastame teie p\u00e4ringule samal p\u00e4eval.<\/p>","protected":false},"featured_media":12369,"comment_status":"open","ping_status":"closed","template":"","meta":[],"_links":{"self":[{"href":"https:\/\/hookahshop.lt\/et\/wp-json\/wp\/v2\/product\/9640"}],"collection":[{"href":"https:\/\/hookahshop.lt\/et\/wp-json\/wp\/v2\/product"}],"about":[{"href":"https:\/\/hookahshop.lt\/et\/wp-json\/wp\/v2\/types\/product"}],"replies":[{"embeddable":true,"href":"https:\/\/hookahshop.lt\/et\/wp-json\/wp\/v2\/comments?post=9640"}],"version-history":[{"count":5,"href":"https:\/\/hookahshop.lt\/et\/wp-json\/wp\/v2\/product\/9640\/revisions"}],"predecessor-version":[{"id":38436,"href":"https:\/\/hookahshop.lt\/et\/wp-json\/wp\/v2\/product\/9640\/revisions\/38436"}],"wp:featuredmedia":[{"embeddable":true,"href":"https:\/\/hookahshop.lt\/et\/wp-json\/wp\/v2\/media\/12369"}],"wp:attachment":[{"href":"https:\/\/hookahshop.lt\/et\/wp-json\/wp\/v2\/media?parent=9640"}],"curies":[{"name":"wp","href":"https:\/\/api.w.org\/{rel}","templated":true}]}}