{"id":9679,"date":"2020-07-02T15:46:09","date_gmt":"2020-07-02T12:46:09","guid":{"rendered":"https:\/\/hookahshop.lt\/?post_type=product&#038;p=9679"},"modified":"2026-04-24T23:28:43","modified_gmt":"2026-04-24T20:28:43","slug":"kaljanas-aladin-alux-m1-blue-46cm","status":"publish","type":"product","link":"https:\/\/hookahshop.lt\/et\/toode\/vesipiip-aladin-alux-m1-blue-46cm\/","title":{"rendered":"Vesipiip ALADIN Alux M1 Sinine"},"content":{"rendered":"<h2>KALJANAS ALADIN ALUX M1 SININE 46CM<\/h2>\n<p>Kombineeritud versioon: veega kokkupuutuva v\u00f5lli \/ masti alumine osa on valmistatud roostevabast terasest, \u00fclej\u00e4\u00e4nud vesipiibu osad on valmistatud alumiiniumist.<\/p>\n<p>Standardkomplektis on tangid, &quot;pehme&quot; silikoonvoolik otsikutega, tass ja &quot;topsi p\u00f5leti&quot;, reguleeritav hajuti.<\/p>\n<p>Kas teil on k\u00fcsimusi? v\u00f5ta meiega \u00fchendust\u00a0<a href=\"https:\/\/hookahshop.lt\/et\/kontaktid\/\">kontaktide leht<\/a>\u00a0v\u00f5i saatke meile e-kiri aadressil\u00a0<a href=\"https:\/\/facebook.com\/HookahShop.lt\/\" target=\"_blank\" rel=\"noopener noreferrer\">Facebooki konto<\/a>\u00a0ja vastame teie taotlusele samal p\u00e4eval.<\/p>","protected":false},"excerpt":{"rendered":"<p>Vesipiibu ALADIN ALUX M1 BLUE 46CM Kombineeritud versioon: veega kokkupuutuv varre\/varre alumine osa on roostevaba teras, teised vesipiibu osad on alumiiniumist. Standardkomplektis on tangid, &quot;pehme&quot; silikoonvoolik otsikutega, tass ja &quot;topsi p\u00f5leti&quot;, reguleeritav hajuti. Kas teil on k\u00fcsimusi? V\u00f5tke meiega \u00fchendust kontaktide lehel v\u00f5i kirjutage meile meie Facebooki kontol ja me vastame teie p\u00e4ringule [\u2026]<\/p>","protected":false},"featured_media":9692,"comment_status":"open","ping_status":"closed","template":"","meta":[],"_links":{"self":[{"href":"https:\/\/hookahshop.lt\/et\/wp-json\/wp\/v2\/product\/9679"}],"collection":[{"href":"https:\/\/hookahshop.lt\/et\/wp-json\/wp\/v2\/product"}],"about":[{"href":"https:\/\/hookahshop.lt\/et\/wp-json\/wp\/v2\/types\/product"}],"replies":[{"embeddable":true,"href":"https:\/\/hookahshop.lt\/et\/wp-json\/wp\/v2\/comments?post=9679"}],"version-history":[{"count":3,"href":"https:\/\/hookahshop.lt\/et\/wp-json\/wp\/v2\/product\/9679\/revisions"}],"predecessor-version":[{"id":22843,"href":"https:\/\/hookahshop.lt\/et\/wp-json\/wp\/v2\/product\/9679\/revisions\/22843"}],"wp:featuredmedia":[{"embeddable":true,"href":"https:\/\/hookahshop.lt\/et\/wp-json\/wp\/v2\/media\/9692"}],"wp:attachment":[{"href":"https:\/\/hookahshop.lt\/et\/wp-json\/wp\/v2\/media?parent=9679"}],"curies":[{"name":"wp","href":"https:\/\/api.w.org\/{rel}","templated":true}]}}