{"id":9695,"date":"2020-07-02T16:02:56","date_gmt":"2020-07-02T13:02:56","guid":{"rendered":"https:\/\/hookahshop.lt\/?post_type=product&#038;p=9695"},"modified":"2026-04-20T23:28:49","modified_gmt":"2026-04-20T20:28:49","slug":"kaljanas-aladin-alux-m1-black-46cm","status":"publish","type":"product","link":"https:\/\/hookahshop.lt\/et\/toode\/vesipiip-aladin-alux-m1-must-46cm\/","title":{"rendered":"Vesipiip ALADIN Alux M1 must"},"content":{"rendered":"<h2>Vesipiip ALADIN Alux M1 Must 46cm<\/h2>\n<p>Kombineeritud versioon: veega kokkupuutuva v\u00f5lli \/ masti alumine osa on valmistatud roostevabast terasest, \u00fclej\u00e4\u00e4nud vesipiibu osad on valmistatud alumiiniumist.<\/p>\n<p>Standardkomplektis on tangid, &quot;pehme&quot; d\u00fc\u00fcsidega silikoonvoolik, tass ja &quot;tassi korsten&quot;, reguleeritav hajuti.<\/p>\n<p>Kas teil on k\u00fcsimusi? v\u00f5ta meiega \u00fchendust\u00a0<a href=\"https:\/\/hookahshop.lt\/et\/kontaktid\/\">kontaktide leht<\/a>\u00a0v\u00f5i saatke meile e-kiri aadressil\u00a0<a href=\"https:\/\/facebook.com\/HookahShop.lt\/\" target=\"_blank\" rel=\"noopener noreferrer\">Facebooki konto<\/a>\u00a0ja vastame teie taotlusele samal p\u00e4eval.<\/p>","protected":false},"excerpt":{"rendered":"<p>Vesipiibu ALADIN Alux M1 Black 46cm Kombineeritud versioon: veega kokkupuutuv v\u00f5lli\/masti alumine osa on valmistatud roostevabast terasest, teised vesipiibu osad on alumiiniumist. Standardkomplektis on tangid, &quot;pehme&quot; silikoonvoolik otsikutega, tass, ja &quot;korsten topsile&quot;, reguleeritav hajuti. Kas teil on k\u00fcsimusi? V\u00f5tke meiega \u00fchendust kontaktide lehel v\u00f5i kirjutage meile oma Facebooki kontole ja me vastame teie p\u00e4ringule [\u2026]<\/p>","protected":false},"featured_media":9696,"comment_status":"open","ping_status":"closed","template":"","meta":[],"_links":{"self":[{"href":"https:\/\/hookahshop.lt\/et\/wp-json\/wp\/v2\/product\/9695"}],"collection":[{"href":"https:\/\/hookahshop.lt\/et\/wp-json\/wp\/v2\/product"}],"about":[{"href":"https:\/\/hookahshop.lt\/et\/wp-json\/wp\/v2\/types\/product"}],"replies":[{"embeddable":true,"href":"https:\/\/hookahshop.lt\/et\/wp-json\/wp\/v2\/comments?post=9695"}],"version-history":[{"count":5,"href":"https:\/\/hookahshop.lt\/et\/wp-json\/wp\/v2\/product\/9695\/revisions"}],"predecessor-version":[{"id":35336,"href":"https:\/\/hookahshop.lt\/et\/wp-json\/wp\/v2\/product\/9695\/revisions\/35336"}],"wp:featuredmedia":[{"embeddable":true,"href":"https:\/\/hookahshop.lt\/et\/wp-json\/wp\/v2\/media\/9696"}],"wp:attachment":[{"href":"https:\/\/hookahshop.lt\/et\/wp-json\/wp\/v2\/media?parent=9695"}],"curies":[{"name":"wp","href":"https:\/\/api.w.org\/{rel}","templated":true}]}}