{"id":9704,"date":"2020-07-02T17:01:01","date_gmt":"2020-07-02T14:01:01","guid":{"rendered":"https:\/\/hookahshop.lt\/?post_type=product&#038;p=9704"},"modified":"2026-04-06T23:28:38","modified_gmt":"2026-04-06T20:28:38","slug":"anglys-kaljanui-tomcococha-diamond-22mm-500g","status":"publish","type":"product","link":"https:\/\/hookahshop.lt\/et\/toode\/susinik-vesipiip-tomcococha-teemant-22mm-500g\/","title":{"rendered":"S\u00fcsinik vesipiibule TOMCOCOCHA Diamond 22mm 500g"},"content":{"rendered":"<h2>S\u00fcsinik vesipiibule TOMCOCOCHA Diamond 22mm 500g<\/h2>\n<p>Tai kookosp\u00e4hkli koorest valmistatud naturaalne s\u00fcsi 100%.<br \/>\nV\u00e4hem tuhka, rohkem soojust.<br \/>\n\u00dche s\u00fcsiniku m\u00f5\u00f5dud: 22x22x22mm<br \/>\nKarbis on 54 s\u00fcsinikku<br \/>\nS\u00f6e p\u00f5letamiseks vajate vesipiibu, turistide gaasipliidi vms jaoks elektrilist pliiti.<br \/>\nP\u00e4ritoluriik: Indoneesia<\/p>\n<p>Kas teil on k\u00fcsimusi? v\u00f5ta meiega \u00fchendust\u00a0<a href=\"https:\/\/hookahshop.lt\/et\/kontaktid\/\">kontaktide leht<\/a>\u00a0v\u00f5i saatke meile e-kiri aadressil\u00a0<a href=\"https:\/\/facebook.com\/HookahShop.lt\/\" target=\"_blank\" rel=\"noopener noreferrer\">Facebooki konto<\/a>\u00a0ja vastame teie taotlusele samal p\u00e4eval.<\/p>","protected":false},"excerpt":{"rendered":"<p>S\u00fcsi vesipiibu jaoks TOMCOCOCHA Diamond 22mm 500g 100% Tai kookosp\u00e4hkli koorest valmistatud naturaalne s\u00fcsi. V\u00e4hem tuhka, rohkem soojust. \u00dche s\u00f6e m\u00f5\u00f5dud: 22x22x22mm Karbis on 54 s\u00fctt. P\u00e4ritoluriik: Indoneesia Kas teil on k\u00fcsimusi? V\u00f5tke meiega \u00fchendust kontaktide lehel v\u00f5i kirjutage meile oma Facebooki kontole ja me vastame teie p\u00e4ringule [\u2026]<\/p>","protected":false},"featured_media":41021,"comment_status":"open","ping_status":"closed","template":"","meta":[],"_links":{"self":[{"href":"https:\/\/hookahshop.lt\/et\/wp-json\/wp\/v2\/product\/9704"}],"collection":[{"href":"https:\/\/hookahshop.lt\/et\/wp-json\/wp\/v2\/product"}],"about":[{"href":"https:\/\/hookahshop.lt\/et\/wp-json\/wp\/v2\/types\/product"}],"replies":[{"embeddable":true,"href":"https:\/\/hookahshop.lt\/et\/wp-json\/wp\/v2\/comments?post=9704"}],"version-history":[{"count":6,"href":"https:\/\/hookahshop.lt\/et\/wp-json\/wp\/v2\/product\/9704\/revisions"}],"predecessor-version":[{"id":45178,"href":"https:\/\/hookahshop.lt\/et\/wp-json\/wp\/v2\/product\/9704\/revisions\/45178"}],"wp:featuredmedia":[{"embeddable":true,"href":"https:\/\/hookahshop.lt\/et\/wp-json\/wp\/v2\/media\/41021"}],"wp:attachment":[{"href":"https:\/\/hookahshop.lt\/et\/wp-json\/wp\/v2\/media?parent=9704"}],"curies":[{"name":"wp","href":"https:\/\/api.w.org\/{rel}","templated":true}]}}